{"id":1893,"date":"2016-07-12T21:43:33","date_gmt":"2016-07-12T21:43:33","guid":{"rendered":"https:\/\/www.lacopertaricamata.com\/contatti\/"},"modified":"2022-09-23T13:49:48","modified_gmt":"2022-09-23T13:49:48","slug":"contacts","status":"publish","type":"page","link":"https:\/\/www.lacopertaricamata.com\/fr\/contacts\/","title":{"rendered":"Contacts"},"content":{"rendered":"<div class=\"wpb-content-wrapper\"><p>[vc_row type=\u00a0\u00bbvc_default\u00a0\u00bb content_placement=\u00a0\u00bbtop\u00a0\u00bb css=\u00a0\u00bb.vc_custom_1474233112687{padding-bottom: 45px !important;}\u00a0\u00bb][vc_column width=\u00a0\u00bb1\/3&Prime; offset=\u00a0\u00bbvc_col-lg-4 vc_col-md-4&Prime;]<div class=\"aio-icon-component  vc_custom_1661337948734   style_1\"><div id=\"Info-box-wrap-5726\" class=\"aio-icon-box left-icon\" style=\"\"  ><div class=\"aio-icon-left\"><div class=\"ult-just-icon-wrapper  \"><div class=\"align-icon\" style=\"text-align:center;\">\n<div class=\"aio-icon none \"  style=\"color:#2552b2;font-size:20px;display:inline-block;\">\n\t<i class=\"icomoon-free-social-contact-16x16-home\"><\/i>\n<\/div><\/div><\/div><\/div><div class=\"aio-ibd-block\"><div class=\"aio-icon-header\" ><h3 class=\"aio-icon-title ult-responsive\"  data-ultimate-target='#Info-box-wrap-5726 .aio-icon-title'  data-responsive-json-new='{\"font-size\":\"desktop:24px;\",\"line-height\":\"desktop:26px;\"}'  style=\"font-weight:700;color:#2552b2;\">Adresse<\/h3><\/div> <!-- header --><div class=\"aio-icon-description ult-responsive\"  data-ultimate-target='#Info-box-wrap-5726 .aio-icon-description'  data-responsive-json-new='{\"font-size\":\"\",\"line-height\":\"\"}'  style=\"\">Via Garibaldi 46, 53100 Siena<\/div> <!-- description --><\/div> <!-- aio-ibd-block --><\/div> <!-- aio-icon-box --><\/div> <!-- aio-icon-component -->[\/vc_column][vc_column width=\u00a0\u00bb1\/3&Prime; offset=\u00a0\u00bbvc_col-lg-4 vc_col-md-4&Prime;]<div class=\"aio-icon-component  vc_custom_1661337981903   style_1\"><div id=\"Info-box-wrap-7761\" class=\"aio-icon-box left-icon\" style=\"\"  ><div class=\"aio-icon-left\"><div class=\"ult-just-icon-wrapper  \"><div class=\"align-icon\" style=\"text-align:center;\">\n<div class=\"aio-icon none \"  style=\"color:#2552b2;font-size:20px;display:inline-block;\">\n\t<i class=\"icomoon-free-social-contact-16x16-phone\"><\/i>\n<\/div><\/div><\/div><\/div><div class=\"aio-ibd-block\"><div class=\"aio-icon-header\" ><h3 class=\"aio-icon-title ult-responsive\"  data-ultimate-target='#Info-box-wrap-7761 .aio-icon-title'  data-responsive-json-new='{\"font-size\":\"desktop:24px;\",\"line-height\":\"desktop:26px;\"}'  style=\"font-weight:700;color:#2552b2;\">T\u00e9l\u00e9phoner<\/h3><\/div> <!-- header --><div class=\"aio-icon-description ult-responsive\"  data-ultimate-target='#Info-box-wrap-7761 .aio-icon-description'  data-responsive-json-new='{\"font-size\":\"\",\"line-height\":\"\"}'  style=\"\"><a href=\"tel:+39057743657\">+39 0577 43657<\/a><br \/>\n<a href=\"tel:+393288085491\">+39 328 8085491<\/a><\/div> <!-- description --><\/div> <!-- aio-ibd-block --><\/div> <!-- aio-icon-box --><\/div> <!-- aio-icon-component -->[\/vc_column][vc_column width=\u00a0\u00bb1\/3&Prime; offset=\u00a0\u00bbvc_col-lg-4 vc_col-md-4&Prime;]<div class=\"aio-icon-component  vc_custom_1663940946098   style_1\"><div id=\"Info-box-wrap-2042\" class=\"aio-icon-box left-icon\" style=\"\"  ><div class=\"aio-icon-left\"><div class=\"ult-just-icon-wrapper  \"><div class=\"align-icon\" style=\"text-align:center;\">\n<div class=\"aio-icon none \"  style=\"color:#2552b2;font-size:20px;display:inline-block;\">\n\t<i class=\"icomoon-free-social-contact-16x16-clock\"><\/i>\n<\/div><\/div><\/div><\/div><div class=\"aio-ibd-block\"><div class=\"aio-icon-header\" ><h3 class=\"aio-icon-title ult-responsive\"  data-ultimate-target='#Info-box-wrap-2042 .aio-icon-title'  data-responsive-json-new='{\"font-size\":\"desktop:24px;\",\"line-height\":\"desktop:26px;\"}'  style=\"font-weight:700;color:#2552b2;\">Check-in\/out<\/h3><\/div> <!-- header --><div class=\"aio-icon-description ult-responsive\"  data-ultimate-target='#Info-box-wrap-2042 .aio-icon-description'  data-responsive-json-new='{\"font-size\":\"\",\"line-height\":\"\"}'  style=\"\">Heure d&rsquo;enregistrement: 15:00<br \/>\nHeure de d\u00e9part: 20:00<\/div> <!-- description --><\/div> <!-- aio-ibd-block --><\/div> <!-- aio-icon-box --><\/div> <!-- aio-icon-component -->[\/vc_column][\/vc_row][vc_row type=\u00a0\u00bbvc_default\u00a0\u00bb content_placement=\u00a0\u00bbtop\u00a0\u00bb css=\u00a0\u00bb.vc_custom_1474233112687{padding-bottom: 45px !important;}\u00a0\u00bb][vc_column width=\u00a0\u00bb1\/3&Prime; offset=\u00a0\u00bbvc_col-lg-4 vc_col-md-4&Prime;]<div class=\"aio-icon-component  vc_custom_1663940980769   style_1\"><div id=\"Info-box-wrap-9642\" class=\"aio-icon-box left-icon\" style=\"\"  ><div class=\"aio-icon-left\"><div class=\"ult-just-icon-wrapper  \"><div class=\"align-icon\" style=\"text-align:center;\">\n<div class=\"aio-icon none \"  style=\"color:#2552b2;font-size:20px;display:inline-block;\">\n\t<i class=\"icomoon-free-social-contact-16x16-location\"><\/i>\n<\/div><\/div><\/div><\/div><div class=\"aio-ibd-block\"><div class=\"aio-icon-header\" ><h3 class=\"aio-icon-title ult-responsive\"  data-ultimate-target='#Info-box-wrap-9642 .aio-icon-title'  data-responsive-json-new='{\"font-size\":\"desktop:24px;\",\"line-height\":\"desktop:26px;\"}'  style=\"font-weight:700;color:#2552b2;\">Parking<\/h3><\/div> <!-- header --><div class=\"aio-icon-description ult-responsive\"  data-ultimate-target='#Info-box-wrap-9642 .aio-icon-description'  data-responsive-json-new='{\"font-size\":\"\",\"line-height\":\"\"}'  style=\"\">Un parking public et gratuit se trouve dans les rues avoisinantes<\/div> <!-- description --><\/div> <!-- aio-ibd-block --><\/div> <!-- aio-icon-box --><\/div> <!-- aio-icon-component -->[\/vc_column][vc_column width=\u00a0\u00bb1\/3&Prime; offset=\u00a0\u00bbvc_col-lg-4 vc_col-md-4&Prime;]<div class=\"aio-icon-component  vc_custom_1657217155450   style_1\"><div id=\"Info-box-wrap-1388\" class=\"aio-icon-box left-icon\" style=\"\"  ><div class=\"aio-icon-left\"><div class=\"ult-just-icon-wrapper  \"><div class=\"align-icon\" style=\"text-align:center;\">\n<div class=\"aio-icon none \"  style=\"color:#2552b2;font-size:20px;display:inline-block;\">\n\t<i class=\"icomoon-free-social-contact-16x16-envelop\"><\/i>\n<\/div><\/div><\/div><\/div><div class=\"aio-ibd-block\"><div class=\"aio-icon-header\" ><h3 class=\"aio-icon-title ult-responsive\"  data-ultimate-target='#Info-box-wrap-1388 .aio-icon-title'  data-responsive-json-new='{\"font-size\":\"desktop:24px;\",\"line-height\":\"desktop:26px;\"}'  style=\"font-weight:700;color:#2552b2;\">Email<\/h3><\/div> <!-- header --><div class=\"aio-icon-description ult-responsive\"  data-ultimate-target='#Info-box-wrap-1388 .aio-icon-description'  data-responsive-json-new='{\"font-size\":\"\",\"line-height\":\"\"}'  style=\"\"><a href=\"mailto:sugherini@libero.it\">sugherini@libero.it<\/a><\/div> <!-- description --><\/div> <!-- aio-ibd-block --><\/div> <!-- aio-icon-box --><\/div> <!-- aio-icon-component -->[\/vc_column][vc_column width=\u00a0\u00bb1\/3&Prime; offset=\u00a0\u00bbvc_col-lg-4 vc_col-md-4&Prime;][\/vc_column][\/vc_row][vc_row type=\u00a0\u00bbvc_default\u00a0\u00bb equal_height=\u00a0\u00bbyes\u00a0\u00bb bg_type=\u00a0\u00bbbg_color\u00a0\u00bb bg_override=\u00a0\u00bbex-full\u00a0\u00bb bg_color_value=\u00a0\u00bb#f4f4f4&Prime; el_id=\u00a0\u00bbmenu_section\u00a0\u00bb css=\u00a0\u00bb.vc_custom_1469436977972{padding-top: 90px !important;padding-bottom: 60px !important;}\u00a0\u00bb][vc_column css=\u00a0\u00bb.vc_custom_1469438249390{margin-right: 30px !important;margin-bottom: 30px !important;margin-left: 30px !important;padding-top: 45px !important;padding-right: 40px !important;padding-bottom: 40px !important;padding-left: 40px !important;background-color: #ffffff !important;}\u00a0\u00bb offset=\u00a0\u00bbvc_col-lg-offset-0 vc_col-lg-6 vc_col-md-offset-0 vc_col-md-6 vc_col-sm-offset-0&Prime;]<div class=\"dt-fancy-separator h3-size accent-title-color\" style=\"width: 100%;\"><div class=\"dt-fancy-title\"><span class=\"separator-holder separator-left\"><\/span>D\u00e9couvrez sur la carte<span class=\"separator-holder separator-right\"><\/span><\/div><\/div>[vc_empty_space][vc_column_text]<iframe loading=\"lazy\" style=\"border: 0;\" src=\"https:\/\/www.google.com\/maps\/embed?pb=!1m18!1m12!1m3!1d692.1180312839392!2d11.329644030617683!3d43.32462659439603!2m3!1f0!2f0!3f0!3m2!1i1024!2i768!4f13.1!3m3!1m2!1s0x132a2cc7beb398b7%3A0xdc07f740ff271371!2sVia%20Giuseppe%20Garibaldi%2C%2046%2C%2053100%20Siena%20SI!5e1!3m2!1sit!2sit!4v1645184806616!5m2!1sit!2sit\" width=\"100%\" height=\"450\" allowfullscreen=\"allowfullscreen\"><\/iframe>[\/vc_column_text][\/vc_column][vc_column css=\u00a0\u00bb.vc_custom_1469438263635{margin-right: 30px !important;margin-bottom: 30px !important;margin-left: 30px !important;padding-top: 45px !important;padding-right: 40px !important;padding-bottom: 30px !important;padding-left: 40px !important;background-color: #ffffff !important;}\u00a0\u00bb offset=\u00a0\u00bbvc_col-lg-6 vc_col-md-6&Prime;]<div class=\"dt-fancy-separator h3-size accent-title-color\" style=\"width: 100%;\"><div class=\"dt-fancy-title\"><span class=\"separator-holder separator-left\"><\/span>Contactez-nous<span class=\"separator-holder separator-right\"><\/span><\/div><\/div>[vc_empty_space]\n<div class=\"wpcf7 no-js\" id=\"wpcf7-f2032-o1\" lang=\"fr-FR\" dir=\"ltr\">\n<div class=\"screen-reader-response\"><p role=\"status\" aria-live=\"polite\" aria-atomic=\"true\"><\/p> <ul><\/ul><\/div>\n<form action=\"\/fr\/wp-json\/wp\/v2\/pages\/1893#wpcf7-f2032-o1\" method=\"post\" class=\"wpcf7-form init\" aria-label=\"Formulaire de contact\" novalidate=\"novalidate\" data-status=\"init\">\n<div style=\"display: none;\">\n<input type=\"hidden\" name=\"_wpcf7\" value=\"2032\" \/>\n<input type=\"hidden\" name=\"_wpcf7_version\" value=\"5.9.3\" \/>\n<input type=\"hidden\" name=\"_wpcf7_locale\" value=\"fr_FR\" \/>\n<input type=\"hidden\" name=\"_wpcf7_unit_tag\" value=\"wpcf7-f2032-o1\" \/>\n<input type=\"hidden\" name=\"_wpcf7_container_post\" value=\"0\" \/>\n<input type=\"hidden\" name=\"_wpcf7_posted_data_hash\" value=\"\" \/>\n<input type=\"hidden\" name=\"_wpcf7_recaptcha_response\" value=\"\" \/>\n<\/div>\n<p><label>Nom et pr\u00e9nom*<br \/>\n<span class=\"wpcf7-form-control-wrap\" data-name=\"your-name\"><input size=\"40\" class=\"wpcf7-form-control wpcf7-text wpcf7-validates-as-required\" aria-required=\"true\" aria-invalid=\"false\" value=\"\" type=\"text\" name=\"your-name\" \/><\/span> <\/label>\n<\/p>\n<p><label> Votre e-mail*<br \/>\n<span class=\"wpcf7-form-control-wrap\" data-name=\"your-email\"><input size=\"40\" class=\"wpcf7-form-control wpcf7-email wpcf7-validates-as-required wpcf7-text wpcf7-validates-as-email\" aria-required=\"true\" aria-invalid=\"false\" value=\"\" type=\"email\" name=\"your-email\" \/><\/span> <\/label>\n<\/p>\n<p><label> T\u00e9l\u00e9phoner*<br \/>\n<span class=\"wpcf7-form-control-wrap\" data-name=\"tel-712\"><input size=\"40\" class=\"wpcf7-form-control wpcf7-tel wpcf7-validates-as-required wpcf7-text wpcf7-validates-as-tel\" aria-required=\"true\" aria-invalid=\"false\" value=\"\" type=\"tel\" name=\"tel-712\" \/><\/span><\/label>\n<\/p>\n<div style=\"width:100%;float: left;\">\n\t<p><label> Laisser un message:<br \/>\n<span class=\"wpcf7-form-control-wrap\" data-name=\"textarea-574\"><textarea cols=\"40\" rows=\"10\" class=\"wpcf7-form-control wpcf7-textarea minwi\" aria-invalid=\"false\" name=\"textarea-574\"><\/textarea><\/span> <\/label>\n\t<\/p>\n<\/div>\n<p><label><span class=\"wpcf7-form-control-wrap\" data-name=\"acceptance-681\"><span class=\"wpcf7-form-control wpcf7-acceptance\"><span class=\"wpcf7-list-item\"><label><input type=\"checkbox\" name=\"acceptance-681\" value=\"1\" aria-invalid=\"false\" \/><span class=\"wpcf7-list-item-label\">Je consens au traitement de mes donn\u00e9es personnelles comme indiqu\u00e9 dans la Privacy Policy<\/span><\/label><\/span><\/span><\/span><\/label>\n<\/p>\n<p><input class=\"wpcf7-form-control wpcf7-submit has-spinner\" type=\"submit\" value=\"Envoyer\" \/>\n<\/p><div class=\"wpcf7-response-output\" aria-hidden=\"true\"><\/div>\n<\/form>\n<\/div>\n[\/vc_column][\/vc_row][vc_row][vc_column][vc_empty_space]<div class=\"dt-fancy-separator title-left h2-size accent-title-color\" style=\"width: 100%;\"><div class=\"dt-fancy-title\"><span class=\"separator-holder separator-left\"><\/span>Comment s\u2019y rendre<span class=\"separator-holder separator-right\"><\/span><\/div><\/div>[vc_empty_space][vc_column_text]<\/p>\n<h4 align=\"JUSTIFY\"><strong>En voiture:<\/strong><\/h4>\n<p>DU SUD (jonction Bettolle-Sienne): continuer en direction de la gare, prendre Viale Toselli, puis au deuxi\u00e8me rond-point suivre les indications pour Porta Ovile, Centro, entrer dans Porta Ovile, suivre Via Pian d\u2019Ovile qui se termine \u00e0 Via Garibaldi.<\/p>\n<p>(jonction Grosseto-Siena): suivre les panneaux pour Arezzo, apr\u00e8s 4 km, \u00e0 la jonction suivre \u00e0 gauche en direction de Siena Centro: vous vous retrouverez \u00e0 la fin de la jonction Bettolle-Siena, alors suivez les indications ci-dessus.<\/p>\n<p>DU NORD: (jonction Florence-Sienne) sortie Sienne Nord, au rond-point prendre Viale Giovanni Paolo II et suivre les panneaux pour la gare, au deuxi\u00e8me rond-point aller \u00e0 droite en direction de Centro, passer le pont sur la voie ferr\u00e9e et, au rond-point, aller \u00e0 gauche, faire un passage souterrain et au rond-point rester \u00e0 droite (avenue bord\u00e9e d\u2019arbres: Via Mazzini). Au bout de la rue, il y a un feu de circulation: tout droit et apr\u00e8s 30 m\u00e8tres, vous trouverez via Garibaldi tout droit.<\/p>\n<p>(Chiantigiana) arriver \u00e0 la jonction pour la jonction Florence-Sienne, continuer tout droit et apr\u00e8s 50 m\u00e8tres, vous vous retrouverez au rond-point de la sortie Sienne Nord, puis suivez les indications ci-dessus.<\/p>\n<h4 align=\"JUSTIFY\"><strong>En train:<\/strong><\/h4>\n<p>Traversez la place de la gare (achetez votre billet \u00e0 la gare), prenez les bus: 3-4-7-8-10-35 ou 77 et descendez au premier arr\u00eat de Via Garibaldi: le B&amp;B correspond \u00e0 la grille avec les lions en terre cuite que vous trouverez devant vous. Sinon, \u00e0 pied (environ 1 km), montez Via Mazzini: au fond, traversez la Barriera di San Lorenzo (surmont\u00e9e de deux loups de bronze) et vous \u00eates dans la Via Garibaldi.<\/p>\n<h4 align=\"JUSTIFY\"><strong>En bus:<\/strong><\/h4>\n<p>Au terminus (Piazza Gramsci) aller dans la direction oppos\u00e9e aux jardins publics: via del Sasso di S. Bernardino, en bas tourner \u00e0 gauche et apr\u00e8s 20 m\u00e8tres, vous vous retrouverez dans Via Garibaldi.<\/p>\n<h4 align=\"JUSTIFY\"><strong>PARKING:<\/strong><\/h4>\n<p>Pr\u00e8s du B&amp;B La Coperta Ricamata, vous trouverez un parking gratuit dans la Via Don Minzoni, c\u00f4t\u00e9 route (mardi matin pas de parking de 7h00 \u00e0 10h00 pour le nettoyage des rues), Viale Mazzini (nettoyage de la rue mardi matin c\u00f4t\u00e9 droit, lundi matin c\u00f4t\u00e9 gauche) et Via di Pian d\u2019Ovile.<\/p>\n<p>Parking \u00ab\u00a0Stade \/ Forteresse\u00a0\u00bb \u00e0 l\u2019ext\u00e9rieur non gard\u00e9, \u00e0 environ 200 m\u00e8tres de la structure.<\/p>\n<p>parking priv\u00e9 \u00ab\u00a0Autosilo Pian d\u2019Ovile\u00a0\u00bb couvert et surveill\u00e9, situ\u00e9 Dans la Via di Pian d\u2019Ovile, 16 (tarif journalier autour de 25 \u20ac).[\/vc_column_text][\/vc_column][\/vc_row]<\/p>\n<\/div>","protected":false},"excerpt":{"rendered":"<p>[vc_row type=\u00a0\u00bbvc_default\u00a0\u00bb content_placement=\u00a0\u00bbtop\u00a0\u00bb css=\u00a0\u00bb.vc_custom_1474233112687{padding-bottom: 45px !important;}\u00a0\u00bb][vc_column width=\u00a0\u00bb1\/3&Prime; offset=\u00a0\u00bbvc_col-lg-4 vc_col-md-4&Prime;][\/vc_column][vc_column width=\u00a0\u00bb1\/3&Prime; offset=\u00a0\u00bbvc_col-lg-4 vc_col-md-4&Prime;][\/vc_column][vc_column width=\u00a0\u00bb1\/3&Prime; offset=\u00a0\u00bbvc_col-lg-4 vc_col-md-4&Prime;][\/vc_column][\/vc_row][vc_row type=\u00a0\u00bbvc_default\u00a0\u00bb content_placement=\u00a0\u00bbtop\u00a0\u00bb css=\u00a0\u00bb.vc_custom_1474233112687{padding-bottom: 45px !important;}\u00a0\u00bb][vc_column width=\u00a0\u00bb1\/3&Prime; offset=\u00a0\u00bbvc_col-lg-4 vc_col-md-4&Prime;][\/vc_column][vc_column width=\u00a0\u00bb1\/3&Prime; offset=\u00a0\u00bbvc_col-lg-4 vc_col-md-4&Prime;][\/vc_column][vc_column width=\u00a0\u00bb1\/3&Prime; offset=\u00a0\u00bbvc_col-lg-4 vc_col-md-4&Prime;][\/vc_column][\/vc_row][vc_row type=\u00a0\u00bbvc_default\u00a0\u00bb equal_height=\u00a0\u00bbyes\u00a0\u00bb bg_type=\u00a0\u00bbbg_color\u00a0\u00bb bg_override=\u00a0\u00bbex-full\u00a0\u00bb bg_color_value=\u00a0\u00bb#f4f4f4&Prime; el_id=\u00a0\u00bbmenu_section\u00a0\u00bb css=\u00a0\u00bb.vc_custom_1469436977972{padding-top: 90px !important;padding-bottom: 60px !important;}\u00a0\u00bb][vc_column css=\u00a0\u00bb.vc_custom_1469438249390{margin-right: 30px !important;margin-bottom: 30px !important;margin-left: 30px !important;padding-top: 45px !important;padding-right: 40px !important;padding-bottom: 40px !important;padding-left: 40px !important;background-color:&hellip;<\/p>\n","protected":false},"author":1,"featured_media":0,"parent":0,"menu_order":5,"comment_status":"closed","ping_status":"closed","template":"","meta":{"footnotes":""},"yoast_head":"<!-- This site is optimized with the Yoast SEO plugin v22.3 - https:\/\/yoast.com\/wordpress\/plugins\/seo\/ -->\n<title>Contacts - B&amp;B La coperta Ricamata, Siena<\/title>\n<meta name=\"description\" content=\"Parking. Pr\u00e8s du B&amp;B La Coperta Ricamata, vous trouverez un parking gratuit dans la Via Don Minzoni, c\u00f4t\u00e9 route\" \/>\n<meta name=\"robots\" content=\"index, follow, max-snippet:-1, max-image-preview:large, max-video-preview:-1\" \/>\n<link rel=\"canonical\" href=\"https:\/\/www.lacopertaricamata.com\/fr\/contacts\/\" \/>\n<meta property=\"og:locale\" content=\"fr_FR\" \/>\n<meta property=\"og:type\" content=\"article\" \/>\n<meta property=\"og:title\" content=\"Contacts - B&amp;B La coperta Ricamata, Siena\" \/>\n<meta property=\"og:description\" content=\"Parking. Pr\u00e8s du B&amp;B La Coperta Ricamata, vous trouverez un parking gratuit dans la Via Don Minzoni, c\u00f4t\u00e9 route\" \/>\n<meta property=\"og:url\" content=\"https:\/\/www.lacopertaricamata.com\/fr\/contacts\/\" \/>\n<meta property=\"og:site_name\" content=\"B&amp;B La coperta Ricamata, Siena\" \/>\n<meta property=\"article:publisher\" content=\"https:\/\/www.facebook.com\/lacoperta.ricamata\" \/>\n<meta property=\"article:modified_time\" content=\"2022-09-23T13:49:48+00:00\" \/>\n<meta name=\"twitter:card\" content=\"summary_large_image\" \/>\n<meta name=\"twitter:label1\" content=\"Dur\u00e9e de lecture estim\u00e9e\" \/>\n\t<meta name=\"twitter:data1\" content=\"4 minutes\" \/>\n<script type=\"application\/ld+json\" class=\"yoast-schema-graph\">{\"@context\":\"https:\/\/schema.org\",\"@graph\":[{\"@type\":\"WebPage\",\"@id\":\"https:\/\/www.lacopertaricamata.com\/fr\/contacts\/\",\"url\":\"https:\/\/www.lacopertaricamata.com\/fr\/contacts\/\",\"name\":\"Contacts - B&amp;B La coperta Ricamata, Siena\",\"isPartOf\":{\"@id\":\"https:\/\/www.lacopertaricamata.com\/es\/#website\"},\"datePublished\":\"2016-07-12T21:43:33+00:00\",\"dateModified\":\"2022-09-23T13:49:48+00:00\",\"description\":\"Parking. Pr\u00e8s du B&B La Coperta Ricamata, vous trouverez un parking gratuit dans la Via Don Minzoni, c\u00f4t\u00e9 route\",\"breadcrumb\":{\"@id\":\"https:\/\/www.lacopertaricamata.com\/fr\/contacts\/#breadcrumb\"},\"inLanguage\":\"fr-FR\",\"potentialAction\":[{\"@type\":\"ReadAction\",\"target\":[\"https:\/\/www.lacopertaricamata.com\/fr\/contacts\/\"]}]},{\"@type\":\"BreadcrumbList\",\"@id\":\"https:\/\/www.lacopertaricamata.com\/fr\/contacts\/#breadcrumb\",\"itemListElement\":[{\"@type\":\"ListItem\",\"position\":1,\"name\":\"Home\",\"item\":\"https:\/\/www.lacopertaricamata.com\/fr\/\"},{\"@type\":\"ListItem\",\"position\":2,\"name\":\"Contacts\"}]},{\"@type\":\"WebSite\",\"@id\":\"https:\/\/www.lacopertaricamata.com\/es\/#website\",\"url\":\"https:\/\/www.lacopertaricamata.com\/es\/\",\"name\":\"B&amp;B La coperta Ricamata, Siena\",\"description\":\"Nel centro della citt&agrave; del Palio\",\"publisher\":{\"@id\":\"https:\/\/www.lacopertaricamata.com\/es\/#organization\"},\"potentialAction\":[{\"@type\":\"SearchAction\",\"target\":{\"@type\":\"EntryPoint\",\"urlTemplate\":\"https:\/\/www.lacopertaricamata.com\/es\/?s={search_term_string}\"},\"query-input\":\"required name=search_term_string\"}],\"inLanguage\":\"fr-FR\"},{\"@type\":\"Organization\",\"@id\":\"https:\/\/www.lacopertaricamata.com\/es\/#organization\",\"name\":\"B&B La coperta Ricamata, Siena\",\"url\":\"https:\/\/www.lacopertaricamata.com\/es\/\",\"logo\":{\"@type\":\"ImageObject\",\"inLanguage\":\"fr-FR\",\"@id\":\"https:\/\/www.lacopertaricamata.com\/es\/#\/schema\/logo\/image\/\",\"url\":\"https:\/\/www.lacopertaricamata.com\/wp-content\/uploads\/2022\/02\/logo.png\",\"contentUrl\":\"https:\/\/www.lacopertaricamata.com\/wp-content\/uploads\/2022\/02\/logo.png\",\"width\":270,\"height\":103,\"caption\":\"B&B La coperta Ricamata, Siena\"},\"image\":{\"@id\":\"https:\/\/www.lacopertaricamata.com\/es\/#\/schema\/logo\/image\/\"},\"sameAs\":[\"https:\/\/www.facebook.com\/lacoperta.ricamata\"]}]}<\/script>\n<!-- \/ Yoast SEO plugin. -->","yoast_head_json":{"title":"Contacts - B&amp;B La coperta Ricamata, Siena","description":"Parking. Pr\u00e8s du B&B La Coperta Ricamata, vous trouverez un parking gratuit dans la Via Don Minzoni, c\u00f4t\u00e9 route","robots":{"index":"index","follow":"follow","max-snippet":"max-snippet:-1","max-image-preview":"max-image-preview:large","max-video-preview":"max-video-preview:-1"},"canonical":"https:\/\/www.lacopertaricamata.com\/fr\/contacts\/","og_locale":"fr_FR","og_type":"article","og_title":"Contacts - B&amp;B La coperta Ricamata, Siena","og_description":"Parking. Pr\u00e8s du B&B La Coperta Ricamata, vous trouverez un parking gratuit dans la Via Don Minzoni, c\u00f4t\u00e9 route","og_url":"https:\/\/www.lacopertaricamata.com\/fr\/contacts\/","og_site_name":"B&amp;B La coperta Ricamata, Siena","article_publisher":"https:\/\/www.facebook.com\/lacoperta.ricamata","article_modified_time":"2022-09-23T13:49:48+00:00","twitter_card":"summary_large_image","twitter_misc":{"Dur\u00e9e de lecture estim\u00e9e":"4 minutes"},"schema":{"@context":"https:\/\/schema.org","@graph":[{"@type":"WebPage","@id":"https:\/\/www.lacopertaricamata.com\/fr\/contacts\/","url":"https:\/\/www.lacopertaricamata.com\/fr\/contacts\/","name":"Contacts - B&amp;B La coperta Ricamata, Siena","isPartOf":{"@id":"https:\/\/www.lacopertaricamata.com\/es\/#website"},"datePublished":"2016-07-12T21:43:33+00:00","dateModified":"2022-09-23T13:49:48+00:00","description":"Parking. Pr\u00e8s du B&B La Coperta Ricamata, vous trouverez un parking gratuit dans la Via Don Minzoni, c\u00f4t\u00e9 route","breadcrumb":{"@id":"https:\/\/www.lacopertaricamata.com\/fr\/contacts\/#breadcrumb"},"inLanguage":"fr-FR","potentialAction":[{"@type":"ReadAction","target":["https:\/\/www.lacopertaricamata.com\/fr\/contacts\/"]}]},{"@type":"BreadcrumbList","@id":"https:\/\/www.lacopertaricamata.com\/fr\/contacts\/#breadcrumb","itemListElement":[{"@type":"ListItem","position":1,"name":"Home","item":"https:\/\/www.lacopertaricamata.com\/fr\/"},{"@type":"ListItem","position":2,"name":"Contacts"}]},{"@type":"WebSite","@id":"https:\/\/www.lacopertaricamata.com\/es\/#website","url":"https:\/\/www.lacopertaricamata.com\/es\/","name":"B&amp;B La coperta Ricamata, Siena","description":"Nel centro della citt&agrave; del Palio","publisher":{"@id":"https:\/\/www.lacopertaricamata.com\/es\/#organization"},"potentialAction":[{"@type":"SearchAction","target":{"@type":"EntryPoint","urlTemplate":"https:\/\/www.lacopertaricamata.com\/es\/?s={search_term_string}"},"query-input":"required name=search_term_string"}],"inLanguage":"fr-FR"},{"@type":"Organization","@id":"https:\/\/www.lacopertaricamata.com\/es\/#organization","name":"B&B La coperta Ricamata, Siena","url":"https:\/\/www.lacopertaricamata.com\/es\/","logo":{"@type":"ImageObject","inLanguage":"fr-FR","@id":"https:\/\/www.lacopertaricamata.com\/es\/#\/schema\/logo\/image\/","url":"https:\/\/www.lacopertaricamata.com\/wp-content\/uploads\/2022\/02\/logo.png","contentUrl":"https:\/\/www.lacopertaricamata.com\/wp-content\/uploads\/2022\/02\/logo.png","width":270,"height":103,"caption":"B&B La coperta Ricamata, Siena"},"image":{"@id":"https:\/\/www.lacopertaricamata.com\/es\/#\/schema\/logo\/image\/"},"sameAs":["https:\/\/www.facebook.com\/lacoperta.ricamata"]}]}},"_links":{"self":[{"href":"https:\/\/www.lacopertaricamata.com\/fr\/wp-json\/wp\/v2\/pages\/1893"}],"collection":[{"href":"https:\/\/www.lacopertaricamata.com\/fr\/wp-json\/wp\/v2\/pages"}],"about":[{"href":"https:\/\/www.lacopertaricamata.com\/fr\/wp-json\/wp\/v2\/types\/page"}],"author":[{"embeddable":true,"href":"https:\/\/www.lacopertaricamata.com\/fr\/wp-json\/wp\/v2\/users\/1"}],"replies":[{"embeddable":true,"href":"https:\/\/www.lacopertaricamata.com\/fr\/wp-json\/wp\/v2\/comments?post=1893"}],"version-history":[{"count":7,"href":"https:\/\/www.lacopertaricamata.com\/fr\/wp-json\/wp\/v2\/pages\/1893\/revisions"}],"predecessor-version":[{"id":2127,"href":"https:\/\/www.lacopertaricamata.com\/fr\/wp-json\/wp\/v2\/pages\/1893\/revisions\/2127"}],"wp:attachment":[{"href":"https:\/\/www.lacopertaricamata.com\/fr\/wp-json\/wp\/v2\/media?parent=1893"}],"curies":[{"name":"wp","href":"https:\/\/api.w.org\/{rel}","templated":true}]}}