{"id":1837,"date":"2022-07-08T09:47:59","date_gmt":"2022-07-08T09:47:59","guid":{"rendered":"https:\/\/www.lacopertaricamata.com\/le-nostre-camere\/se-dormi-svegliati\/"},"modified":"2022-11-23T10:25:16","modified_gmt":"2022-11-23T10:25:16","slug":"se-dormi-svegliati","status":"publish","type":"page","link":"https:\/\/www.lacopertaricamata.com\/fr\/nos-chambres\/se-dormi-svegliati\/","title":{"rendered":"Se Dormi, Svegliati!"},"content":{"rendered":"<div class=\"wpb-content-wrapper\"><p>[vc_row][vc_column width=\u00a0\u00bb1\/2&Prime;][vc_single_image image=\u00a0\u00bb1603&Prime; img_size=\u00a0\u00bbfull\u00a0\u00bb alignment=\u00a0\u00bbcenter\u00a0\u00bb onclick=\u00a0\u00bblink_image\u00a0\u00bb lazy_loading=\u00a0\u00bbtrue\u00a0\u00bb][\/vc_column][vc_column width=\u00a0\u00bb1\/2&Prime;][vc_column_text]<\/p>\n<h4>(si vous dormez, r\u00e9veillez-vous): est l\u2019exhortation que l\u2019amant adressa \u00e0 sa dame, pour qu\u2019elle \u00e9coute la s\u00e9r\u00e9nade. C\u2019est la chambre la plus lumineuse du B&amp;B, avec ses deux fen\u00eatres expos\u00e9es \u00e0 sud d\u2019o\u00f9 vous surprendra une vue inoubliable sur les toits de la \u00abvalle dei Rozzi\u00bb et sur le jardin.<\/h4>\n<p>C\u2019est une chambre avec lit pour 2 personnes d\u2019environ 23 m2, aussi ce calme; \u00e0 l\u2019int\u00e9rieur, vous trouverez une table en bois avec chaises, TV, WiFi gratuit, chauffage et climatisation en \u00e9t\u00e9, un fauteuil confortable, armoire, porte-chaussures, sur les fen\u00eatres il y a des moustiquaires.<\/p>\n<p>La salle de bains avec fen\u00eatre et moustiquaire est \u00e9quip\u00e9e d\u2019un s\u00e8che-cheveux et d\u2019articles de toilette gratuits, d\u2019une douche et d\u2019un bidet. La r\u00e9novation conservatrice de la structure a maintenu l\u2019ancien sol en marbre jaune de Sienne positionn\u00e9 avec l\u2019ancienne m\u00e9thode de la \u00ab\u00a0mosa\u00efque v\u00e9nitienne\u00a0\u00bb.[\/vc_column_text]<div class=\"hr-thin style-line\" style=\"width: 100%;border-top-width: 1px;\"><\/div>[\/vc_column][\/vc_row][vc_row][vc_column][vc_empty_space][\/vc_column][\/vc_row][vc_row][vc_column width=\u00a0\u00bb1\/4&Prime;][vc_single_image image=\u00a0\u00bb1595&Prime; img_size=\u00a0\u00bb500&#215;500&Prime; alignment=\u00a0\u00bbcenter\u00a0\u00bb onclick=\u00a0\u00bblink_image\u00a0\u00bb lazy_loading=\u00a0\u00bbtrue\u00a0\u00bb][\/vc_column][vc_column width=\u00a0\u00bb1\/4&Prime;][vc_single_image image=\u00a0\u00bb1284&Prime; img_size=\u00a0\u00bb500&#215;500&Prime; alignment=\u00a0\u00bbcenter\u00a0\u00bb onclick=\u00a0\u00bblink_image\u00a0\u00bb lazy_loading=\u00a0\u00bbtrue\u00a0\u00bb][\/vc_column][vc_column width=\u00a0\u00bb1\/4&Prime;][vc_single_image image=\u00a0\u00bb1607&Prime; img_size=\u00a0\u00bb500&#215;500&Prime; alignment=\u00a0\u00bbcenter\u00a0\u00bb onclick=\u00a0\u00bblink_image\u00a0\u00bb lazy_loading=\u00a0\u00bbtrue\u00a0\u00bb][\/vc_column][vc_column width=\u00a0\u00bb1\/4&Prime;][vc_single_image image=\u00a0\u00bb1611&Prime; img_size=\u00a0\u00bb500&#215;500&Prime; alignment=\u00a0\u00bbcenter\u00a0\u00bb onclick=\u00a0\u00bblink_image\u00a0\u00bb lazy_loading=\u00a0\u00bbtrue\u00a0\u00bb][\/vc_column][\/vc_row][vc_row][vc_column][vc_empty_space][\/vc_column][\/vc_row][vc_row][vc_column]<div id=\"ultimate-heading-873869e891676ff82\" class=\"uvc-heading ult-adjust-bottom-margin ultimate-heading-873869e891676ff82 uvc-9723  uvc-heading-default-font-sizes\" data-hspacer=\"no_spacer\"  data-halign=\"center\" style=\"text-align:center\"><div class=\"uvc-heading-spacer no_spacer\" style=\"top\"><\/div><div class=\"uvc-main-heading ult-responsive\"  data-ultimate-target='.uvc-heading.ultimate-heading-873869e891676ff82 h2'  data-responsive-json-new='{\"font-size\":\"\",\"line-height\":\"\"}' ><h2 style=\"font-family:&#039;Dancing Script&#039;;--font-weight:theme;color:#2552b2;\">Demander la disponibilit\u00e9<\/h2><\/div><\/div>[vc_empty_space]\n<div class=\"wpcf7 no-js\" id=\"wpcf7-f1976-o1\" lang=\"fr-FR\" dir=\"ltr\">\n<div class=\"screen-reader-response\"><p role=\"status\" aria-live=\"polite\" aria-atomic=\"true\"><\/p> <ul><\/ul><\/div>\n<form action=\"\/fr\/wp-json\/wp\/v2\/pages\/1837#wpcf7-f1976-o1\" method=\"post\" class=\"wpcf7-form init\" aria-label=\"Formulaire de contact\" novalidate=\"novalidate\" data-status=\"init\">\n<div style=\"display: none;\">\n<input type=\"hidden\" name=\"_wpcf7\" value=\"1976\" \/>\n<input type=\"hidden\" name=\"_wpcf7_version\" value=\"5.9.3\" \/>\n<input type=\"hidden\" name=\"_wpcf7_locale\" value=\"fr_FR\" \/>\n<input type=\"hidden\" name=\"_wpcf7_unit_tag\" value=\"wpcf7-f1976-o1\" \/>\n<input type=\"hidden\" name=\"_wpcf7_container_post\" value=\"0\" \/>\n<input type=\"hidden\" name=\"_wpcf7_posted_data_hash\" value=\"\" \/>\n<input type=\"hidden\" name=\"_wpcf7_recaptcha_response\" value=\"\" \/>\n<\/div>\n<p><label>Nom et pr\u00e9nom*<br \/>\n<span class=\"wpcf7-form-control-wrap\" data-name=\"your-name\"><input size=\"40\" class=\"wpcf7-form-control wpcf7-text wpcf7-validates-as-required\" aria-required=\"true\" aria-invalid=\"false\" value=\"\" type=\"text\" name=\"your-name\" \/><\/span> <\/label>\n<\/p>\n<p><label> Votre e-mail*<br \/>\n<span class=\"wpcf7-form-control-wrap\" data-name=\"your-email\"><input size=\"40\" class=\"wpcf7-form-control wpcf7-email wpcf7-validates-as-required wpcf7-text wpcf7-validates-as-email\" aria-required=\"true\" aria-invalid=\"false\" value=\"\" type=\"email\" name=\"your-email\" \/><\/span> <\/label>\n<\/p>\n<p><label> T\u00e9l\u00e9phoner*<br \/>\n<span class=\"wpcf7-form-control-wrap\" data-name=\"tel-712\"><input size=\"40\" class=\"wpcf7-form-control wpcf7-tel wpcf7-validates-as-required wpcf7-text wpcf7-validates-as-tel\" aria-required=\"true\" aria-invalid=\"false\" value=\"\" type=\"tel\" name=\"tel-712\" \/><\/span><\/label>\n<\/p>\n<div style=\"width:48%;float: left;\">\n\t<p><label> Adultes*<br \/>\n<span class=\"wpcf7-form-control-wrap\" data-name=\"number-344\"><input class=\"wpcf7-form-control wpcf7-number wpcf7-validates-as-required wpcf7-validates-as-number\" min=\"1\" max=\"10\" aria-required=\"true\" aria-invalid=\"false\" value=\"1\" type=\"number\" name=\"number-344\" \/><\/span><\/label>\n\t<\/p>\n<\/div>\n<div style=\"width:48%;float: right;\">\n\t<p><label> Enfants*<br \/>\n<span class=\"wpcf7-form-control-wrap\" data-name=\"number-527\"><input class=\"wpcf7-form-control wpcf7-number wpcf7-validates-as-required wpcf7-validates-as-number\" min=\"0\" max=\"10\" aria-required=\"true\" aria-invalid=\"false\" value=\"0\" type=\"number\" name=\"number-527\" \/><\/span><\/label>\n\t<\/p>\n<\/div>\n<div style=\"width:48%;float: left;\">\n\t<p><label> Date d'arriv\u00e9e*<br \/>\n<span class=\"wpcf7-form-control-wrap\" data-name=\"date-792\"><input class=\"wpcf7-form-control wpcf7-date wpcf7-validates-as-required wpcf7-validates-as-date\" aria-required=\"true\" aria-invalid=\"false\" value=\"\" type=\"date\" name=\"date-792\" \/><\/span><\/label>\n\t<\/p>\n<\/div>\n<div style=\"width:48%;float: right;\">\n\t<p><label> Date de d\u00e9part*<br \/>\n<span class=\"wpcf7-form-control-wrap\" data-name=\"date-793\"><input class=\"wpcf7-form-control wpcf7-date wpcf7-validates-as-required wpcf7-validates-as-date\" aria-required=\"true\" aria-invalid=\"false\" value=\"\" type=\"date\" name=\"date-793\" \/><\/span><\/label>\n\t<\/p>\n<\/div>\n<div style=\"width:100%;float: left;\">\n\t<p><label> Laisser un message:<br \/>\n<span class=\"wpcf7-form-control-wrap\" data-name=\"textarea-574\"><textarea cols=\"40\" rows=\"10\" class=\"wpcf7-form-control wpcf7-textarea minwi\" aria-invalid=\"false\" name=\"textarea-574\"><\/textarea><\/span> <\/label>\n\t<\/p>\n<\/div>\n<p><label><span class=\"wpcf7-form-control-wrap\" data-name=\"acceptance-681\"><span class=\"wpcf7-form-control wpcf7-acceptance\"><span class=\"wpcf7-list-item\"><label><input type=\"checkbox\" name=\"acceptance-681\" value=\"1\" aria-invalid=\"false\" \/><span class=\"wpcf7-list-item-label\">Je consens au traitement de mes donn\u00e9es personnelles comme indiqu\u00e9 dans la Privacy Policy<\/span><\/label><\/span><\/span><\/span><\/label>\n<\/p>\n<p><input class=\"wpcf7-form-control wpcf7-submit has-spinner\" type=\"submit\" value=\"Envoyer\" \/>\n<\/p><div class=\"wpcf7-response-output\" aria-hidden=\"true\"><\/div>\n<\/form>\n<\/div>\n[vc_empty_space][\/vc_column][\/vc_row]<\/p>\n<\/div>","protected":false},"excerpt":{"rendered":"<p>[vc_row][vc_column width=\u00a0\u00bb1\/2&Prime;][vc_single_image image=\u00a0\u00bb1603&Prime; img_size=\u00a0\u00bbfull\u00a0\u00bb alignment=\u00a0\u00bbcenter\u00a0\u00bb onclick=\u00a0\u00bblink_image\u00a0\u00bb lazy_loading=\u00a0\u00bbtrue\u00a0\u00bb][\/vc_column][vc_column width=\u00a0\u00bb1\/2&Prime;][vc_column_text] (si vous dormez, r\u00e9veillez-vous): est l\u2019exhortation que l\u2019amant adressa \u00e0 sa dame, pour qu\u2019elle \u00e9coute la s\u00e9r\u00e9nade. C\u2019est la chambre la plus lumineuse du B&amp;B, avec ses deux fen\u00eatres expos\u00e9es \u00e0 sud d\u2019o\u00f9 vous surprendra une vue inoubliable sur les toits de la \u00abvalle dei Rozzi\u00bb et&hellip;<\/p>\n","protected":false},"author":1,"featured_media":0,"parent":1805,"menu_order":0,"comment_status":"closed","ping_status":"closed","template":"","meta":{"footnotes":""},"yoast_head":"<!-- This site is optimized with the Yoast SEO plugin v22.3 - https:\/\/yoast.com\/wordpress\/plugins\/seo\/ -->\n<title>Se Dormi, Svegliati! - B&amp;B La coperta Ricamata, Siena<\/title>\n<meta name=\"description\" content=\"(si vous dormez, r\u00e9veillez-vous): est l\u2019exhortation que l\u2019amant adressa \u00e0 sa dame, pour qu\u2019elle \u00e9coute la s\u00e9r\u00e9nade.\" \/>\n<meta name=\"robots\" content=\"index, follow, max-snippet:-1, max-image-preview:large, max-video-preview:-1\" \/>\n<link rel=\"canonical\" href=\"https:\/\/www.lacopertaricamata.com\/fr\/nos-chambres\/se-dormi-svegliati\/\" \/>\n<meta property=\"og:locale\" content=\"fr_FR\" \/>\n<meta property=\"og:type\" content=\"article\" \/>\n<meta property=\"og:title\" content=\"Se Dormi, Svegliati! - B&amp;B La coperta Ricamata, Siena\" \/>\n<meta property=\"og:description\" content=\"(si vous dormez, r\u00e9veillez-vous): est l\u2019exhortation que l\u2019amant adressa \u00e0 sa dame, pour qu\u2019elle \u00e9coute la s\u00e9r\u00e9nade.\" \/>\n<meta property=\"og:url\" content=\"https:\/\/www.lacopertaricamata.com\/fr\/nos-chambres\/se-dormi-svegliati\/\" \/>\n<meta property=\"og:site_name\" content=\"B&amp;B La coperta Ricamata, Siena\" \/>\n<meta property=\"article:publisher\" content=\"https:\/\/www.facebook.com\/lacoperta.ricamata\" \/>\n<meta property=\"article:modified_time\" content=\"2022-11-23T10:25:16+00:00\" \/>\n<meta name=\"twitter:card\" content=\"summary_large_image\" \/>\n<meta name=\"twitter:label1\" content=\"Dur\u00e9e de lecture estim\u00e9e\" \/>\n\t<meta name=\"twitter:data1\" content=\"1 minute\" \/>\n<script type=\"application\/ld+json\" class=\"yoast-schema-graph\">{\"@context\":\"https:\/\/schema.org\",\"@graph\":[{\"@type\":\"WebPage\",\"@id\":\"https:\/\/www.lacopertaricamata.com\/fr\/nos-chambres\/se-dormi-svegliati\/\",\"url\":\"https:\/\/www.lacopertaricamata.com\/fr\/nos-chambres\/se-dormi-svegliati\/\",\"name\":\"Se Dormi, Svegliati! - B&amp;B La coperta Ricamata, Siena\",\"isPartOf\":{\"@id\":\"https:\/\/www.lacopertaricamata.com\/es\/#website\"},\"datePublished\":\"2022-07-08T09:47:59+00:00\",\"dateModified\":\"2022-11-23T10:25:16+00:00\",\"description\":\"(si vous dormez, r\u00e9veillez-vous): est l\u2019exhortation que l\u2019amant adressa \u00e0 sa dame, pour qu\u2019elle \u00e9coute la s\u00e9r\u00e9nade.\",\"breadcrumb\":{\"@id\":\"https:\/\/www.lacopertaricamata.com\/fr\/nos-chambres\/se-dormi-svegliati\/#breadcrumb\"},\"inLanguage\":\"fr-FR\",\"potentialAction\":[{\"@type\":\"ReadAction\",\"target\":[\"https:\/\/www.lacopertaricamata.com\/fr\/nos-chambres\/se-dormi-svegliati\/\"]}]},{\"@type\":\"BreadcrumbList\",\"@id\":\"https:\/\/www.lacopertaricamata.com\/fr\/nos-chambres\/se-dormi-svegliati\/#breadcrumb\",\"itemListElement\":[{\"@type\":\"ListItem\",\"position\":1,\"name\":\"Home\",\"item\":\"https:\/\/www.lacopertaricamata.com\/fr\/\"},{\"@type\":\"ListItem\",\"position\":2,\"name\":\"Nos chambres\",\"item\":\"https:\/\/www.lacopertaricamata.com\/fr\/nos-chambres\/\"},{\"@type\":\"ListItem\",\"position\":3,\"name\":\"Se Dormi, Svegliati!\"}]},{\"@type\":\"WebSite\",\"@id\":\"https:\/\/www.lacopertaricamata.com\/es\/#website\",\"url\":\"https:\/\/www.lacopertaricamata.com\/es\/\",\"name\":\"B&amp;B La coperta Ricamata, Siena\",\"description\":\"Nel centro della citt&agrave; del Palio\",\"publisher\":{\"@id\":\"https:\/\/www.lacopertaricamata.com\/es\/#organization\"},\"potentialAction\":[{\"@type\":\"SearchAction\",\"target\":{\"@type\":\"EntryPoint\",\"urlTemplate\":\"https:\/\/www.lacopertaricamata.com\/es\/?s={search_term_string}\"},\"query-input\":\"required name=search_term_string\"}],\"inLanguage\":\"fr-FR\"},{\"@type\":\"Organization\",\"@id\":\"https:\/\/www.lacopertaricamata.com\/es\/#organization\",\"name\":\"B&B La coperta Ricamata, Siena\",\"url\":\"https:\/\/www.lacopertaricamata.com\/es\/\",\"logo\":{\"@type\":\"ImageObject\",\"inLanguage\":\"fr-FR\",\"@id\":\"https:\/\/www.lacopertaricamata.com\/es\/#\/schema\/logo\/image\/\",\"url\":\"https:\/\/www.lacopertaricamata.com\/wp-content\/uploads\/2022\/02\/logo.png\",\"contentUrl\":\"https:\/\/www.lacopertaricamata.com\/wp-content\/uploads\/2022\/02\/logo.png\",\"width\":270,\"height\":103,\"caption\":\"B&B La coperta Ricamata, Siena\"},\"image\":{\"@id\":\"https:\/\/www.lacopertaricamata.com\/es\/#\/schema\/logo\/image\/\"},\"sameAs\":[\"https:\/\/www.facebook.com\/lacoperta.ricamata\"]}]}<\/script>\n<!-- \/ Yoast SEO plugin. -->","yoast_head_json":{"title":"Se Dormi, Svegliati! - B&amp;B La coperta Ricamata, Siena","description":"(si vous dormez, r\u00e9veillez-vous): est l\u2019exhortation que l\u2019amant adressa \u00e0 sa dame, pour qu\u2019elle \u00e9coute la s\u00e9r\u00e9nade.","robots":{"index":"index","follow":"follow","max-snippet":"max-snippet:-1","max-image-preview":"max-image-preview:large","max-video-preview":"max-video-preview:-1"},"canonical":"https:\/\/www.lacopertaricamata.com\/fr\/nos-chambres\/se-dormi-svegliati\/","og_locale":"fr_FR","og_type":"article","og_title":"Se Dormi, Svegliati! - B&amp;B La coperta Ricamata, Siena","og_description":"(si vous dormez, r\u00e9veillez-vous): est l\u2019exhortation que l\u2019amant adressa \u00e0 sa dame, pour qu\u2019elle \u00e9coute la s\u00e9r\u00e9nade.","og_url":"https:\/\/www.lacopertaricamata.com\/fr\/nos-chambres\/se-dormi-svegliati\/","og_site_name":"B&amp;B La coperta Ricamata, Siena","article_publisher":"https:\/\/www.facebook.com\/lacoperta.ricamata","article_modified_time":"2022-11-23T10:25:16+00:00","twitter_card":"summary_large_image","twitter_misc":{"Dur\u00e9e de lecture estim\u00e9e":"1 minute"},"schema":{"@context":"https:\/\/schema.org","@graph":[{"@type":"WebPage","@id":"https:\/\/www.lacopertaricamata.com\/fr\/nos-chambres\/se-dormi-svegliati\/","url":"https:\/\/www.lacopertaricamata.com\/fr\/nos-chambres\/se-dormi-svegliati\/","name":"Se Dormi, Svegliati! - B&amp;B La coperta Ricamata, Siena","isPartOf":{"@id":"https:\/\/www.lacopertaricamata.com\/es\/#website"},"datePublished":"2022-07-08T09:47:59+00:00","dateModified":"2022-11-23T10:25:16+00:00","description":"(si vous dormez, r\u00e9veillez-vous): est l\u2019exhortation que l\u2019amant adressa \u00e0 sa dame, pour qu\u2019elle \u00e9coute la s\u00e9r\u00e9nade.","breadcrumb":{"@id":"https:\/\/www.lacopertaricamata.com\/fr\/nos-chambres\/se-dormi-svegliati\/#breadcrumb"},"inLanguage":"fr-FR","potentialAction":[{"@type":"ReadAction","target":["https:\/\/www.lacopertaricamata.com\/fr\/nos-chambres\/se-dormi-svegliati\/"]}]},{"@type":"BreadcrumbList","@id":"https:\/\/www.lacopertaricamata.com\/fr\/nos-chambres\/se-dormi-svegliati\/#breadcrumb","itemListElement":[{"@type":"ListItem","position":1,"name":"Home","item":"https:\/\/www.lacopertaricamata.com\/fr\/"},{"@type":"ListItem","position":2,"name":"Nos chambres","item":"https:\/\/www.lacopertaricamata.com\/fr\/nos-chambres\/"},{"@type":"ListItem","position":3,"name":"Se Dormi, Svegliati!"}]},{"@type":"WebSite","@id":"https:\/\/www.lacopertaricamata.com\/es\/#website","url":"https:\/\/www.lacopertaricamata.com\/es\/","name":"B&amp;B La coperta Ricamata, Siena","description":"Nel centro della citt&agrave; del Palio","publisher":{"@id":"https:\/\/www.lacopertaricamata.com\/es\/#organization"},"potentialAction":[{"@type":"SearchAction","target":{"@type":"EntryPoint","urlTemplate":"https:\/\/www.lacopertaricamata.com\/es\/?s={search_term_string}"},"query-input":"required name=search_term_string"}],"inLanguage":"fr-FR"},{"@type":"Organization","@id":"https:\/\/www.lacopertaricamata.com\/es\/#organization","name":"B&B La coperta Ricamata, Siena","url":"https:\/\/www.lacopertaricamata.com\/es\/","logo":{"@type":"ImageObject","inLanguage":"fr-FR","@id":"https:\/\/www.lacopertaricamata.com\/es\/#\/schema\/logo\/image\/","url":"https:\/\/www.lacopertaricamata.com\/wp-content\/uploads\/2022\/02\/logo.png","contentUrl":"https:\/\/www.lacopertaricamata.com\/wp-content\/uploads\/2022\/02\/logo.png","width":270,"height":103,"caption":"B&B La coperta Ricamata, Siena"},"image":{"@id":"https:\/\/www.lacopertaricamata.com\/es\/#\/schema\/logo\/image\/"},"sameAs":["https:\/\/www.facebook.com\/lacoperta.ricamata"]}]}},"_links":{"self":[{"href":"https:\/\/www.lacopertaricamata.com\/fr\/wp-json\/wp\/v2\/pages\/1837"}],"collection":[{"href":"https:\/\/www.lacopertaricamata.com\/fr\/wp-json\/wp\/v2\/pages"}],"about":[{"href":"https:\/\/www.lacopertaricamata.com\/fr\/wp-json\/wp\/v2\/types\/page"}],"author":[{"embeddable":true,"href":"https:\/\/www.lacopertaricamata.com\/fr\/wp-json\/wp\/v2\/users\/1"}],"replies":[{"embeddable":true,"href":"https:\/\/www.lacopertaricamata.com\/fr\/wp-json\/wp\/v2\/comments?post=1837"}],"version-history":[{"count":4,"href":"https:\/\/www.lacopertaricamata.com\/fr\/wp-json\/wp\/v2\/pages\/1837\/revisions"}],"predecessor-version":[{"id":2152,"href":"https:\/\/www.lacopertaricamata.com\/fr\/wp-json\/wp\/v2\/pages\/1837\/revisions\/2152"}],"up":[{"embeddable":true,"href":"https:\/\/www.lacopertaricamata.com\/fr\/wp-json\/wp\/v2\/pages\/1805"}],"wp:attachment":[{"href":"https:\/\/www.lacopertaricamata.com\/fr\/wp-json\/wp\/v2\/media?parent=1837"}],"curies":[{"name":"wp","href":"https:\/\/api.w.org\/{rel}","templated":true}]}}