{"id":1811,"date":"2022-07-08T10:40:46","date_gmt":"2022-07-08T10:40:46","guid":{"rendered":"https:\/\/www.lacopertaricamata.com\/le-nostre-camere\/le-stelle\/"},"modified":"2022-09-20T08:29:04","modified_gmt":"2022-09-20T08:29:04","slug":"le-stelle","status":"publish","type":"page","link":"https:\/\/www.lacopertaricamata.com\/fr\/nos-chambres\/le-stelle\/","title":{"rendered":"Le Stelle"},"content":{"rendered":"<div class=\"wpb-content-wrapper\"><p>[vc_row][vc_column width=\u00a0\u00bb1\/2&Prime;][vc_single_image image=\u00a0\u00bb1674&Prime; img_size=\u00a0\u00bbfull\u00a0\u00bb alignment=\u00a0\u00bbcenter\u00a0\u00bb onclick=\u00a0\u00bblink_image\u00a0\u00bb lazy_loading=\u00a0\u00bbtrue\u00a0\u00bb][\/vc_column][vc_column width=\u00a0\u00bb1\/2&Prime;][vc_column_text]<\/p>\n<h4>(les \u00e9toiles): En montant les escaliers en travertin, au deuxi\u00e8me \u00e9tage du B &amp; B, il y a un grenier qui conserve l\u2019ancienne poutre de la construction initiale de la maison datant de 1936. Il est \u00e9clair\u00e9 par deux fen\u00eatres Velux \u00e9quip\u00e9es de volets roulants qui s\u2019ouvrent et se ferment \u00e9lectriquement; il y a aussi une fen\u00eatre avec moustiquaire, qui peut \u00e9galement \u00eatre ouverte \u00e9lectriquement en correspondance avec la cuisine.<\/h4>\n<p>C\u2019est une mansarde spacieuse d\u2019environ 60 m2, confortable compos\u00e9e d\u2019une chambre avec un lit double avec vue des toits, cuisine-salle \u00e0 manger avec banquette-lit et salle d\u2019eau \u2013 w.c.[\/vc_column_text]<div class=\"hr-thin style-line\" style=\"width: 100%;border-top-width: 1px;\"><\/div>[\/vc_column][\/vc_row][vc_row][vc_column][vc_empty_space][\/vc_column][\/vc_row][vc_row][vc_column]<div id=\"ultimate-heading-388669e73905ef5cb\" class=\"uvc-heading ult-adjust-bottom-margin ultimate-heading-388669e73905ef5cb uvc-4292  uvc-heading-default-font-sizes\" data-hspacer=\"no_spacer\"  data-halign=\"center\" style=\"text-align:center\"><div class=\"uvc-heading-spacer no_spacer\" style=\"top\"><\/div><div class=\"uvc-main-heading ult-responsive\"  data-ultimate-target='.uvc-heading.ultimate-heading-388669e73905ef5cb h2'  data-responsive-json-new='{\"font-size\":\"\",\"line-height\":\"\"}' ><h2 style=\"font-family:&#039;Dancing Script&#039;;--font-weight:theme;color:#2552b2;\">Demander la disponibilit\u00e9<\/h2><\/div><\/div>[vc_empty_space]\n<div class=\"wpcf7 no-js\" id=\"wpcf7-f1976-o1\" lang=\"fr-FR\" dir=\"ltr\">\n<div class=\"screen-reader-response\"><p role=\"status\" aria-live=\"polite\" aria-atomic=\"true\"><\/p> <ul><\/ul><\/div>\n<form action=\"\/fr\/wp-json\/wp\/v2\/pages\/1811#wpcf7-f1976-o1\" method=\"post\" class=\"wpcf7-form init\" aria-label=\"Formulaire de contact\" novalidate=\"novalidate\" data-status=\"init\">\n<div style=\"display: none;\">\n<input type=\"hidden\" name=\"_wpcf7\" value=\"1976\" \/>\n<input type=\"hidden\" name=\"_wpcf7_version\" value=\"5.9.3\" \/>\n<input type=\"hidden\" name=\"_wpcf7_locale\" value=\"fr_FR\" \/>\n<input type=\"hidden\" name=\"_wpcf7_unit_tag\" value=\"wpcf7-f1976-o1\" \/>\n<input type=\"hidden\" name=\"_wpcf7_container_post\" value=\"0\" \/>\n<input type=\"hidden\" name=\"_wpcf7_posted_data_hash\" value=\"\" \/>\n<input type=\"hidden\" name=\"_wpcf7_recaptcha_response\" value=\"\" \/>\n<\/div>\n<p><label>Nom et pr\u00e9nom*<br \/>\n<span class=\"wpcf7-form-control-wrap\" data-name=\"your-name\"><input size=\"40\" class=\"wpcf7-form-control wpcf7-text wpcf7-validates-as-required\" aria-required=\"true\" aria-invalid=\"false\" value=\"\" type=\"text\" name=\"your-name\" \/><\/span> <\/label>\n<\/p>\n<p><label> Votre e-mail*<br \/>\n<span class=\"wpcf7-form-control-wrap\" data-name=\"your-email\"><input size=\"40\" class=\"wpcf7-form-control wpcf7-email wpcf7-validates-as-required wpcf7-text wpcf7-validates-as-email\" aria-required=\"true\" aria-invalid=\"false\" value=\"\" type=\"email\" name=\"your-email\" \/><\/span> <\/label>\n<\/p>\n<p><label> T\u00e9l\u00e9phoner*<br \/>\n<span class=\"wpcf7-form-control-wrap\" data-name=\"tel-712\"><input size=\"40\" class=\"wpcf7-form-control wpcf7-tel wpcf7-validates-as-required wpcf7-text wpcf7-validates-as-tel\" aria-required=\"true\" aria-invalid=\"false\" value=\"\" type=\"tel\" name=\"tel-712\" \/><\/span><\/label>\n<\/p>\n<div style=\"width:48%;float: left;\">\n\t<p><label> Adultes*<br \/>\n<span class=\"wpcf7-form-control-wrap\" data-name=\"number-344\"><input class=\"wpcf7-form-control wpcf7-number wpcf7-validates-as-required wpcf7-validates-as-number\" min=\"1\" max=\"10\" aria-required=\"true\" aria-invalid=\"false\" value=\"1\" type=\"number\" name=\"number-344\" \/><\/span><\/label>\n\t<\/p>\n<\/div>\n<div style=\"width:48%;float: right;\">\n\t<p><label> Enfants*<br \/>\n<span class=\"wpcf7-form-control-wrap\" data-name=\"number-527\"><input class=\"wpcf7-form-control wpcf7-number wpcf7-validates-as-required wpcf7-validates-as-number\" min=\"0\" max=\"10\" aria-required=\"true\" aria-invalid=\"false\" value=\"0\" type=\"number\" name=\"number-527\" \/><\/span><\/label>\n\t<\/p>\n<\/div>\n<div style=\"width:48%;float: left;\">\n\t<p><label> Date d'arriv\u00e9e*<br \/>\n<span class=\"wpcf7-form-control-wrap\" data-name=\"date-792\"><input class=\"wpcf7-form-control wpcf7-date wpcf7-validates-as-required wpcf7-validates-as-date\" aria-required=\"true\" aria-invalid=\"false\" value=\"\" type=\"date\" name=\"date-792\" \/><\/span><\/label>\n\t<\/p>\n<\/div>\n<div style=\"width:48%;float: right;\">\n\t<p><label> Date de d\u00e9part*<br \/>\n<span class=\"wpcf7-form-control-wrap\" data-name=\"date-793\"><input class=\"wpcf7-form-control wpcf7-date wpcf7-validates-as-required wpcf7-validates-as-date\" aria-required=\"true\" aria-invalid=\"false\" value=\"\" type=\"date\" name=\"date-793\" \/><\/span><\/label>\n\t<\/p>\n<\/div>\n<div style=\"width:100%;float: left;\">\n\t<p><label> Laisser un message:<br \/>\n<span class=\"wpcf7-form-control-wrap\" data-name=\"textarea-574\"><textarea cols=\"40\" rows=\"10\" class=\"wpcf7-form-control wpcf7-textarea minwi\" aria-invalid=\"false\" name=\"textarea-574\"><\/textarea><\/span> <\/label>\n\t<\/p>\n<\/div>\n<p><label><span class=\"wpcf7-form-control-wrap\" data-name=\"acceptance-681\"><span class=\"wpcf7-form-control wpcf7-acceptance\"><span class=\"wpcf7-list-item\"><label><input type=\"checkbox\" name=\"acceptance-681\" value=\"1\" aria-invalid=\"false\" \/><span class=\"wpcf7-list-item-label\">Je consens au traitement de mes donn\u00e9es personnelles comme indiqu\u00e9 dans la Privacy Policy<\/span><\/label><\/span><\/span><\/span><\/label>\n<\/p>\n<p><input class=\"wpcf7-form-control wpcf7-submit has-spinner\" type=\"submit\" value=\"Envoyer\" \/>\n<\/p><div class=\"wpcf7-response-output\" aria-hidden=\"true\"><\/div>\n<\/form>\n<\/div>\n[vc_empty_space][\/vc_column][\/vc_row]<\/p>\n<\/div>","protected":false},"excerpt":{"rendered":"<p>[vc_row][vc_column width=\u00a0\u00bb1\/2&Prime;][vc_single_image image=\u00a0\u00bb1674&Prime; img_size=\u00a0\u00bbfull\u00a0\u00bb alignment=\u00a0\u00bbcenter\u00a0\u00bb onclick=\u00a0\u00bblink_image\u00a0\u00bb lazy_loading=\u00a0\u00bbtrue\u00a0\u00bb][\/vc_column][vc_column width=\u00a0\u00bb1\/2&Prime;][vc_column_text] (les \u00e9toiles): En montant les escaliers en travertin, au deuxi\u00e8me \u00e9tage du B &amp; B, il y a un grenier qui conserve l\u2019ancienne poutre de la construction initiale de la maison datant de 1936. Il est \u00e9clair\u00e9 par deux fen\u00eatres Velux \u00e9quip\u00e9es de volets roulants qui s\u2019ouvrent&hellip;<\/p>\n","protected":false},"author":1,"featured_media":0,"parent":1805,"menu_order":0,"comment_status":"closed","ping_status":"closed","template":"","meta":{"footnotes":""},"yoast_head":"<!-- This site is optimized with the Yoast SEO plugin v22.3 - https:\/\/yoast.com\/wordpress\/plugins\/seo\/ -->\n<title>Le Stelle - B&amp;B La coperta Ricamata, Siena<\/title>\n<meta name=\"description\" content=\"Le stelle. Il est \u00e9clair\u00e9 par deux fen\u00eatres Velux \u00e9quip\u00e9es de volets roulants qui s\u2019ouvrent et se ferment \u00e9lectriquement\" \/>\n<meta name=\"robots\" content=\"index, follow, max-snippet:-1, max-image-preview:large, max-video-preview:-1\" \/>\n<link rel=\"canonical\" href=\"https:\/\/www.lacopertaricamata.com\/fr\/nos-chambres\/le-stelle\/\" \/>\n<meta property=\"og:locale\" content=\"fr_FR\" \/>\n<meta property=\"og:type\" content=\"article\" \/>\n<meta property=\"og:title\" content=\"Le Stelle - B&amp;B La coperta Ricamata, Siena\" \/>\n<meta property=\"og:description\" content=\"Le stelle. Il est \u00e9clair\u00e9 par deux fen\u00eatres Velux \u00e9quip\u00e9es de volets roulants qui s\u2019ouvrent et se ferment \u00e9lectriquement\" \/>\n<meta property=\"og:url\" content=\"https:\/\/www.lacopertaricamata.com\/fr\/nos-chambres\/le-stelle\/\" \/>\n<meta property=\"og:site_name\" content=\"B&amp;B La coperta Ricamata, Siena\" \/>\n<meta property=\"article:publisher\" content=\"https:\/\/www.facebook.com\/lacoperta.ricamata\" \/>\n<meta property=\"article:modified_time\" content=\"2022-09-20T08:29:04+00:00\" \/>\n<meta name=\"twitter:card\" content=\"summary_large_image\" \/>\n<meta name=\"twitter:label1\" content=\"Dur\u00e9e de lecture estim\u00e9e\" \/>\n\t<meta name=\"twitter:data1\" content=\"1 minute\" \/>\n<script type=\"application\/ld+json\" class=\"yoast-schema-graph\">{\"@context\":\"https:\/\/schema.org\",\"@graph\":[{\"@type\":\"WebPage\",\"@id\":\"https:\/\/www.lacopertaricamata.com\/fr\/nos-chambres\/le-stelle\/\",\"url\":\"https:\/\/www.lacopertaricamata.com\/fr\/nos-chambres\/le-stelle\/\",\"name\":\"Le Stelle - B&amp;B La coperta Ricamata, Siena\",\"isPartOf\":{\"@id\":\"https:\/\/www.lacopertaricamata.com\/es\/#website\"},\"datePublished\":\"2022-07-08T10:40:46+00:00\",\"dateModified\":\"2022-09-20T08:29:04+00:00\",\"description\":\"Le stelle. Il est \u00e9clair\u00e9 par deux fen\u00eatres Velux \u00e9quip\u00e9es de volets roulants qui s\u2019ouvrent et se ferment \u00e9lectriquement\",\"breadcrumb\":{\"@id\":\"https:\/\/www.lacopertaricamata.com\/fr\/nos-chambres\/le-stelle\/#breadcrumb\"},\"inLanguage\":\"fr-FR\",\"potentialAction\":[{\"@type\":\"ReadAction\",\"target\":[\"https:\/\/www.lacopertaricamata.com\/fr\/nos-chambres\/le-stelle\/\"]}]},{\"@type\":\"BreadcrumbList\",\"@id\":\"https:\/\/www.lacopertaricamata.com\/fr\/nos-chambres\/le-stelle\/#breadcrumb\",\"itemListElement\":[{\"@type\":\"ListItem\",\"position\":1,\"name\":\"Home\",\"item\":\"https:\/\/www.lacopertaricamata.com\/fr\/\"},{\"@type\":\"ListItem\",\"position\":2,\"name\":\"Nos chambres\",\"item\":\"https:\/\/www.lacopertaricamata.com\/fr\/nos-chambres\/\"},{\"@type\":\"ListItem\",\"position\":3,\"name\":\"Le Stelle\"}]},{\"@type\":\"WebSite\",\"@id\":\"https:\/\/www.lacopertaricamata.com\/es\/#website\",\"url\":\"https:\/\/www.lacopertaricamata.com\/es\/\",\"name\":\"B&amp;B La coperta Ricamata, Siena\",\"description\":\"Nel centro della citt&agrave; del Palio\",\"publisher\":{\"@id\":\"https:\/\/www.lacopertaricamata.com\/es\/#organization\"},\"potentialAction\":[{\"@type\":\"SearchAction\",\"target\":{\"@type\":\"EntryPoint\",\"urlTemplate\":\"https:\/\/www.lacopertaricamata.com\/es\/?s={search_term_string}\"},\"query-input\":\"required name=search_term_string\"}],\"inLanguage\":\"fr-FR\"},{\"@type\":\"Organization\",\"@id\":\"https:\/\/www.lacopertaricamata.com\/es\/#organization\",\"name\":\"B&B La coperta Ricamata, Siena\",\"url\":\"https:\/\/www.lacopertaricamata.com\/es\/\",\"logo\":{\"@type\":\"ImageObject\",\"inLanguage\":\"fr-FR\",\"@id\":\"https:\/\/www.lacopertaricamata.com\/es\/#\/schema\/logo\/image\/\",\"url\":\"https:\/\/www.lacopertaricamata.com\/wp-content\/uploads\/2022\/02\/logo.png\",\"contentUrl\":\"https:\/\/www.lacopertaricamata.com\/wp-content\/uploads\/2022\/02\/logo.png\",\"width\":270,\"height\":103,\"caption\":\"B&B La coperta Ricamata, Siena\"},\"image\":{\"@id\":\"https:\/\/www.lacopertaricamata.com\/es\/#\/schema\/logo\/image\/\"},\"sameAs\":[\"https:\/\/www.facebook.com\/lacoperta.ricamata\"]}]}<\/script>\n<!-- \/ Yoast SEO plugin. -->","yoast_head_json":{"title":"Le Stelle - B&amp;B La coperta Ricamata, Siena","description":"Le stelle. Il est \u00e9clair\u00e9 par deux fen\u00eatres Velux \u00e9quip\u00e9es de volets roulants qui s\u2019ouvrent et se ferment \u00e9lectriquement","robots":{"index":"index","follow":"follow","max-snippet":"max-snippet:-1","max-image-preview":"max-image-preview:large","max-video-preview":"max-video-preview:-1"},"canonical":"https:\/\/www.lacopertaricamata.com\/fr\/nos-chambres\/le-stelle\/","og_locale":"fr_FR","og_type":"article","og_title":"Le Stelle - B&amp;B La coperta Ricamata, Siena","og_description":"Le stelle. Il est \u00e9clair\u00e9 par deux fen\u00eatres Velux \u00e9quip\u00e9es de volets roulants qui s\u2019ouvrent et se ferment \u00e9lectriquement","og_url":"https:\/\/www.lacopertaricamata.com\/fr\/nos-chambres\/le-stelle\/","og_site_name":"B&amp;B La coperta Ricamata, Siena","article_publisher":"https:\/\/www.facebook.com\/lacoperta.ricamata","article_modified_time":"2022-09-20T08:29:04+00:00","twitter_card":"summary_large_image","twitter_misc":{"Dur\u00e9e de lecture estim\u00e9e":"1 minute"},"schema":{"@context":"https:\/\/schema.org","@graph":[{"@type":"WebPage","@id":"https:\/\/www.lacopertaricamata.com\/fr\/nos-chambres\/le-stelle\/","url":"https:\/\/www.lacopertaricamata.com\/fr\/nos-chambres\/le-stelle\/","name":"Le Stelle - B&amp;B La coperta Ricamata, Siena","isPartOf":{"@id":"https:\/\/www.lacopertaricamata.com\/es\/#website"},"datePublished":"2022-07-08T10:40:46+00:00","dateModified":"2022-09-20T08:29:04+00:00","description":"Le stelle. Il est \u00e9clair\u00e9 par deux fen\u00eatres Velux \u00e9quip\u00e9es de volets roulants qui s\u2019ouvrent et se ferment \u00e9lectriquement","breadcrumb":{"@id":"https:\/\/www.lacopertaricamata.com\/fr\/nos-chambres\/le-stelle\/#breadcrumb"},"inLanguage":"fr-FR","potentialAction":[{"@type":"ReadAction","target":["https:\/\/www.lacopertaricamata.com\/fr\/nos-chambres\/le-stelle\/"]}]},{"@type":"BreadcrumbList","@id":"https:\/\/www.lacopertaricamata.com\/fr\/nos-chambres\/le-stelle\/#breadcrumb","itemListElement":[{"@type":"ListItem","position":1,"name":"Home","item":"https:\/\/www.lacopertaricamata.com\/fr\/"},{"@type":"ListItem","position":2,"name":"Nos chambres","item":"https:\/\/www.lacopertaricamata.com\/fr\/nos-chambres\/"},{"@type":"ListItem","position":3,"name":"Le Stelle"}]},{"@type":"WebSite","@id":"https:\/\/www.lacopertaricamata.com\/es\/#website","url":"https:\/\/www.lacopertaricamata.com\/es\/","name":"B&amp;B La coperta Ricamata, Siena","description":"Nel centro della citt&agrave; del Palio","publisher":{"@id":"https:\/\/www.lacopertaricamata.com\/es\/#organization"},"potentialAction":[{"@type":"SearchAction","target":{"@type":"EntryPoint","urlTemplate":"https:\/\/www.lacopertaricamata.com\/es\/?s={search_term_string}"},"query-input":"required name=search_term_string"}],"inLanguage":"fr-FR"},{"@type":"Organization","@id":"https:\/\/www.lacopertaricamata.com\/es\/#organization","name":"B&B La coperta Ricamata, Siena","url":"https:\/\/www.lacopertaricamata.com\/es\/","logo":{"@type":"ImageObject","inLanguage":"fr-FR","@id":"https:\/\/www.lacopertaricamata.com\/es\/#\/schema\/logo\/image\/","url":"https:\/\/www.lacopertaricamata.com\/wp-content\/uploads\/2022\/02\/logo.png","contentUrl":"https:\/\/www.lacopertaricamata.com\/wp-content\/uploads\/2022\/02\/logo.png","width":270,"height":103,"caption":"B&B La coperta Ricamata, Siena"},"image":{"@id":"https:\/\/www.lacopertaricamata.com\/es\/#\/schema\/logo\/image\/"},"sameAs":["https:\/\/www.facebook.com\/lacoperta.ricamata"]}]}},"_links":{"self":[{"href":"https:\/\/www.lacopertaricamata.com\/fr\/wp-json\/wp\/v2\/pages\/1811"}],"collection":[{"href":"https:\/\/www.lacopertaricamata.com\/fr\/wp-json\/wp\/v2\/pages"}],"about":[{"href":"https:\/\/www.lacopertaricamata.com\/fr\/wp-json\/wp\/v2\/types\/page"}],"author":[{"embeddable":true,"href":"https:\/\/www.lacopertaricamata.com\/fr\/wp-json\/wp\/v2\/users\/1"}],"replies":[{"embeddable":true,"href":"https:\/\/www.lacopertaricamata.com\/fr\/wp-json\/wp\/v2\/comments?post=1811"}],"version-history":[{"count":5,"href":"https:\/\/www.lacopertaricamata.com\/fr\/wp-json\/wp\/v2\/pages\/1811\/revisions"}],"predecessor-version":[{"id":2081,"href":"https:\/\/www.lacopertaricamata.com\/fr\/wp-json\/wp\/v2\/pages\/1811\/revisions\/2081"}],"up":[{"embeddable":true,"href":"https:\/\/www.lacopertaricamata.com\/fr\/wp-json\/wp\/v2\/pages\/1805"}],"wp:attachment":[{"href":"https:\/\/www.lacopertaricamata.com\/fr\/wp-json\/wp\/v2\/media?parent=1811"}],"curies":[{"name":"wp","href":"https:\/\/api.w.org\/{rel}","templated":true}]}}