{"id":1894,"date":"2016-07-12T21:43:33","date_gmt":"2016-07-12T21:43:33","guid":{"rendered":"https:\/\/www.lacopertaricamata.com\/contatti\/"},"modified":"2022-09-23T13:52:53","modified_gmt":"2022-09-23T13:52:53","slug":"contactos","status":"publish","type":"page","link":"https:\/\/www.lacopertaricamata.com\/es\/contactos\/","title":{"rendered":"Contactos"},"content":{"rendered":"<div class=\"wpb-content-wrapper\"><p>[vc_row type=\u00bbvc_default\u00bb content_placement=\u00bbtop\u00bb css=\u00bb.vc_custom_1474233112687{padding-bottom: 45px !important;}\u00bb][vc_column width=\u00bb1\/3&#8243; offset=\u00bbvc_col-lg-4 vc_col-md-4&#8243;]<div class=\"aio-icon-component  vc_custom_1661339218998   style_1\"><div id=\"Info-box-wrap-7068\" class=\"aio-icon-box left-icon\" style=\"\"  ><div class=\"aio-icon-left\"><div class=\"ult-just-icon-wrapper  \"><div class=\"align-icon\" style=\"text-align:center;\">\n<div class=\"aio-icon none \"  style=\"color:#2552b2;font-size:20px;display:inline-block;\">\n\t<i class=\"icomoon-free-social-contact-16x16-home\"><\/i>\n<\/div><\/div><\/div><\/div><div class=\"aio-ibd-block\"><div class=\"aio-icon-header\" ><h3 class=\"aio-icon-title ult-responsive\"  data-ultimate-target='#Info-box-wrap-7068 .aio-icon-title'  data-responsive-json-new='{\"font-size\":\"desktop:24px;\",\"line-height\":\"desktop:26px;\"}'  style=\"font-weight:700;color:#2552b2;\">Direcci\u00f3n<\/h3><\/div> <!-- header --><div class=\"aio-icon-description ult-responsive\"  data-ultimate-target='#Info-box-wrap-7068 .aio-icon-description'  data-responsive-json-new='{\"font-size\":\"\",\"line-height\":\"\"}'  style=\"\">Via Garibaldi 46, 53100 Siena<\/div> <!-- description --><\/div> <!-- aio-ibd-block --><\/div> <!-- aio-icon-box --><\/div> <!-- aio-icon-component -->[\/vc_column][vc_column width=\u00bb1\/3&#8243; offset=\u00bbvc_col-lg-4 vc_col-md-4&#8243;]<div class=\"aio-icon-component  vc_custom_1661339269687   style_1\"><div id=\"Info-box-wrap-4835\" class=\"aio-icon-box left-icon\" style=\"\"  ><div class=\"aio-icon-left\"><div class=\"ult-just-icon-wrapper  \"><div class=\"align-icon\" style=\"text-align:center;\">\n<div class=\"aio-icon none \"  style=\"color:#2552b2;font-size:20px;display:inline-block;\">\n\t<i class=\"icomoon-free-social-contact-16x16-phone\"><\/i>\n<\/div><\/div><\/div><\/div><div class=\"aio-ibd-block\"><div class=\"aio-icon-header\" ><h3 class=\"aio-icon-title ult-responsive\"  data-ultimate-target='#Info-box-wrap-4835 .aio-icon-title'  data-responsive-json-new='{\"font-size\":\"desktop:24px;\",\"line-height\":\"desktop:26px;\"}'  style=\"font-weight:700;color:#2552b2;\">Tel\u00e9fono<\/h3><\/div> <!-- header --><div class=\"aio-icon-description ult-responsive\"  data-ultimate-target='#Info-box-wrap-4835 .aio-icon-description'  data-responsive-json-new='{\"font-size\":\"\",\"line-height\":\"\"}'  style=\"\"><a href=\"tel:+39057743657\">+39 0577 43657<\/a><br \/>\n<a href=\"tel:+393288085491\">+39 328 8085491<\/a><\/div> <!-- description --><\/div> <!-- aio-ibd-block --><\/div> <!-- aio-icon-box --><\/div> <!-- aio-icon-component -->[\/vc_column][vc_column width=\u00bb1\/3&#8243; offset=\u00bbvc_col-lg-4 vc_col-md-4&#8243;]<div class=\"aio-icon-component  vc_custom_1663941139080   style_1\"><div id=\"Info-box-wrap-7387\" class=\"aio-icon-box left-icon\" style=\"\"  ><div class=\"aio-icon-left\"><div class=\"ult-just-icon-wrapper  \"><div class=\"align-icon\" style=\"text-align:center;\">\n<div class=\"aio-icon none \"  style=\"color:#2552b2;font-size:20px;display:inline-block;\">\n\t<i class=\"icomoon-free-social-contact-16x16-clock\"><\/i>\n<\/div><\/div><\/div><\/div><div class=\"aio-ibd-block\"><div class=\"aio-icon-header\" ><h3 class=\"aio-icon-title ult-responsive\"  data-ultimate-target='#Info-box-wrap-7387 .aio-icon-title'  data-responsive-json-new='{\"font-size\":\"desktop:24px;\",\"line-height\":\"desktop:26px;\"}'  style=\"font-weight:700;color:#2552b2;\">Check-in\/out<\/h3><\/div> <!-- header --><div class=\"aio-icon-description ult-responsive\"  data-ultimate-target='#Info-box-wrap-7387 .aio-icon-description'  data-responsive-json-new='{\"font-size\":\"\",\"line-height\":\"\"}'  style=\"\">Hora de entrada: 15:00<br \/>\nHora de salida: 20:00<\/div> <!-- description --><\/div> <!-- aio-ibd-block --><\/div> <!-- aio-icon-box --><\/div> <!-- aio-icon-component -->[\/vc_column][\/vc_row][vc_row type=\u00bbvc_default\u00bb content_placement=\u00bbtop\u00bb css=\u00bb.vc_custom_1474233112687{padding-bottom: 45px !important;}\u00bb][vc_column width=\u00bb1\/3&#8243; offset=\u00bbvc_col-lg-4 vc_col-md-4&#8243;]<div class=\"aio-icon-component  vc_custom_1663941167712   style_1\"><div id=\"Info-box-wrap-1715\" class=\"aio-icon-box left-icon\" style=\"\"  ><div class=\"aio-icon-left\"><div class=\"ult-just-icon-wrapper  \"><div class=\"align-icon\" style=\"text-align:center;\">\n<div class=\"aio-icon none \"  style=\"color:#2552b2;font-size:20px;display:inline-block;\">\n\t<i class=\"icomoon-free-social-contact-16x16-location\"><\/i>\n<\/div><\/div><\/div><\/div><div class=\"aio-ibd-block\"><div class=\"aio-icon-header\" ><h3 class=\"aio-icon-title ult-responsive\"  data-ultimate-target='#Info-box-wrap-1715 .aio-icon-title'  data-responsive-json-new='{\"font-size\":\"desktop:24px;\",\"line-height\":\"desktop:26px;\"}'  style=\"font-weight:700;color:#2552b2;\">Aparcamiento<\/h3><\/div> <!-- header --><div class=\"aio-icon-description ult-responsive\"  data-ultimate-target='#Info-box-wrap-1715 .aio-icon-description'  data-responsive-json-new='{\"font-size\":\"\",\"line-height\":\"\"}'  style=\"\">Aparcamiento p\u00fablico y gratuito en las calles cercanas<\/div> <!-- description --><\/div> <!-- aio-ibd-block --><\/div> <!-- aio-icon-box --><\/div> <!-- aio-icon-component -->[\/vc_column][vc_column width=\u00bb1\/3&#8243; offset=\u00bbvc_col-lg-4 vc_col-md-4&#8243;]<div class=\"aio-icon-component  vc_custom_1657217155450   style_1\"><div id=\"Info-box-wrap-1021\" class=\"aio-icon-box left-icon\" style=\"\"  ><div class=\"aio-icon-left\"><div class=\"ult-just-icon-wrapper  \"><div class=\"align-icon\" style=\"text-align:center;\">\n<div class=\"aio-icon none \"  style=\"color:#2552b2;font-size:20px;display:inline-block;\">\n\t<i class=\"icomoon-free-social-contact-16x16-envelop\"><\/i>\n<\/div><\/div><\/div><\/div><div class=\"aio-ibd-block\"><div class=\"aio-icon-header\" ><h3 class=\"aio-icon-title ult-responsive\"  data-ultimate-target='#Info-box-wrap-1021 .aio-icon-title'  data-responsive-json-new='{\"font-size\":\"desktop:24px;\",\"line-height\":\"desktop:26px;\"}'  style=\"font-weight:700;color:#2552b2;\">Email<\/h3><\/div> <!-- header --><div class=\"aio-icon-description ult-responsive\"  data-ultimate-target='#Info-box-wrap-1021 .aio-icon-description'  data-responsive-json-new='{\"font-size\":\"\",\"line-height\":\"\"}'  style=\"\"><a href=\"mailto:sugherini@libero.it\">sugherini@libero.it<\/a><\/div> <!-- description --><\/div> <!-- aio-ibd-block --><\/div> <!-- aio-icon-box --><\/div> <!-- aio-icon-component -->[\/vc_column][vc_column width=\u00bb1\/3&#8243; offset=\u00bbvc_col-lg-4 vc_col-md-4&#8243;][\/vc_column][\/vc_row][vc_row type=\u00bbvc_default\u00bb equal_height=\u00bbyes\u00bb bg_type=\u00bbbg_color\u00bb bg_override=\u00bbex-full\u00bb bg_color_value=\u00bb#f4f4f4&#8243; el_id=\u00bbmenu_section\u00bb css=\u00bb.vc_custom_1469436977972{padding-top: 90px !important;padding-bottom: 60px !important;}\u00bb][vc_column css=\u00bb.vc_custom_1469438249390{margin-right: 30px !important;margin-bottom: 30px !important;margin-left: 30px !important;padding-top: 45px !important;padding-right: 40px !important;padding-bottom: 40px !important;padding-left: 40px !important;background-color: #ffffff !important;}\u00bb offset=\u00bbvc_col-lg-offset-0 vc_col-lg-6 vc_col-md-offset-0 vc_col-md-6 vc_col-sm-offset-0&#8243;]<div class=\"dt-fancy-separator h3-size accent-title-color\" style=\"width: 100%;\"><div class=\"dt-fancy-title\"><span class=\"separator-holder separator-left\"><\/span>Inf\u00f3rmate en el Mapa<span class=\"separator-holder separator-right\"><\/span><\/div><\/div>[vc_empty_space][vc_column_text]<iframe loading=\"lazy\" style=\"border: 0;\" src=\"https:\/\/www.google.com\/maps\/embed?pb=!1m18!1m12!1m3!1d692.1180312839392!2d11.329644030617683!3d43.32462659439603!2m3!1f0!2f0!3f0!3m2!1i1024!2i768!4f13.1!3m3!1m2!1s0x132a2cc7beb398b7%3A0xdc07f740ff271371!2sVia%20Giuseppe%20Garibaldi%2C%2046%2C%2053100%20Siena%20SI!5e1!3m2!1sit!2sit!4v1645184806616!5m2!1sit!2sit\" width=\"100%\" height=\"450\" allowfullscreen=\"allowfullscreen\"><\/iframe>[\/vc_column_text][\/vc_column][vc_column css=\u00bb.vc_custom_1469438263635{margin-right: 30px !important;margin-bottom: 30px !important;margin-left: 30px !important;padding-top: 45px !important;padding-right: 40px !important;padding-bottom: 30px !important;padding-left: 40px !important;background-color: #ffffff !important;}\u00bb offset=\u00bbvc_col-lg-6 vc_col-md-6&#8243;]<div class=\"dt-fancy-separator h3-size accent-title-color\" style=\"width: 100%;\"><div class=\"dt-fancy-title\"><span class=\"separator-holder separator-left\"><\/span>Cont\u00e1ctenos<span class=\"separator-holder separator-right\"><\/span><\/div><\/div>[vc_empty_space]\n<div class=\"wpcf7 no-js\" id=\"wpcf7-f2033-o1\" lang=\"es-ES\" dir=\"ltr\">\n<div class=\"screen-reader-response\"><p role=\"status\" aria-live=\"polite\" aria-atomic=\"true\"><\/p> <ul><\/ul><\/div>\n<form action=\"\/es\/wp-json\/wp\/v2\/pages\/1894#wpcf7-f2033-o1\" method=\"post\" class=\"wpcf7-form init\" aria-label=\"Formulario de contacto\" novalidate=\"novalidate\" data-status=\"init\">\n<div style=\"display: none;\">\n<input type=\"hidden\" name=\"_wpcf7\" value=\"2033\" \/>\n<input type=\"hidden\" name=\"_wpcf7_version\" value=\"5.9.3\" \/>\n<input type=\"hidden\" name=\"_wpcf7_locale\" value=\"es_ES\" \/>\n<input type=\"hidden\" name=\"_wpcf7_unit_tag\" value=\"wpcf7-f2033-o1\" \/>\n<input type=\"hidden\" name=\"_wpcf7_container_post\" value=\"0\" \/>\n<input type=\"hidden\" name=\"_wpcf7_posted_data_hash\" value=\"\" \/>\n<input type=\"hidden\" name=\"_wpcf7_recaptcha_response\" value=\"\" \/>\n<\/div>\n<p><label>Nombre y apellido*<br \/>\n<span class=\"wpcf7-form-control-wrap\" data-name=\"your-name\"><input size=\"40\" class=\"wpcf7-form-control wpcf7-text wpcf7-validates-as-required\" aria-required=\"true\" aria-invalid=\"false\" value=\"\" type=\"text\" name=\"your-name\" \/><\/span> <\/label>\n<\/p>\n<p><label> Tu correo electr\u00f3nico*<br \/>\n<span class=\"wpcf7-form-control-wrap\" data-name=\"your-email\"><input size=\"40\" class=\"wpcf7-form-control wpcf7-email wpcf7-validates-as-required wpcf7-text wpcf7-validates-as-email\" aria-required=\"true\" aria-invalid=\"false\" value=\"\" type=\"email\" name=\"your-email\" \/><\/span> <\/label>\n<\/p>\n<p><label> Tel\u00e9fono*<br \/>\n<span class=\"wpcf7-form-control-wrap\" data-name=\"tel-712\"><input size=\"40\" class=\"wpcf7-form-control wpcf7-tel wpcf7-validates-as-required wpcf7-text wpcf7-validates-as-tel\" aria-required=\"true\" aria-invalid=\"false\" value=\"\" type=\"tel\" name=\"tel-712\" \/><\/span><\/label>\n<\/p>\n<div style=\"width:100%;float: left;\">\n\t<p><label> Dejar un mensaje:<br \/>\n<span class=\"wpcf7-form-control-wrap\" data-name=\"textarea-574\"><textarea cols=\"40\" rows=\"10\" class=\"wpcf7-form-control wpcf7-textarea minwi\" aria-invalid=\"false\" name=\"textarea-574\"><\/textarea><\/span> <\/label>\n\t<\/p>\n<\/div>\n<p><label><span class=\"wpcf7-form-control-wrap\" data-name=\"acceptance-681\"><span class=\"wpcf7-form-control wpcf7-acceptance\"><span class=\"wpcf7-list-item\"><label><input type=\"checkbox\" name=\"acceptance-681\" value=\"1\" aria-invalid=\"false\" \/><span class=\"wpcf7-list-item-label\">Doy mi consentimiento para el procesamiento de mis datos personales como se informa en la  Privacy Policy<\/span><\/label><\/span><\/span><\/span><\/label>\n<\/p>\n<p><input class=\"wpcf7-form-control wpcf7-submit has-spinner\" type=\"submit\" value=\"Enviar\" \/>\n<\/p><div class=\"wpcf7-response-output\" aria-hidden=\"true\"><\/div>\n<\/form>\n<\/div>\n[\/vc_column][\/vc_row][vc_row][vc_column][vc_empty_space]<div class=\"dt-fancy-separator title-left h2-size accent-title-color\" style=\"width: 100%;\"><div class=\"dt-fancy-title\"><span class=\"separator-holder separator-left\"><\/span>Como llegar<span class=\"separator-holder separator-right\"><\/span><\/div><\/div>[vc_empty_space][vc_column_text]<\/p>\n<h4 align=\"JUSTIFY\"><strong>En coche:<\/strong><\/h4>\n<p>DESDE EL SUR (cruce Bettolle-Siena): contin\u00fae hacia la estaci\u00f3n de tren, tome Viale Toselli, luego en la segunda rotonda siga las indicaciones hacia Porta Ovile, Centro, ingrese a Porta Ovile, siga Via Pian d&#8217;Ovile que termina en Via Garibaldi.<\/p>\n<p>(cruce Grosseto-Siena): siga las indicaciones hacia Arezzo, despu\u00e9s de 4 km, en el cruce siga a la izquierda hacia Siena Centro: se encontrar\u00e1 al final del cruce Bettolle-Siena, as\u00ed que siga las indicaciones anteriores.<\/p>\n<p>DESDE EL NORTE: (cruce Florencia-Siena) salir Siena Nord, en la rotonda tomar Viale Giovanni Paolo II y seguir las indicaciones hacia la estaci\u00f3n de tren, en la segunda rotonda ir a la derecha hacia Centro, pasar el puente sobre el ferrocarril y, en la rotonda, ir a la izquierda, hacer un paso subterr\u00e1neo y en la rotonda mantener a la derecha (avenida arbolada: Via Mazzini). Al final de la calle hay un sem\u00e1foro: recto y despu\u00e9s de 30 metros encontrar\u00e1 Via Garibaldi recto.<\/p>\n<p>(Chiantigiana) llegue al cruce para el cruce Florencia-Siena, siga recto y despu\u00e9s de 50 metros se encontrar\u00e1 en la rotonda de la salida Siena Nord, luego siga las indicaciones anteriores.<\/p>\n<h4 align=\"JUSTIFY\"><strong>En tren:<\/strong><\/h4>\n<p align=\"JUSTIFY\">Cruce la plaza de la estaci\u00f3n (compre su boleto en la estaci\u00f3n), tome los autobuses: 3-4-7-8-10-35 o 77 y b\u00e1jese en la primera parada en Via Garibaldi: el B &amp; B corresponde a la puerta con los leones de terracota que encontrar\u00e1 frente a usted. De lo contrario, a pie (aproximadamente 1 km) suba por Via Mazzini: en la parte inferior, cruce la Barrera de San Lorenzo (coronada por dos lobos de bronce) y estar\u00e1 en Via Garibaldi.<\/p>\n<h4 align=\"JUSTIFY\"><strong>En autob\u00fas:<\/strong><\/h4>\n<p align=\"JUSTIFY\">En la terminal (Piazza Gramsci) ir en direcci\u00f3n opuesta a los jardines p\u00fablicos: via del Sasso di S. Bernardino, en la parte inferior girar a la izquierda y despu\u00e9s de 20 metros se encontrar\u00e1 en Via Garibaldi.<\/p>\n<h4 align=\"JUSTIFY\"><strong>APARCAMIENTO:<\/strong><\/h4>\n<p>Cerca del B&amp;B La Coperta Ricamata se puede encontrar aparcamiento gratuito en Via Don Minzoni, lado de la carretera (martes por la ma\u00f1ana no hay aparcamiento de 7.00 a 10.00 para la limpieza de la calle), Viale Mazzini (limpieza de la calle martes por la ma\u00f1ana lado derecho, lunes por la ma\u00f1ana lado izquierdo) y Via di Pian d&#8217;Ovile.<\/p>\n<p>Estacionamiento\u00a0 \u00abEstadio \/ Fortaleza\u00bb al aire libre sin vigilancia, a unos 200 metros de la estructura.<\/p>\n<p>Parking privado \u00abAutosilo Pian d&#8217;Ovile\u00bb cubierto y vigilado, situado en Via di Pian d&#8217;Ovile, 16 (tarifa diaria alrededor de 25\u20ac).[\/vc_column_text][\/vc_column][\/vc_row]<\/p>\n<\/div>","protected":false},"excerpt":{"rendered":"<p>[vc_row type=\u00bbvc_default\u00bb content_placement=\u00bbtop\u00bb css=\u00bb.vc_custom_1474233112687{padding-bottom: 45px !important;}\u00bb][vc_column width=\u00bb1\/3&#8243; offset=\u00bbvc_col-lg-4 vc_col-md-4&#8243;][\/vc_column][vc_column width=\u00bb1\/3&#8243; offset=\u00bbvc_col-lg-4 vc_col-md-4&#8243;][\/vc_column][vc_column width=\u00bb1\/3&#8243; offset=\u00bbvc_col-lg-4 vc_col-md-4&#8243;][\/vc_column][\/vc_row][vc_row type=\u00bbvc_default\u00bb content_placement=\u00bbtop\u00bb css=\u00bb.vc_custom_1474233112687{padding-bottom: 45px !important;}\u00bb][vc_column width=\u00bb1\/3&#8243; offset=\u00bbvc_col-lg-4 vc_col-md-4&#8243;][\/vc_column][vc_column width=\u00bb1\/3&#8243; offset=\u00bbvc_col-lg-4 vc_col-md-4&#8243;][\/vc_column][vc_column width=\u00bb1\/3&#8243; offset=\u00bbvc_col-lg-4 vc_col-md-4&#8243;][\/vc_column][\/vc_row][vc_row type=\u00bbvc_default\u00bb equal_height=\u00bbyes\u00bb bg_type=\u00bbbg_color\u00bb bg_override=\u00bbex-full\u00bb bg_color_value=\u00bb#f4f4f4&#8243; el_id=\u00bbmenu_section\u00bb css=\u00bb.vc_custom_1469436977972{padding-top: 90px !important;padding-bottom: 60px !important;}\u00bb][vc_column css=\u00bb.vc_custom_1469438249390{margin-right: 30px !important;margin-bottom: 30px !important;margin-left: 30px !important;padding-top: 45px !important;padding-right: 40px !important;padding-bottom: 40px !important;padding-left: 40px !important;background-color:&hellip;<\/p>\n","protected":false},"author":1,"featured_media":0,"parent":0,"menu_order":5,"comment_status":"closed","ping_status":"closed","template":"","meta":{"footnotes":""},"yoast_head":"<!-- This site is optimized with the Yoast SEO plugin v22.3 - https:\/\/yoast.com\/wordpress\/plugins\/seo\/ -->\n<title>Contactos - B&amp;B La coperta Ricamata, Siena<\/title>\n<meta name=\"description\" content=\"Cerca del B&amp;B La Coperta Ricamata se puede encontrar aparcamiento gratuito en Via Don Minzoni, lado de la carretera\" \/>\n<meta name=\"robots\" content=\"index, follow, max-snippet:-1, max-image-preview:large, max-video-preview:-1\" \/>\n<link rel=\"canonical\" href=\"https:\/\/www.lacopertaricamata.com\/es\/contactos\/\" \/>\n<meta property=\"og:locale\" content=\"es_ES\" \/>\n<meta property=\"og:type\" content=\"article\" \/>\n<meta property=\"og:title\" content=\"Contactos - B&amp;B La coperta Ricamata, Siena\" \/>\n<meta property=\"og:description\" content=\"Cerca del B&amp;B La Coperta Ricamata se puede encontrar aparcamiento gratuito en Via Don Minzoni, lado de la carretera\" \/>\n<meta property=\"og:url\" content=\"https:\/\/www.lacopertaricamata.com\/es\/contactos\/\" \/>\n<meta property=\"og:site_name\" content=\"B&amp;B La coperta Ricamata, Siena\" \/>\n<meta property=\"article:publisher\" content=\"https:\/\/www.facebook.com\/lacoperta.ricamata\" \/>\n<meta property=\"article:modified_time\" content=\"2022-09-23T13:52:53+00:00\" \/>\n<meta name=\"twitter:card\" content=\"summary_large_image\" \/>\n<meta name=\"twitter:label1\" content=\"Tiempo de lectura\" \/>\n\t<meta name=\"twitter:data1\" content=\"4 minutos\" \/>\n<script type=\"application\/ld+json\" class=\"yoast-schema-graph\">{\"@context\":\"https:\/\/schema.org\",\"@graph\":[{\"@type\":\"WebPage\",\"@id\":\"https:\/\/www.lacopertaricamata.com\/es\/contactos\/\",\"url\":\"https:\/\/www.lacopertaricamata.com\/es\/contactos\/\",\"name\":\"Contactos - B&amp;B La coperta Ricamata, Siena\",\"isPartOf\":{\"@id\":\"https:\/\/www.lacopertaricamata.com\/es\/#website\"},\"datePublished\":\"2016-07-12T21:43:33+00:00\",\"dateModified\":\"2022-09-23T13:52:53+00:00\",\"description\":\"Cerca del B&B La Coperta Ricamata se puede encontrar aparcamiento gratuito en Via Don Minzoni, lado de la carretera\",\"breadcrumb\":{\"@id\":\"https:\/\/www.lacopertaricamata.com\/es\/contactos\/#breadcrumb\"},\"inLanguage\":\"es\",\"potentialAction\":[{\"@type\":\"ReadAction\",\"target\":[\"https:\/\/www.lacopertaricamata.com\/es\/contactos\/\"]}]},{\"@type\":\"BreadcrumbList\",\"@id\":\"https:\/\/www.lacopertaricamata.com\/es\/contactos\/#breadcrumb\",\"itemListElement\":[{\"@type\":\"ListItem\",\"position\":1,\"name\":\"Home\",\"item\":\"https:\/\/www.lacopertaricamata.com\/es\/\"},{\"@type\":\"ListItem\",\"position\":2,\"name\":\"Contactos\"}]},{\"@type\":\"WebSite\",\"@id\":\"https:\/\/www.lacopertaricamata.com\/es\/#website\",\"url\":\"https:\/\/www.lacopertaricamata.com\/es\/\",\"name\":\"B&amp;B La coperta Ricamata, Siena\",\"description\":\"Nel centro della citt&agrave; del Palio\",\"publisher\":{\"@id\":\"https:\/\/www.lacopertaricamata.com\/es\/#organization\"},\"potentialAction\":[{\"@type\":\"SearchAction\",\"target\":{\"@type\":\"EntryPoint\",\"urlTemplate\":\"https:\/\/www.lacopertaricamata.com\/es\/?s={search_term_string}\"},\"query-input\":\"required name=search_term_string\"}],\"inLanguage\":\"es\"},{\"@type\":\"Organization\",\"@id\":\"https:\/\/www.lacopertaricamata.com\/es\/#organization\",\"name\":\"B&B La coperta Ricamata, Siena\",\"url\":\"https:\/\/www.lacopertaricamata.com\/es\/\",\"logo\":{\"@type\":\"ImageObject\",\"inLanguage\":\"es\",\"@id\":\"https:\/\/www.lacopertaricamata.com\/es\/#\/schema\/logo\/image\/\",\"url\":\"https:\/\/www.lacopertaricamata.com\/wp-content\/uploads\/2022\/02\/logo.png\",\"contentUrl\":\"https:\/\/www.lacopertaricamata.com\/wp-content\/uploads\/2022\/02\/logo.png\",\"width\":270,\"height\":103,\"caption\":\"B&B La coperta Ricamata, Siena\"},\"image\":{\"@id\":\"https:\/\/www.lacopertaricamata.com\/es\/#\/schema\/logo\/image\/\"},\"sameAs\":[\"https:\/\/www.facebook.com\/lacoperta.ricamata\"]}]}<\/script>\n<!-- \/ Yoast SEO plugin. -->","yoast_head_json":{"title":"Contactos - B&amp;B La coperta Ricamata, Siena","description":"Cerca del B&B La Coperta Ricamata se puede encontrar aparcamiento gratuito en Via Don Minzoni, lado de la carretera","robots":{"index":"index","follow":"follow","max-snippet":"max-snippet:-1","max-image-preview":"max-image-preview:large","max-video-preview":"max-video-preview:-1"},"canonical":"https:\/\/www.lacopertaricamata.com\/es\/contactos\/","og_locale":"es_ES","og_type":"article","og_title":"Contactos - B&amp;B La coperta Ricamata, Siena","og_description":"Cerca del B&B La Coperta Ricamata se puede encontrar aparcamiento gratuito en Via Don Minzoni, lado de la carretera","og_url":"https:\/\/www.lacopertaricamata.com\/es\/contactos\/","og_site_name":"B&amp;B La coperta Ricamata, Siena","article_publisher":"https:\/\/www.facebook.com\/lacoperta.ricamata","article_modified_time":"2022-09-23T13:52:53+00:00","twitter_card":"summary_large_image","twitter_misc":{"Tiempo de lectura":"4 minutos"},"schema":{"@context":"https:\/\/schema.org","@graph":[{"@type":"WebPage","@id":"https:\/\/www.lacopertaricamata.com\/es\/contactos\/","url":"https:\/\/www.lacopertaricamata.com\/es\/contactos\/","name":"Contactos - B&amp;B La coperta Ricamata, Siena","isPartOf":{"@id":"https:\/\/www.lacopertaricamata.com\/es\/#website"},"datePublished":"2016-07-12T21:43:33+00:00","dateModified":"2022-09-23T13:52:53+00:00","description":"Cerca del B&B La Coperta Ricamata se puede encontrar aparcamiento gratuito en Via Don Minzoni, lado de la carretera","breadcrumb":{"@id":"https:\/\/www.lacopertaricamata.com\/es\/contactos\/#breadcrumb"},"inLanguage":"es","potentialAction":[{"@type":"ReadAction","target":["https:\/\/www.lacopertaricamata.com\/es\/contactos\/"]}]},{"@type":"BreadcrumbList","@id":"https:\/\/www.lacopertaricamata.com\/es\/contactos\/#breadcrumb","itemListElement":[{"@type":"ListItem","position":1,"name":"Home","item":"https:\/\/www.lacopertaricamata.com\/es\/"},{"@type":"ListItem","position":2,"name":"Contactos"}]},{"@type":"WebSite","@id":"https:\/\/www.lacopertaricamata.com\/es\/#website","url":"https:\/\/www.lacopertaricamata.com\/es\/","name":"B&amp;B La coperta Ricamata, Siena","description":"Nel centro della citt&agrave; del Palio","publisher":{"@id":"https:\/\/www.lacopertaricamata.com\/es\/#organization"},"potentialAction":[{"@type":"SearchAction","target":{"@type":"EntryPoint","urlTemplate":"https:\/\/www.lacopertaricamata.com\/es\/?s={search_term_string}"},"query-input":"required name=search_term_string"}],"inLanguage":"es"},{"@type":"Organization","@id":"https:\/\/www.lacopertaricamata.com\/es\/#organization","name":"B&B La coperta Ricamata, Siena","url":"https:\/\/www.lacopertaricamata.com\/es\/","logo":{"@type":"ImageObject","inLanguage":"es","@id":"https:\/\/www.lacopertaricamata.com\/es\/#\/schema\/logo\/image\/","url":"https:\/\/www.lacopertaricamata.com\/wp-content\/uploads\/2022\/02\/logo.png","contentUrl":"https:\/\/www.lacopertaricamata.com\/wp-content\/uploads\/2022\/02\/logo.png","width":270,"height":103,"caption":"B&B La coperta Ricamata, Siena"},"image":{"@id":"https:\/\/www.lacopertaricamata.com\/es\/#\/schema\/logo\/image\/"},"sameAs":["https:\/\/www.facebook.com\/lacoperta.ricamata"]}]}},"_links":{"self":[{"href":"https:\/\/www.lacopertaricamata.com\/es\/wp-json\/wp\/v2\/pages\/1894"}],"collection":[{"href":"https:\/\/www.lacopertaricamata.com\/es\/wp-json\/wp\/v2\/pages"}],"about":[{"href":"https:\/\/www.lacopertaricamata.com\/es\/wp-json\/wp\/v2\/types\/page"}],"author":[{"embeddable":true,"href":"https:\/\/www.lacopertaricamata.com\/es\/wp-json\/wp\/v2\/users\/1"}],"replies":[{"embeddable":true,"href":"https:\/\/www.lacopertaricamata.com\/es\/wp-json\/wp\/v2\/comments?post=1894"}],"version-history":[{"count":7,"href":"https:\/\/www.lacopertaricamata.com\/es\/wp-json\/wp\/v2\/pages\/1894\/revisions"}],"predecessor-version":[{"id":2128,"href":"https:\/\/www.lacopertaricamata.com\/es\/wp-json\/wp\/v2\/pages\/1894\/revisions\/2128"}],"wp:attachment":[{"href":"https:\/\/www.lacopertaricamata.com\/es\/wp-json\/wp\/v2\/media?parent=1894"}],"curies":[{"name":"wp","href":"https:\/\/api.w.org\/{rel}","templated":true}]}}