{"id":1885,"date":"2016-07-12T14:22:14","date_gmt":"2016-07-12T14:22:14","guid":{"rendered":"https:\/\/www.lacopertaricamata.com\/chi-siamo\/"},"modified":"2022-09-20T07:58:27","modified_gmt":"2022-09-20T07:58:27","slug":"quienes-somos","status":"publish","type":"page","link":"https:\/\/www.lacopertaricamata.com\/es\/quienes-somos\/","title":{"rendered":"Quienes somos"},"content":{"rendered":"<div class=\"wpb-content-wrapper\"><p>[vc_row type=\u00bbvc_default\u00bb css=\u00bb.vc_custom_1474232685932{padding-top: 10px !important;padding-bottom: 20px !important;}\u00bb][vc_column width=\u00bb1\/2&#8243; css=\u00bb.vc_custom_1469281915280{padding-bottom: 60px !important;}\u00bb]<div id=\"ultimate-heading-831769d6f0e080807\" class=\"uvc-heading ult-adjust-bottom-margin ultimate-heading-831769d6f0e080807 uvc-9213 \" data-hspacer=\"no_spacer\"  data-halign=\"left\" style=\"text-align:left\"><div class=\"uvc-heading-spacer no_spacer\" style=\"top\"><\/div><div class=\"uvc-main-heading ult-responsive\"  data-ultimate-target='.uvc-heading.ultimate-heading-831769d6f0e080807 h2'  data-responsive-json-new='{\"font-size\":\"desktop:40px;\",\"line-height\":\"desktop:45px;\"}' ><h2 style=\"font-family:&#039;Dancing Script&#039;;--font-weight:theme;color:#2552b2;\">Los or\u00edgenes de los nombres<\/h2><\/div><\/div>[vc_empty_space height=\u00bb20px\u00bb][vc_column_text]<\/p>\n<h4 style=\"text-align: left;\"><em>\u00abIl cielo \u00e8 una coperta ricamata, le stelle di lass\u00f9 fanno la spia, affacciati al balcone, o bella mia, e vieni ad ascoltar la serenata!<br \/>\nSe dormi, svegliati, vieni al balcone, questa canzone, \u2026<br \/>\nla canto per te.\u00bb <\/em>(Canci\u00f3n popular tradicional)<\/h4>\n<p>[\/vc_column_text][\/vc_column][vc_column width=\u00bb1\/2&#8243; css=\u00bb.vc_custom_1469281920193{padding-bottom: 60px !important;}\u00bb]<div id=\"ultimate-heading-456569d6f0e080869\" class=\"uvc-heading ult-adjust-bottom-margin ultimate-heading-456569d6f0e080869 uvc-6914 \" data-hspacer=\"no_spacer\"  data-halign=\"left\" style=\"text-align:left\"><div class=\"uvc-heading-spacer no_spacer\" style=\"top\"><\/div><div class=\"uvc-main-heading ult-responsive\"  data-ultimate-target='.uvc-heading.ultimate-heading-456569d6f0e080869 h2'  data-responsive-json-new='{\"font-size\":\"desktop:40px;\",\"line-height\":\"desktop:45px;\"}' ><h2 style=\"font-family:&#039;Dancing Script&#039;;--font-weight:theme;color:#2552b2;\">Nuestra misi\u00f3n<\/h2><\/div><\/div>[vc_empty_space height=\u00bb20px\u00bb][vc_column_text]<\/p>\n<h4 style=\"text-align: left;\">Trabajamos arduamente para que nuestros hu\u00e9spedes recuerden con agrado su estad\u00eda en nuestro Bed &amp; Breakfast <strong>\u00abLa coperta Ricamata\u00bb<\/strong>. Nos gusta pensar que nuestra hospitalidad en la ciudad de Siena permanecer\u00e1 en sus corazones durante mucho tiempo.<\/h4>\n<p>[\/vc_column_text][\/vc_column][\/vc_row][vc_row type=\u00bbvc_default\u00bb bg_type=\u00bbbg_color\u00bb bg_override=\u00bbex-full\u00bb css=\u00bb.vc_custom_1657214247894{padding-top: 90px !important;}\u00bb bg_color_value=\u00bb#f4f4f4&#8243;][vc_column width=\u00bb1\/2&#8243; offset=\u00bbvc_hidden-xs\u00bb css=\u00bb.vc_custom_1469185078009{padding-bottom: 30px !important;}\u00bb][vc_row_inner equal_height=\u00bbyes\u00bb css=\u00bb.vc_custom_1469281473155{padding-bottom: 20px !important;}\u00bb][vc_column_inner width=\u00bb1\/2&#8243; offset=\u00bbvc_col-lg-6 vc_col-md-6 vc_col-xs-6 vc_hidden-xs\u00bb css=\u00bb.vc_custom_1469184895697{padding-right: 15px !important;}\u00bb][vc_single_image image=\u00bb1293&#8243; img_size=\u00bb800 \u00d7 540&#8243; alignment=\u00bbcenter\u00bb image_hovers=\u00bbfalse\u00bb lazy_loading=\u00bbtrue\u00bb css=\u00bb.vc_custom_1645181178353{padding-bottom: 30px !important;}\u00bb][vc_single_image image=\u00bb1297&#8243; img_size=\u00bb800 \u00d7 540&#8243; alignment=\u00bbcenter\u00bb image_hovers=\u00bbfalse\u00bb lazy_loading=\u00bbtrue\u00bb][\/vc_column_inner][vc_column_inner width=\u00bb1\/2&#8243; offset=\u00bbvc_col-lg-offset-0 vc_col-lg-6 vc_col-md-offset-0 vc_col-md-6 vc_col-sm-offset-0 vc_col-xs-6 vc_hidden-xs\u00bb css=\u00bb.vc_custom_1645181267528{margin-right: 30px !important;margin-left: 15px !important;padding-top: 20px !important;padding-bottom: 20px !important;background-image: url(https:\/\/www.lacopertaricamata.com\/wp-content\/uploads\/2022\/02\/IMMAGINE-DELLESTERNO-CASA-1.jpg?id=1298) !important;background-position: center !important;background-repeat: no-repeat !important;background-size: cover !important;}\u00bb][\/vc_column_inner][\/vc_row_inner][\/vc_column][vc_column width=\u00bb1\/2&#8243; css=\u00bb.vc_custom_1469185140913{padding-bottom: 20px !important;}\u00bb]<div id=\"ultimate-heading-898569d6f0e0808aa\" class=\"uvc-heading ult-adjust-bottom-margin ultimate-heading-898569d6f0e0808aa uvc-2365 \" data-hspacer=\"no_spacer\"  data-halign=\"left\" style=\"text-align:left\"><div class=\"uvc-heading-spacer no_spacer\" style=\"top\"><\/div><div class=\"uvc-main-heading ult-responsive\"  data-ultimate-target='.uvc-heading.ultimate-heading-898569d6f0e0808aa h2'  data-responsive-json-new='{\"font-size\":\"desktop:40px;\",\"line-height\":\"desktop:45px;\"}' ><h2 style=\"font-family:&#039;Dancing Script&#039;;--font-weight:theme;color:#2552b2;\">La Coperta Ricamata<\/h2><\/div><\/div>[vc_empty_space height=\u00bb20px\u00bb][vc_column_text]<em><strong>La Coperta Ricamata&#8230; La manta bordada&#8230; es la met\u00e1fora del cielo cubierto de estrellas como fondo de la serenata al bac\u00f3n de la bienamada. Es el llamado a la atm\u00f3sfera de una ciudad ins\u00f3lita, m\u00e1gica, que acoge al hu\u00e9sped con la fascinaci\u00f3n y el misterio de su historia, de sus tradiciones, de sus leyendas, de sus cantos. <\/strong><\/em><\/p>\n<p>La m\u00fasica en Siena corre por la toba, en los cimientos, se remonta al arenisco, en el agua de las fuentes que sale de repente en una callejuela, una plaza, a cualquier hora del d\u00eda y, sobre todo, de la noche. Son temas populares que en Siena se prestan como argumento a la tradici\u00f3n oral que se perpet\u00faa en la vida de la \u201cContrada\u201d (barrios de Siena). Es un patrimonio musical colectivo que se debe conservar cuidadosamente, para evitar que se pierdan sus huellas, se debe practicar, as\u00ed como se practica el recuerdo que nunca es igual a si mismo, cambia con el pasar del tiempo, de las emociones, de los afectos. Es as\u00ed que el mismo canto trasmitido oralmente se interpreta con palabras y tonalidades diferentes de \u201cContrada\u201d en \u201cContrada\u201d sin que al final podamos hablar de\u00a0 una verdadera versi\u00f3n.<\/p>\n<p>Si desean asomarse con curiosidad y respeto a este mundo, encontrar\u00e1n seguramente en nuestro B&amp;B (Bed &amp; Breakfast) un punto de partida privilegiado: Siena debe ser descubierta perdi\u00e9ndose es sus callecitas, sus mitos, sus iron\u00edas: se sorprender\u00e1n al encontrar dimensiones nuevas e ins\u00f3litas.[\/vc_column_text][\/vc_column][\/vc_row][vc_row][vc_column][vc_column_text]El B&amp;B se encuentra apenas se entra en la muralla hist\u00f3rica de Siena, en la \u201cContrada\u201d de la Lupa, a pocos pasos de la Plaza del Campo, el coraz\u00f3n de la ciudad, donde tradicionalmente cada 2 de julio y 16 de agosto se corre el Palio. Cerca se encuentran la estaci\u00f3n de autobuses interurbanos y la parada de los urbanos que les pueden llevar directamente (3 paradas) a la estaci\u00f3n de ferrocarril, distante de todos modos, 1 km y a la que se puede llegar en 10 minutos andando. Es posible encontrar aparcamiento gratuito en las calles de alrededor, o bien, pagando, en dos garajes que se encuentran a 50 metros. Se caracteriza por encontrarse dentro de un palacete en el casco antiguo de Siena completamente rodeada por un jard\u00edn: esto permite, no s\u00f3lo respirar ampliamente, sino tambi\u00e9n gozar de la tranquilidad, del silencio y de un ins\u00f3lito panorama del valle que se halla m\u00e1s all\u00e1 de la roca del Monte dei Paschi.[\/vc_column_text][\/vc_column][\/vc_row]<\/p>\n<\/div>","protected":false},"excerpt":{"rendered":"<p>[vc_row type=\u00bbvc_default\u00bb css=\u00bb.vc_custom_1474232685932{padding-top: 10px !important;padding-bottom: 20px !important;}\u00bb][vc_column width=\u00bb1\/2&#8243; css=\u00bb.vc_custom_1469281915280{padding-bottom: 60px !important;}\u00bb][vc_empty_space height=\u00bb20px\u00bb][vc_column_text] \u00abIl cielo \u00e8 una coperta ricamata, le stelle di lass\u00f9 fanno la spia, affacciati al balcone, o bella mia, e vieni ad ascoltar la serenata! Se dormi, svegliati, vieni al balcone, questa canzone, \u2026 la canto per te.\u00bb (Canci\u00f3n popular tradicional) [\/vc_column_text][\/vc_column][vc_column width=\u00bb1\/2&#8243;&hellip;<\/p>\n","protected":false},"author":1,"featured_media":0,"parent":0,"menu_order":1,"comment_status":"closed","ping_status":"closed","template":"","meta":{"footnotes":""},"yoast_head":"<!-- This site is optimized with the Yoast SEO plugin v22.3 - https:\/\/yoast.com\/wordpress\/plugins\/seo\/ -->\n<title>Quienes somos - B&amp;B La coperta Ricamata, Siena<\/title>\n<meta name=\"description\" content=\"Trabajamos arduamente para que nuestros hu\u00e9spedes recuerden con agrado su estad\u00eda en nuestro Bed &amp; Breakfast La coperta Ricamata\" \/>\n<meta name=\"robots\" content=\"index, follow, max-snippet:-1, max-image-preview:large, max-video-preview:-1\" \/>\n<link rel=\"canonical\" href=\"https:\/\/www.lacopertaricamata.com\/es\/quienes-somos\/\" \/>\n<meta property=\"og:locale\" content=\"es_ES\" \/>\n<meta property=\"og:type\" content=\"article\" \/>\n<meta property=\"og:title\" content=\"Quienes somos - B&amp;B La coperta Ricamata, Siena\" \/>\n<meta property=\"og:description\" content=\"Trabajamos arduamente para que nuestros hu\u00e9spedes recuerden con agrado su estad\u00eda en nuestro Bed &amp; Breakfast La coperta Ricamata\" \/>\n<meta property=\"og:url\" content=\"https:\/\/www.lacopertaricamata.com\/es\/quienes-somos\/\" \/>\n<meta property=\"og:site_name\" content=\"B&amp;B La coperta Ricamata, Siena\" \/>\n<meta property=\"article:publisher\" content=\"https:\/\/www.facebook.com\/lacoperta.ricamata\" \/>\n<meta property=\"article:modified_time\" content=\"2022-09-20T07:58:27+00:00\" \/>\n<meta name=\"twitter:card\" content=\"summary_large_image\" \/>\n<meta name=\"twitter:label1\" content=\"Tiempo de lectura\" \/>\n\t<meta name=\"twitter:data1\" content=\"4 minutos\" \/>\n<script type=\"application\/ld+json\" class=\"yoast-schema-graph\">{\"@context\":\"https:\/\/schema.org\",\"@graph\":[{\"@type\":\"WebPage\",\"@id\":\"https:\/\/www.lacopertaricamata.com\/es\/quienes-somos\/\",\"url\":\"https:\/\/www.lacopertaricamata.com\/es\/quienes-somos\/\",\"name\":\"Quienes somos - B&amp;B La coperta Ricamata, Siena\",\"isPartOf\":{\"@id\":\"https:\/\/www.lacopertaricamata.com\/es\/#website\"},\"datePublished\":\"2016-07-12T14:22:14+00:00\",\"dateModified\":\"2022-09-20T07:58:27+00:00\",\"description\":\"Trabajamos arduamente para que nuestros hu\u00e9spedes recuerden con agrado su estad\u00eda en nuestro Bed & Breakfast La coperta Ricamata\",\"breadcrumb\":{\"@id\":\"https:\/\/www.lacopertaricamata.com\/es\/quienes-somos\/#breadcrumb\"},\"inLanguage\":\"es\",\"potentialAction\":[{\"@type\":\"ReadAction\",\"target\":[\"https:\/\/www.lacopertaricamata.com\/es\/quienes-somos\/\"]}]},{\"@type\":\"BreadcrumbList\",\"@id\":\"https:\/\/www.lacopertaricamata.com\/es\/quienes-somos\/#breadcrumb\",\"itemListElement\":[{\"@type\":\"ListItem\",\"position\":1,\"name\":\"Home\",\"item\":\"https:\/\/www.lacopertaricamata.com\/es\/\"},{\"@type\":\"ListItem\",\"position\":2,\"name\":\"Quienes somos\"}]},{\"@type\":\"WebSite\",\"@id\":\"https:\/\/www.lacopertaricamata.com\/es\/#website\",\"url\":\"https:\/\/www.lacopertaricamata.com\/es\/\",\"name\":\"B&amp;B La coperta Ricamata, Siena\",\"description\":\"Nel centro della citt&agrave; del Palio\",\"publisher\":{\"@id\":\"https:\/\/www.lacopertaricamata.com\/es\/#organization\"},\"potentialAction\":[{\"@type\":\"SearchAction\",\"target\":{\"@type\":\"EntryPoint\",\"urlTemplate\":\"https:\/\/www.lacopertaricamata.com\/es\/?s={search_term_string}\"},\"query-input\":\"required name=search_term_string\"}],\"inLanguage\":\"es\"},{\"@type\":\"Organization\",\"@id\":\"https:\/\/www.lacopertaricamata.com\/es\/#organization\",\"name\":\"B&B La coperta Ricamata, Siena\",\"url\":\"https:\/\/www.lacopertaricamata.com\/es\/\",\"logo\":{\"@type\":\"ImageObject\",\"inLanguage\":\"es\",\"@id\":\"https:\/\/www.lacopertaricamata.com\/es\/#\/schema\/logo\/image\/\",\"url\":\"https:\/\/www.lacopertaricamata.com\/wp-content\/uploads\/2022\/02\/logo.png\",\"contentUrl\":\"https:\/\/www.lacopertaricamata.com\/wp-content\/uploads\/2022\/02\/logo.png\",\"width\":270,\"height\":103,\"caption\":\"B&B La coperta Ricamata, Siena\"},\"image\":{\"@id\":\"https:\/\/www.lacopertaricamata.com\/es\/#\/schema\/logo\/image\/\"},\"sameAs\":[\"https:\/\/www.facebook.com\/lacoperta.ricamata\"]}]}<\/script>\n<!-- \/ Yoast SEO plugin. -->","yoast_head_json":{"title":"Quienes somos - B&amp;B La coperta Ricamata, Siena","description":"Trabajamos arduamente para que nuestros hu\u00e9spedes recuerden con agrado su estad\u00eda en nuestro Bed & Breakfast La coperta Ricamata","robots":{"index":"index","follow":"follow","max-snippet":"max-snippet:-1","max-image-preview":"max-image-preview:large","max-video-preview":"max-video-preview:-1"},"canonical":"https:\/\/www.lacopertaricamata.com\/es\/quienes-somos\/","og_locale":"es_ES","og_type":"article","og_title":"Quienes somos - B&amp;B La coperta Ricamata, Siena","og_description":"Trabajamos arduamente para que nuestros hu\u00e9spedes recuerden con agrado su estad\u00eda en nuestro Bed & Breakfast La coperta Ricamata","og_url":"https:\/\/www.lacopertaricamata.com\/es\/quienes-somos\/","og_site_name":"B&amp;B La coperta Ricamata, Siena","article_publisher":"https:\/\/www.facebook.com\/lacoperta.ricamata","article_modified_time":"2022-09-20T07:58:27+00:00","twitter_card":"summary_large_image","twitter_misc":{"Tiempo de lectura":"4 minutos"},"schema":{"@context":"https:\/\/schema.org","@graph":[{"@type":"WebPage","@id":"https:\/\/www.lacopertaricamata.com\/es\/quienes-somos\/","url":"https:\/\/www.lacopertaricamata.com\/es\/quienes-somos\/","name":"Quienes somos - B&amp;B La coperta Ricamata, Siena","isPartOf":{"@id":"https:\/\/www.lacopertaricamata.com\/es\/#website"},"datePublished":"2016-07-12T14:22:14+00:00","dateModified":"2022-09-20T07:58:27+00:00","description":"Trabajamos arduamente para que nuestros hu\u00e9spedes recuerden con agrado su estad\u00eda en nuestro Bed & Breakfast La coperta Ricamata","breadcrumb":{"@id":"https:\/\/www.lacopertaricamata.com\/es\/quienes-somos\/#breadcrumb"},"inLanguage":"es","potentialAction":[{"@type":"ReadAction","target":["https:\/\/www.lacopertaricamata.com\/es\/quienes-somos\/"]}]},{"@type":"BreadcrumbList","@id":"https:\/\/www.lacopertaricamata.com\/es\/quienes-somos\/#breadcrumb","itemListElement":[{"@type":"ListItem","position":1,"name":"Home","item":"https:\/\/www.lacopertaricamata.com\/es\/"},{"@type":"ListItem","position":2,"name":"Quienes somos"}]},{"@type":"WebSite","@id":"https:\/\/www.lacopertaricamata.com\/es\/#website","url":"https:\/\/www.lacopertaricamata.com\/es\/","name":"B&amp;B La coperta Ricamata, Siena","description":"Nel centro della citt&agrave; del Palio","publisher":{"@id":"https:\/\/www.lacopertaricamata.com\/es\/#organization"},"potentialAction":[{"@type":"SearchAction","target":{"@type":"EntryPoint","urlTemplate":"https:\/\/www.lacopertaricamata.com\/es\/?s={search_term_string}"},"query-input":"required name=search_term_string"}],"inLanguage":"es"},{"@type":"Organization","@id":"https:\/\/www.lacopertaricamata.com\/es\/#organization","name":"B&B La coperta Ricamata, Siena","url":"https:\/\/www.lacopertaricamata.com\/es\/","logo":{"@type":"ImageObject","inLanguage":"es","@id":"https:\/\/www.lacopertaricamata.com\/es\/#\/schema\/logo\/image\/","url":"https:\/\/www.lacopertaricamata.com\/wp-content\/uploads\/2022\/02\/logo.png","contentUrl":"https:\/\/www.lacopertaricamata.com\/wp-content\/uploads\/2022\/02\/logo.png","width":270,"height":103,"caption":"B&B La coperta Ricamata, Siena"},"image":{"@id":"https:\/\/www.lacopertaricamata.com\/es\/#\/schema\/logo\/image\/"},"sameAs":["https:\/\/www.facebook.com\/lacoperta.ricamata"]}]}},"_links":{"self":[{"href":"https:\/\/www.lacopertaricamata.com\/es\/wp-json\/wp\/v2\/pages\/1885"}],"collection":[{"href":"https:\/\/www.lacopertaricamata.com\/es\/wp-json\/wp\/v2\/pages"}],"about":[{"href":"https:\/\/www.lacopertaricamata.com\/es\/wp-json\/wp\/v2\/types\/page"}],"author":[{"embeddable":true,"href":"https:\/\/www.lacopertaricamata.com\/es\/wp-json\/wp\/v2\/users\/1"}],"replies":[{"embeddable":true,"href":"https:\/\/www.lacopertaricamata.com\/es\/wp-json\/wp\/v2\/comments?post=1885"}],"version-history":[{"count":5,"href":"https:\/\/www.lacopertaricamata.com\/es\/wp-json\/wp\/v2\/pages\/1885\/revisions"}],"predecessor-version":[{"id":2029,"href":"https:\/\/www.lacopertaricamata.com\/es\/wp-json\/wp\/v2\/pages\/1885\/revisions\/2029"}],"wp:attachment":[{"href":"https:\/\/www.lacopertaricamata.com\/es\/wp-json\/wp\/v2\/media?parent=1885"}],"curies":[{"name":"wp","href":"https:\/\/api.w.org\/{rel}","templated":true}]}}