{"id":1879,"date":"2022-03-07T10:14:45","date_gmt":"2022-03-07T10:14:45","guid":{"rendered":"https:\/\/www.lacopertaricamata.com\/servizi\/"},"modified":"2022-07-16T16:59:26","modified_gmt":"2022-07-16T16:59:26","slug":"servicios","status":"publish","type":"page","link":"https:\/\/www.lacopertaricamata.com\/es\/servicios\/","title":{"rendered":"Servicios"},"content":{"rendered":"<div class=\"wpb-content-wrapper\"><p>[vc_row][vc_column width=\u00bb1\/3&#8243;][vc_single_image image=\u00bb1534&#8243; img_size=\u00bbmedium\u00bb alignment=\u00bbcenter\u00bb lazy_loading=\u00bbtrue\u00bb][\/vc_column][vc_column width=\u00bb2\/3&#8243;]<div id=\"ultimate-heading-487669d6f3ebb687c\" class=\"uvc-heading ult-adjust-bottom-margin ultimate-heading-487669d6f3ebb687c uvc-6888  uvc-heading-default-font-sizes\" data-hspacer=\"no_spacer\"  data-halign=\"left\" style=\"text-align:left\"><div class=\"uvc-heading-spacer no_spacer\" style=\"top\"><\/div><div class=\"uvc-main-heading ult-responsive\"  data-ultimate-target='.uvc-heading.ultimate-heading-487669d6f3ebb687c h2'  data-responsive-json-new='{\"font-size\":\"\",\"line-height\":\"\"}' ><h2 style=\"font-family:&#039;Dancing Script&#039;;--font-weight:theme;color:#2552b2;\">Desayuno<\/h2><\/div><\/div>[vc_empty_space height=\u00bb20px\u00bb][vc_column_text]El desayuno (servido de 8:00 a 9:30) es un buffet continental: incluye fruta fresca, caf\u00e9, t\u00e9 y leche, cruasanes, galletas, s\u00e1ndwiches, yogur y varios tipos de copos de ma\u00edz, jugos de frutas, mermeladas, chocolates, miel. A petici\u00f3n nos organizamos para dar respuesta a diferentes necesidades e intolerancias alimentarias. De acuerdo con las pautas de COVID-19, el desayuno se ofrece por separado para cada habitaci\u00f3n y, cuando es posible, se sirve al aire libre en nuestro jard\u00edn.[\/vc_column_text][vc_empty_space height=\u00bb20px\u00bb][\/vc_column][\/vc_row][vc_row][vc_column width=\u00bb1\/3&#8243;][vc_single_image image=\u00bb1398&#8243; img_size=\u00bbmedium\u00bb alignment=\u00bbcenter\u00bb lazy_loading=\u00bbtrue\u00bb][\/vc_column][vc_column width=\u00bb2\/3&#8243;]<div id=\"ultimate-heading-560869d6f3ebb68da\" class=\"uvc-heading ult-adjust-bottom-margin ultimate-heading-560869d6f3ebb68da uvc-9795  uvc-heading-default-font-sizes\" data-hspacer=\"no_spacer\"  data-halign=\"left\" style=\"text-align:left\"><div class=\"uvc-heading-spacer no_spacer\" style=\"top\"><\/div><div class=\"uvc-main-heading ult-responsive\"  data-ultimate-target='.uvc-heading.ultimate-heading-560869d6f3ebb68da h2'  data-responsive-json-new='{\"font-size\":\"\",\"line-height\":\"\"}' ><h2 style=\"font-family:&#039;Dancing Script&#039;;--font-weight:theme;color:#2552b2;\">Check-In\/Out<\/h2><\/div><\/div>[vc_empty_space height=\u00bb20px\u00bb][vc_column_text]El registro de entrada se realiza de 15:00 a 20:00, mientras que el registro de salida se realiza a las 10:00. Se pueden organizar llegadas antes de las 15:00. El personal siempre est\u00e1 presente para darle informaci\u00f3n o simplemente para tener una charla, tambi\u00e9n puede regresar en cualquier momento con sus propias llaves. Pago con tarjeta de cr\u00e9dito, VISA, Mastercard, Maestro (no American Express).[\/vc_column_text][vc_empty_space height=\u00bb20px\u00bb][\/vc_column][\/vc_row][vc_row][vc_column width=\u00bb1\/3&#8243;][vc_single_image image=\u00bb1405&#8243; img_size=\u00bbmedium\u00bb alignment=\u00bbcenter\u00bb lazy_loading=\u00bbtrue\u00bb][\/vc_column][vc_column width=\u00bb2\/3&#8243;]<div id=\"ultimate-heading-243269d6f3ebb6912\" class=\"uvc-heading ult-adjust-bottom-margin ultimate-heading-243269d6f3ebb6912 uvc-5345  uvc-heading-default-font-sizes\" data-hspacer=\"no_spacer\"  data-halign=\"left\" style=\"text-align:left\"><div class=\"uvc-heading-spacer no_spacer\" style=\"top\"><\/div><div class=\"uvc-main-heading ult-responsive\"  data-ultimate-target='.uvc-heading.ultimate-heading-243269d6f3ebb6912 h2'  data-responsive-json-new='{\"font-size\":\"\",\"line-height\":\"\"}' ><h2 style=\"font-family:&#039;Dancing Script&#039;;--font-weight:theme;color:#2552b2;\">Limpieza<\/h2><\/div><\/div>[vc_empty_space height=\u00bb20px\u00bb][vc_column_text]Limpieza diaria de todas las salas comunes, cambio de toallas cada 3 d\u00edas y para cada nuevo cliente, cambio semanal de s\u00e1banas y ropa de cama y para cada nuevo cliente.[\/vc_column_text][vc_empty_space height=\u00bb20px\u00bb][\/vc_column][\/vc_row][vc_row][vc_column width=\u00bb1\/3&#8243;][vc_single_image image=\u00bb1409&#8243; img_size=\u00bbmedium\u00bb alignment=\u00bbcenter\u00bb lazy_loading=\u00bbtrue\u00bb][\/vc_column][vc_column width=\u00bb2\/3&#8243;]<div id=\"ultimate-heading-617269d6f3ebb6945\" class=\"uvc-heading ult-adjust-bottom-margin ultimate-heading-617269d6f3ebb6945 uvc-3858  uvc-heading-default-font-sizes\" data-hspacer=\"no_spacer\"  data-halign=\"left\" style=\"text-align:left\"><div class=\"uvc-heading-spacer no_spacer\" style=\"top\"><\/div><div class=\"uvc-main-heading ult-responsive\"  data-ultimate-target='.uvc-heading.ultimate-heading-617269d6f3ebb6945 h2'  data-responsive-json-new='{\"font-size\":\"\",\"line-height\":\"\"}' ><h2 style=\"font-family:&#039;Dancing Script&#039;;--font-weight:theme;color:#2552b2;\">Instalaciones de la habitaci\u00f3n<\/h2><\/div><\/div>[vc_empty_space height=\u00bb20px\u00bb][vc_column_text]Cada habitaci\u00f3n est\u00e1 equipada con s\u00e1banas, toallas (cara, bid\u00e9 y toalla), l\u00ednea de cortes\u00eda, secador de pelo, acceso gratuito a Internet Wi-Fi, TV de pantalla plana, calefacci\u00f3n y aire acondicionado.[\/vc_column_text][vc_empty_space height=\u00bb20px\u00bb][\/vc_column][\/vc_row][vc_row][vc_column width=\u00bb1\/3&#8243;][vc_single_image image=\u00bb1388&#8243; img_size=\u00bbmedium\u00bb alignment=\u00bbcenter\u00bb lazy_loading=\u00bbtrue\u00bb][\/vc_column][vc_column width=\u00bb2\/3&#8243;]<div id=\"ultimate-heading-800769d6f3ebb697a\" class=\"uvc-heading ult-adjust-bottom-margin ultimate-heading-800769d6f3ebb697a uvc-3054  uvc-heading-default-font-sizes\" data-hspacer=\"no_spacer\"  data-halign=\"left\" style=\"text-align:left\"><div class=\"uvc-heading-spacer no_spacer\" style=\"top\"><\/div><div class=\"uvc-main-heading ult-responsive\"  data-ultimate-target='.uvc-heading.ultimate-heading-800769d6f3ebb697a h2'  data-responsive-json-new='{\"font-size\":\"\",\"line-height\":\"\"}' ><h2 style=\"font-family:&#039;Dancing Script&#039;;--font-weight:theme;color:#2552b2;\">Material informativo sobre la ciudad<\/h2><\/div><\/div>[vc_empty_space height=\u00bb20px\u00bb][vc_column_text]A cada hu\u00e9sped se le ofrecer\u00e1 un mapa de la ciudad con toda la informaci\u00f3n necesaria para visitar nuestras maravillas, descubrir rincones inusuales, as\u00ed como todos los consejos para poder disfrutar mejor de nuestras excelencias gastron\u00f3micas y vin\u00edcolas.[\/vc_column_text][vc_empty_space height=\u00bb20px\u00bb][\/vc_column][\/vc_row][vc_row][vc_column width=\u00bb1\/3&#8243;][vc_single_image image=\u00bb1414&#8243; img_size=\u00bbmedium\u00bb alignment=\u00bbcenter\u00bb lazy_loading=\u00bbtrue\u00bb][\/vc_column][vc_column width=\u00bb2\/3&#8243;]<div id=\"ultimate-heading-918569d6f3ebb69a8\" class=\"uvc-heading ult-adjust-bottom-margin ultimate-heading-918569d6f3ebb69a8 uvc-7279  uvc-heading-default-font-sizes\" data-hspacer=\"no_spacer\"  data-halign=\"left\" style=\"text-align:left\"><div class=\"uvc-heading-spacer no_spacer\" style=\"top\"><\/div><div class=\"uvc-main-heading ult-responsive\"  data-ultimate-target='.uvc-heading.ultimate-heading-918569d6f3ebb69a8 h2'  data-responsive-json-new='{\"font-size\":\"\",\"line-height\":\"\"}' ><h2 style=\"font-family:&#039;Dancing Script&#039;;--font-weight:theme;color:#2552b2;\">Aparcamiento<\/h2><\/div><\/div>[vc_empty_space height=\u00bb20px\u00bb][vc_column_text]La estructura no dispone de aparcamiento para coches, pero en las calles vecinas hay aparcamientos p\u00fablicos gratuitos y de pago. Sin embargo, damos hospitalidad de forma gratuita en nuestro jard\u00edn a bicicletas y motocicletas.[\/vc_column_text][vc_empty_space height=\u00bb20px\u00bb][\/vc_column][\/vc_row]<\/p>\n<\/div>","protected":false},"excerpt":{"rendered":"<p>[vc_row][vc_column width=\u00bb1\/3&#8243;][vc_single_image image=\u00bb1534&#8243; img_size=\u00bbmedium\u00bb alignment=\u00bbcenter\u00bb lazy_loading=\u00bbtrue\u00bb][\/vc_column][vc_column width=\u00bb2\/3&#8243;][vc_empty_space height=\u00bb20px\u00bb][vc_column_text]El desayuno (servido de 8:00 a 9:30) es un buffet continental: incluye fruta fresca, caf\u00e9, t\u00e9 y leche, cruasanes, galletas, s\u00e1ndwiches, yogur y varios tipos de copos de ma\u00edz, jugos de frutas, mermeladas, chocolates, miel. A petici\u00f3n nos organizamos para dar respuesta a diferentes necesidades e intolerancias alimentarias.&hellip;<\/p>\n","protected":false},"author":1,"featured_media":0,"parent":0,"menu_order":0,"comment_status":"closed","ping_status":"closed","template":"","meta":{"footnotes":""},"yoast_head":"<!-- This site is optimized with the Yoast SEO plugin v22.3 - https:\/\/yoast.com\/wordpress\/plugins\/seo\/ -->\n<title>Servicios - B&amp;B La coperta Ricamata, Siena<\/title>\n<meta name=\"robots\" content=\"index, follow, max-snippet:-1, max-image-preview:large, max-video-preview:-1\" \/>\n<link rel=\"canonical\" href=\"https:\/\/www.lacopertaricamata.com\/es\/servicios\/\" \/>\n<meta property=\"og:locale\" content=\"es_ES\" \/>\n<meta property=\"og:type\" content=\"article\" \/>\n<meta property=\"og:title\" content=\"Servicios - B&amp;B La coperta Ricamata, Siena\" \/>\n<meta property=\"og:description\" content=\"[vc_row][vc_column width=\u00bb1\/3&#8243;][vc_single_image image=\u00bb1534&#8243; img_size=\u00bbmedium\u00bb alignment=\u00bbcenter\u00bb lazy_loading=\u00bbtrue\u00bb][\/vc_column][vc_column width=\u00bb2\/3&#8243;][vc_empty_space height=\u00bb20px\u00bb][vc_column_text]El desayuno (servido de 8:00 a 9:30) es un buffet continental: incluye fruta fresca, caf\u00e9, t\u00e9 y leche, cruasanes, galletas, s\u00e1ndwiches, yogur y varios tipos de copos de ma\u00edz, jugos de frutas, mermeladas, chocolates, miel. A petici\u00f3n nos organizamos para dar respuesta a diferentes necesidades e intolerancias alimentarias.&hellip;\" \/>\n<meta property=\"og:url\" content=\"https:\/\/www.lacopertaricamata.com\/es\/servicios\/\" \/>\n<meta property=\"og:site_name\" content=\"B&amp;B La coperta Ricamata, Siena\" \/>\n<meta property=\"article:publisher\" content=\"https:\/\/www.facebook.com\/lacoperta.ricamata\" \/>\n<meta property=\"article:modified_time\" content=\"2022-07-16T16:59:26+00:00\" \/>\n<meta name=\"twitter:card\" content=\"summary_large_image\" \/>\n<meta name=\"twitter:label1\" content=\"Tiempo de lectura\" \/>\n\t<meta name=\"twitter:data1\" content=\"4 minutos\" \/>\n<script type=\"application\/ld+json\" class=\"yoast-schema-graph\">{\"@context\":\"https:\/\/schema.org\",\"@graph\":[{\"@type\":\"WebPage\",\"@id\":\"https:\/\/www.lacopertaricamata.com\/es\/servicios\/\",\"url\":\"https:\/\/www.lacopertaricamata.com\/es\/servicios\/\",\"name\":\"Servicios - B&amp;B La coperta Ricamata, Siena\",\"isPartOf\":{\"@id\":\"https:\/\/www.lacopertaricamata.com\/es\/#website\"},\"datePublished\":\"2022-03-07T10:14:45+00:00\",\"dateModified\":\"2022-07-16T16:59:26+00:00\",\"breadcrumb\":{\"@id\":\"https:\/\/www.lacopertaricamata.com\/es\/servicios\/#breadcrumb\"},\"inLanguage\":\"es\",\"potentialAction\":[{\"@type\":\"ReadAction\",\"target\":[\"https:\/\/www.lacopertaricamata.com\/es\/servicios\/\"]}]},{\"@type\":\"BreadcrumbList\",\"@id\":\"https:\/\/www.lacopertaricamata.com\/es\/servicios\/#breadcrumb\",\"itemListElement\":[{\"@type\":\"ListItem\",\"position\":1,\"name\":\"Home\",\"item\":\"https:\/\/www.lacopertaricamata.com\/es\/\"},{\"@type\":\"ListItem\",\"position\":2,\"name\":\"Servicios\"}]},{\"@type\":\"WebSite\",\"@id\":\"https:\/\/www.lacopertaricamata.com\/es\/#website\",\"url\":\"https:\/\/www.lacopertaricamata.com\/es\/\",\"name\":\"B&amp;B La coperta Ricamata, Siena\",\"description\":\"Nel centro della citt&agrave; del Palio\",\"publisher\":{\"@id\":\"https:\/\/www.lacopertaricamata.com\/es\/#organization\"},\"potentialAction\":[{\"@type\":\"SearchAction\",\"target\":{\"@type\":\"EntryPoint\",\"urlTemplate\":\"https:\/\/www.lacopertaricamata.com\/es\/?s={search_term_string}\"},\"query-input\":\"required name=search_term_string\"}],\"inLanguage\":\"es\"},{\"@type\":\"Organization\",\"@id\":\"https:\/\/www.lacopertaricamata.com\/es\/#organization\",\"name\":\"B&B La coperta Ricamata, Siena\",\"url\":\"https:\/\/www.lacopertaricamata.com\/es\/\",\"logo\":{\"@type\":\"ImageObject\",\"inLanguage\":\"es\",\"@id\":\"https:\/\/www.lacopertaricamata.com\/es\/#\/schema\/logo\/image\/\",\"url\":\"https:\/\/www.lacopertaricamata.com\/wp-content\/uploads\/2022\/02\/logo.png\",\"contentUrl\":\"https:\/\/www.lacopertaricamata.com\/wp-content\/uploads\/2022\/02\/logo.png\",\"width\":270,\"height\":103,\"caption\":\"B&B La coperta Ricamata, Siena\"},\"image\":{\"@id\":\"https:\/\/www.lacopertaricamata.com\/es\/#\/schema\/logo\/image\/\"},\"sameAs\":[\"https:\/\/www.facebook.com\/lacoperta.ricamata\"]}]}<\/script>\n<!-- \/ Yoast SEO plugin. -->","yoast_head_json":{"title":"Servicios - B&amp;B La coperta Ricamata, Siena","robots":{"index":"index","follow":"follow","max-snippet":"max-snippet:-1","max-image-preview":"max-image-preview:large","max-video-preview":"max-video-preview:-1"},"canonical":"https:\/\/www.lacopertaricamata.com\/es\/servicios\/","og_locale":"es_ES","og_type":"article","og_title":"Servicios - B&amp;B La coperta Ricamata, Siena","og_description":"[vc_row][vc_column width=\u00bb1\/3&#8243;][vc_single_image image=\u00bb1534&#8243; img_size=\u00bbmedium\u00bb alignment=\u00bbcenter\u00bb lazy_loading=\u00bbtrue\u00bb][\/vc_column][vc_column width=\u00bb2\/3&#8243;][vc_empty_space height=\u00bb20px\u00bb][vc_column_text]El desayuno (servido de 8:00 a 9:30) es un buffet continental: incluye fruta fresca, caf\u00e9, t\u00e9 y leche, cruasanes, galletas, s\u00e1ndwiches, yogur y varios tipos de copos de ma\u00edz, jugos de frutas, mermeladas, chocolates, miel. A petici\u00f3n nos organizamos para dar respuesta a diferentes necesidades e intolerancias alimentarias.&hellip;","og_url":"https:\/\/www.lacopertaricamata.com\/es\/servicios\/","og_site_name":"B&amp;B La coperta Ricamata, Siena","article_publisher":"https:\/\/www.facebook.com\/lacoperta.ricamata","article_modified_time":"2022-07-16T16:59:26+00:00","twitter_card":"summary_large_image","twitter_misc":{"Tiempo de lectura":"4 minutos"},"schema":{"@context":"https:\/\/schema.org","@graph":[{"@type":"WebPage","@id":"https:\/\/www.lacopertaricamata.com\/es\/servicios\/","url":"https:\/\/www.lacopertaricamata.com\/es\/servicios\/","name":"Servicios - B&amp;B La coperta Ricamata, Siena","isPartOf":{"@id":"https:\/\/www.lacopertaricamata.com\/es\/#website"},"datePublished":"2022-03-07T10:14:45+00:00","dateModified":"2022-07-16T16:59:26+00:00","breadcrumb":{"@id":"https:\/\/www.lacopertaricamata.com\/es\/servicios\/#breadcrumb"},"inLanguage":"es","potentialAction":[{"@type":"ReadAction","target":["https:\/\/www.lacopertaricamata.com\/es\/servicios\/"]}]},{"@type":"BreadcrumbList","@id":"https:\/\/www.lacopertaricamata.com\/es\/servicios\/#breadcrumb","itemListElement":[{"@type":"ListItem","position":1,"name":"Home","item":"https:\/\/www.lacopertaricamata.com\/es\/"},{"@type":"ListItem","position":2,"name":"Servicios"}]},{"@type":"WebSite","@id":"https:\/\/www.lacopertaricamata.com\/es\/#website","url":"https:\/\/www.lacopertaricamata.com\/es\/","name":"B&amp;B La coperta Ricamata, Siena","description":"Nel centro della citt&agrave; del Palio","publisher":{"@id":"https:\/\/www.lacopertaricamata.com\/es\/#organization"},"potentialAction":[{"@type":"SearchAction","target":{"@type":"EntryPoint","urlTemplate":"https:\/\/www.lacopertaricamata.com\/es\/?s={search_term_string}"},"query-input":"required name=search_term_string"}],"inLanguage":"es"},{"@type":"Organization","@id":"https:\/\/www.lacopertaricamata.com\/es\/#organization","name":"B&B La coperta Ricamata, Siena","url":"https:\/\/www.lacopertaricamata.com\/es\/","logo":{"@type":"ImageObject","inLanguage":"es","@id":"https:\/\/www.lacopertaricamata.com\/es\/#\/schema\/logo\/image\/","url":"https:\/\/www.lacopertaricamata.com\/wp-content\/uploads\/2022\/02\/logo.png","contentUrl":"https:\/\/www.lacopertaricamata.com\/wp-content\/uploads\/2022\/02\/logo.png","width":270,"height":103,"caption":"B&B La coperta Ricamata, Siena"},"image":{"@id":"https:\/\/www.lacopertaricamata.com\/es\/#\/schema\/logo\/image\/"},"sameAs":["https:\/\/www.facebook.com\/lacoperta.ricamata"]}]}},"_links":{"self":[{"href":"https:\/\/www.lacopertaricamata.com\/es\/wp-json\/wp\/v2\/pages\/1879"}],"collection":[{"href":"https:\/\/www.lacopertaricamata.com\/es\/wp-json\/wp\/v2\/pages"}],"about":[{"href":"https:\/\/www.lacopertaricamata.com\/es\/wp-json\/wp\/v2\/types\/page"}],"author":[{"embeddable":true,"href":"https:\/\/www.lacopertaricamata.com\/es\/wp-json\/wp\/v2\/users\/1"}],"replies":[{"embeddable":true,"href":"https:\/\/www.lacopertaricamata.com\/es\/wp-json\/wp\/v2\/comments?post=1879"}],"version-history":[{"count":7,"href":"https:\/\/www.lacopertaricamata.com\/es\/wp-json\/wp\/v2\/pages\/1879\/revisions"}],"predecessor-version":[{"id":2014,"href":"https:\/\/www.lacopertaricamata.com\/es\/wp-json\/wp\/v2\/pages\/1879\/revisions\/2014"}],"wp:attachment":[{"href":"https:\/\/www.lacopertaricamata.com\/es\/wp-json\/wp\/v2\/media?parent=1879"}],"curies":[{"name":"wp","href":"https:\/\/api.w.org\/{rel}","templated":true}]}}