{"id":1866,"date":"2022-03-07T10:51:46","date_gmt":"2022-03-07T10:51:46","guid":{"rendered":"https:\/\/www.lacopertaricamata.com\/condizioni-e-prezzi\/"},"modified":"2022-11-23T11:26:15","modified_gmt":"2022-11-23T11:26:15","slug":"condiciones-y-precios","status":"publish","type":"page","link":"https:\/\/www.lacopertaricamata.com\/es\/condiciones-y-precios\/","title":{"rendered":"Condiciones y precios"},"content":{"rendered":"<div class=\"wpb-content-wrapper\"><p>[vc_row][vc_column]<div id=\"ultimate-heading-438869d70a3a8ee22\" class=\"uvc-heading ult-adjust-bottom-margin ultimate-heading-438869d70a3a8ee22 uvc-6040  uvc-heading-default-font-sizes\" data-hspacer=\"no_spacer\"  data-halign=\"left\" style=\"text-align:left\"><div class=\"uvc-heading-spacer no_spacer\" style=\"top\"><\/div><div class=\"uvc-main-heading ult-responsive\"  data-ultimate-target='.uvc-heading.ultimate-heading-438869d70a3a8ee22 h2'  data-responsive-json-new='{\"font-size\":\"\",\"line-height\":\"\"}' ><h2 style=\"font-family:&#039;Dancing Script&#039;;--font-weight:theme;color:#2552b2;\">Condiciones y precios<\/h2><\/div><\/div>[vc_empty_space][vc_column_text]<\/p>\n<h3>Los precios de las habitaciones oscilan entre un m\u00ednimo de \u20ac60,00 y un m\u00e1ximo de \u20ac150,00 por noche.<\/h3>\n<p>Los precios se refieren al d\u00eda\u00a0 y por habitaci\u00f3n; comprenden IVA del 10% y servicios y consumos (luz, agua, calefacci\u00f3n y aire acondicionado, etc&#8230;)<\/p>\n<p>Es necesario confirmar la reserva pagando un anticipo del importe de la primiera noche a trav\u00e9s de giro bancario o comunicando los datos de una tarjeta de cr\u00e9dito v\u00e1lida como garant\u00eda. No se tendr\u00e0 en cuenta la reserva que no sea confirmada como mencionado.<\/p>\n<p>Del 1 de marzo de 2012, la ciudad de Siena, ha establecido un impuesto municipale 2,00 (EUR) por persona por noche (Edad m\u00ednima para impuestos de la ciudad: 12 anos). El propietario simplemente cumple la funci\u00f3n de el pago del impuesto en nombre de la Ciudad.[\/vc_column_text]<div id=\"ultimate-heading-8769d70a3a8ee7e\" class=\"uvc-heading ult-adjust-bottom-margin ultimate-heading-8769d70a3a8ee7e uvc-1654  uvc-heading-default-font-sizes\" data-hspacer=\"no_spacer\"  data-halign=\"left\" style=\"text-align:left\"><div class=\"uvc-heading-spacer no_spacer\" style=\"top\"><\/div><div class=\"uvc-main-heading ult-responsive\"  data-ultimate-target='.uvc-heading.ultimate-heading-8769d70a3a8ee7e h2'  data-responsive-json-new='{\"font-size\":\"\",\"line-height\":\"\"}' ><h2 style=\"font-family:&#039;Dancing Script&#039;;--font-weight:theme;color:#2552b2;\">Cancelacion<\/h2><\/div><\/div>[vc_empty_space][vc_column_text]El anticipo se restituir\u00e1:<\/p>\n<ul>\n<li>totalmente si cancelaci\u00f3n de la reserva se produce al menos una semana antes de la fecha de llegada.<\/li>\n<li>No ser\u00e1 restituido nada si se produce despu\u00e9s.<\/li>\n<\/ul>\n<p>Para reservas en los per\u00edodos: 28 de junio-2 de julio, 12 de agosto-16 de agosto y 29 de diciembre-2 de enero, el dep\u00f3sito se devolver\u00e1 en su totalidad para cancelaciones hasta un mes antes de la llegada, despu\u00e9s de esa fecha se cobrar\u00e1 el importe total de la estancia.[\/vc_column_text][\/vc_column][\/vc_row][vc_row][vc_column][vc_empty_space height=\u00bb50px\u00bb][\/vc_column][\/vc_row]<\/p>\n<\/div>","protected":false},"excerpt":{"rendered":"<p>[vc_row][vc_column][vc_empty_space][vc_column_text] Los precios de las habitaciones oscilan entre un m\u00ednimo de \u20ac60,00 y un m\u00e1ximo de \u20ac150,00 por noche. Los precios se refieren al d\u00eda\u00a0 y por habitaci\u00f3n; comprenden IVA del 10% y servicios y consumos (luz, agua, calefacci\u00f3n y aire acondicionado, etc&#8230;) Es necesario confirmar la reserva pagando un anticipo del importe de la&hellip;<\/p>\n","protected":false},"author":1,"featured_media":0,"parent":0,"menu_order":0,"comment_status":"closed","ping_status":"closed","template":"","meta":{"footnotes":""},"yoast_head":"<!-- This site is optimized with the Yoast SEO plugin v22.3 - https:\/\/yoast.com\/wordpress\/plugins\/seo\/ -->\n<title>Condiciones y precios - B&amp;B La coperta Ricamata, Siena<\/title>\n<meta name=\"description\" content=\"Los precios se refieren al d\u00eda y por habitaci\u00f3n; comprenden IVA del 10% y servicios y consumos (luz, agua, calefacci\u00f3n y aire acondicionado, etc\u2026)\" \/>\n<meta name=\"robots\" content=\"index, follow, max-snippet:-1, max-image-preview:large, max-video-preview:-1\" \/>\n<link rel=\"canonical\" href=\"https:\/\/www.lacopertaricamata.com\/es\/condiciones-y-precios\/\" \/>\n<meta property=\"og:locale\" content=\"es_ES\" \/>\n<meta property=\"og:type\" content=\"article\" \/>\n<meta property=\"og:title\" content=\"Condiciones y precios - B&amp;B La coperta Ricamata, Siena\" \/>\n<meta property=\"og:description\" content=\"Los precios se refieren al d\u00eda y por habitaci\u00f3n; comprenden IVA del 10% y servicios y consumos (luz, agua, calefacci\u00f3n y aire acondicionado, etc\u2026)\" \/>\n<meta property=\"og:url\" content=\"https:\/\/www.lacopertaricamata.com\/es\/condiciones-y-precios\/\" \/>\n<meta property=\"og:site_name\" content=\"B&amp;B La coperta Ricamata, Siena\" \/>\n<meta property=\"article:publisher\" content=\"https:\/\/www.facebook.com\/lacoperta.ricamata\" \/>\n<meta property=\"article:modified_time\" content=\"2022-11-23T11:26:15+00:00\" \/>\n<meta name=\"twitter:card\" content=\"summary_large_image\" \/>\n<meta name=\"twitter:label1\" content=\"Tiempo de lectura\" \/>\n\t<meta name=\"twitter:data1\" content=\"2 minutos\" \/>\n<script type=\"application\/ld+json\" class=\"yoast-schema-graph\">{\"@context\":\"https:\/\/schema.org\",\"@graph\":[{\"@type\":\"WebPage\",\"@id\":\"https:\/\/www.lacopertaricamata.com\/es\/condiciones-y-precios\/\",\"url\":\"https:\/\/www.lacopertaricamata.com\/es\/condiciones-y-precios\/\",\"name\":\"Condiciones y precios - B&amp;B La coperta Ricamata, Siena\",\"isPartOf\":{\"@id\":\"https:\/\/www.lacopertaricamata.com\/es\/#website\"},\"datePublished\":\"2022-03-07T10:51:46+00:00\",\"dateModified\":\"2022-11-23T11:26:15+00:00\",\"description\":\"Los precios se refieren al d\u00eda y por habitaci\u00f3n; comprenden IVA del 10% y servicios y consumos (luz, agua, calefacci\u00f3n y aire acondicionado, etc\u2026)\",\"breadcrumb\":{\"@id\":\"https:\/\/www.lacopertaricamata.com\/es\/condiciones-y-precios\/#breadcrumb\"},\"inLanguage\":\"es\",\"potentialAction\":[{\"@type\":\"ReadAction\",\"target\":[\"https:\/\/www.lacopertaricamata.com\/es\/condiciones-y-precios\/\"]}]},{\"@type\":\"BreadcrumbList\",\"@id\":\"https:\/\/www.lacopertaricamata.com\/es\/condiciones-y-precios\/#breadcrumb\",\"itemListElement\":[{\"@type\":\"ListItem\",\"position\":1,\"name\":\"Home\",\"item\":\"https:\/\/www.lacopertaricamata.com\/es\/\"},{\"@type\":\"ListItem\",\"position\":2,\"name\":\"Condiciones y precios\"}]},{\"@type\":\"WebSite\",\"@id\":\"https:\/\/www.lacopertaricamata.com\/es\/#website\",\"url\":\"https:\/\/www.lacopertaricamata.com\/es\/\",\"name\":\"B&amp;B La coperta Ricamata, Siena\",\"description\":\"Nel centro della citt&agrave; del Palio\",\"publisher\":{\"@id\":\"https:\/\/www.lacopertaricamata.com\/es\/#organization\"},\"potentialAction\":[{\"@type\":\"SearchAction\",\"target\":{\"@type\":\"EntryPoint\",\"urlTemplate\":\"https:\/\/www.lacopertaricamata.com\/es\/?s={search_term_string}\"},\"query-input\":\"required name=search_term_string\"}],\"inLanguage\":\"es\"},{\"@type\":\"Organization\",\"@id\":\"https:\/\/www.lacopertaricamata.com\/es\/#organization\",\"name\":\"B&B La coperta Ricamata, Siena\",\"url\":\"https:\/\/www.lacopertaricamata.com\/es\/\",\"logo\":{\"@type\":\"ImageObject\",\"inLanguage\":\"es\",\"@id\":\"https:\/\/www.lacopertaricamata.com\/es\/#\/schema\/logo\/image\/\",\"url\":\"https:\/\/www.lacopertaricamata.com\/wp-content\/uploads\/2022\/02\/logo.png\",\"contentUrl\":\"https:\/\/www.lacopertaricamata.com\/wp-content\/uploads\/2022\/02\/logo.png\",\"width\":270,\"height\":103,\"caption\":\"B&B La coperta Ricamata, Siena\"},\"image\":{\"@id\":\"https:\/\/www.lacopertaricamata.com\/es\/#\/schema\/logo\/image\/\"},\"sameAs\":[\"https:\/\/www.facebook.com\/lacoperta.ricamata\"]}]}<\/script>\n<!-- \/ Yoast SEO plugin. -->","yoast_head_json":{"title":"Condiciones y precios - B&amp;B La coperta Ricamata, Siena","description":"Los precios se refieren al d\u00eda y por habitaci\u00f3n; comprenden IVA del 10% y servicios y consumos (luz, agua, calefacci\u00f3n y aire acondicionado, etc\u2026)","robots":{"index":"index","follow":"follow","max-snippet":"max-snippet:-1","max-image-preview":"max-image-preview:large","max-video-preview":"max-video-preview:-1"},"canonical":"https:\/\/www.lacopertaricamata.com\/es\/condiciones-y-precios\/","og_locale":"es_ES","og_type":"article","og_title":"Condiciones y precios - B&amp;B La coperta Ricamata, Siena","og_description":"Los precios se refieren al d\u00eda y por habitaci\u00f3n; comprenden IVA del 10% y servicios y consumos (luz, agua, calefacci\u00f3n y aire acondicionado, etc\u2026)","og_url":"https:\/\/www.lacopertaricamata.com\/es\/condiciones-y-precios\/","og_site_name":"B&amp;B La coperta Ricamata, Siena","article_publisher":"https:\/\/www.facebook.com\/lacoperta.ricamata","article_modified_time":"2022-11-23T11:26:15+00:00","twitter_card":"summary_large_image","twitter_misc":{"Tiempo de lectura":"2 minutos"},"schema":{"@context":"https:\/\/schema.org","@graph":[{"@type":"WebPage","@id":"https:\/\/www.lacopertaricamata.com\/es\/condiciones-y-precios\/","url":"https:\/\/www.lacopertaricamata.com\/es\/condiciones-y-precios\/","name":"Condiciones y precios - B&amp;B La coperta Ricamata, Siena","isPartOf":{"@id":"https:\/\/www.lacopertaricamata.com\/es\/#website"},"datePublished":"2022-03-07T10:51:46+00:00","dateModified":"2022-11-23T11:26:15+00:00","description":"Los precios se refieren al d\u00eda y por habitaci\u00f3n; comprenden IVA del 10% y servicios y consumos (luz, agua, calefacci\u00f3n y aire acondicionado, etc\u2026)","breadcrumb":{"@id":"https:\/\/www.lacopertaricamata.com\/es\/condiciones-y-precios\/#breadcrumb"},"inLanguage":"es","potentialAction":[{"@type":"ReadAction","target":["https:\/\/www.lacopertaricamata.com\/es\/condiciones-y-precios\/"]}]},{"@type":"BreadcrumbList","@id":"https:\/\/www.lacopertaricamata.com\/es\/condiciones-y-precios\/#breadcrumb","itemListElement":[{"@type":"ListItem","position":1,"name":"Home","item":"https:\/\/www.lacopertaricamata.com\/es\/"},{"@type":"ListItem","position":2,"name":"Condiciones y precios"}]},{"@type":"WebSite","@id":"https:\/\/www.lacopertaricamata.com\/es\/#website","url":"https:\/\/www.lacopertaricamata.com\/es\/","name":"B&amp;B La coperta Ricamata, Siena","description":"Nel centro della citt&agrave; del Palio","publisher":{"@id":"https:\/\/www.lacopertaricamata.com\/es\/#organization"},"potentialAction":[{"@type":"SearchAction","target":{"@type":"EntryPoint","urlTemplate":"https:\/\/www.lacopertaricamata.com\/es\/?s={search_term_string}"},"query-input":"required name=search_term_string"}],"inLanguage":"es"},{"@type":"Organization","@id":"https:\/\/www.lacopertaricamata.com\/es\/#organization","name":"B&B La coperta Ricamata, Siena","url":"https:\/\/www.lacopertaricamata.com\/es\/","logo":{"@type":"ImageObject","inLanguage":"es","@id":"https:\/\/www.lacopertaricamata.com\/es\/#\/schema\/logo\/image\/","url":"https:\/\/www.lacopertaricamata.com\/wp-content\/uploads\/2022\/02\/logo.png","contentUrl":"https:\/\/www.lacopertaricamata.com\/wp-content\/uploads\/2022\/02\/logo.png","width":270,"height":103,"caption":"B&B La coperta Ricamata, Siena"},"image":{"@id":"https:\/\/www.lacopertaricamata.com\/es\/#\/schema\/logo\/image\/"},"sameAs":["https:\/\/www.facebook.com\/lacoperta.ricamata"]}]}},"_links":{"self":[{"href":"https:\/\/www.lacopertaricamata.com\/es\/wp-json\/wp\/v2\/pages\/1866"}],"collection":[{"href":"https:\/\/www.lacopertaricamata.com\/es\/wp-json\/wp\/v2\/pages"}],"about":[{"href":"https:\/\/www.lacopertaricamata.com\/es\/wp-json\/wp\/v2\/types\/page"}],"author":[{"embeddable":true,"href":"https:\/\/www.lacopertaricamata.com\/es\/wp-json\/wp\/v2\/users\/1"}],"replies":[{"embeddable":true,"href":"https:\/\/www.lacopertaricamata.com\/es\/wp-json\/wp\/v2\/comments?post=1866"}],"version-history":[{"count":5,"href":"https:\/\/www.lacopertaricamata.com\/es\/wp-json\/wp\/v2\/pages\/1866\/revisions"}],"predecessor-version":[{"id":2160,"href":"https:\/\/www.lacopertaricamata.com\/es\/wp-json\/wp\/v2\/pages\/1866\/revisions\/2160"}],"wp:attachment":[{"href":"https:\/\/www.lacopertaricamata.com\/es\/wp-json\/wp\/v2\/media?parent=1866"}],"curies":[{"name":"wp","href":"https:\/\/api.w.org\/{rel}","templated":true}]}}