{"id":1812,"date":"2022-07-08T10:40:46","date_gmt":"2022-07-08T10:40:46","guid":{"rendered":"https:\/\/www.lacopertaricamata.com\/le-nostre-camere\/le-stelle\/"},"modified":"2022-09-20T08:30:11","modified_gmt":"2022-09-20T08:30:11","slug":"le-stelle","status":"publish","type":"page","link":"https:\/\/www.lacopertaricamata.com\/es\/nuestras-habitaciones\/le-stelle\/","title":{"rendered":"Le Stelle"},"content":{"rendered":"<div class=\"wpb-content-wrapper\"><p>[vc_row][vc_column width=\u00bb1\/2&#8243;][vc_single_image image=\u00bb1675&#8243; img_size=\u00bbfull\u00bb alignment=\u00bbcenter\u00bb onclick=\u00bblink_image\u00bb lazy_loading=\u00bbtrue\u00bb][\/vc_column][vc_column width=\u00bb1\/2&#8243;][vc_column_text]<\/p>\n<h4>(las estrellas): Subiendo las escaleras de travertino, en el segundo piso del B &amp; B, hay un \u00e1tico que mantiene la antigua viga de la construcci\u00f3n inicial de la casa que data de 1936. Est\u00e1 iluminado por dos ventanas Velux equipadas con persianas enrollables que se abren y cierran el\u00e9ctricamente; tambi\u00e9n hay una ventana con mosquitera, que tambi\u00e9n se puede abrir el\u00e9ctricamente en correspondencia con el \u00e1rea de la cocina.<\/h4>\n<p>Es una mansarda amplia y confortable de unos 60 m2 compuesta por una habitaci\u00f3n doble con cama matrimonial, desde la cual se observa un panorama de los tejados, cocina-comedor con sof\u00e1 cama y cuarto de ba\u00f1o.[\/vc_column_text]<div class=\"hr-thin style-line\" style=\"width: 100%;border-top-width: 1px;\"><\/div>[\/vc_column][\/vc_row][vc_row][vc_column][vc_empty_space][\/vc_column][\/vc_row][vc_row][vc_column]<div id=\"ultimate-heading-434869d6f11a97d60\" class=\"uvc-heading ult-adjust-bottom-margin ultimate-heading-434869d6f11a97d60 uvc-8946  uvc-heading-default-font-sizes\" data-hspacer=\"no_spacer\"  data-halign=\"center\" style=\"text-align:center\"><div class=\"uvc-heading-spacer no_spacer\" style=\"top\"><\/div><div class=\"uvc-main-heading ult-responsive\"  data-ultimate-target='.uvc-heading.ultimate-heading-434869d6f11a97d60 h2'  data-responsive-json-new='{\"font-size\":\"\",\"line-height\":\"\"}' ><h2 style=\"font-family:&#039;Dancing Script&#039;;--font-weight:theme;color:#2552b2;\">Pregunta por disponibilidad<\/h2><\/div><\/div>[vc_empty_space]\n<div class=\"wpcf7 no-js\" id=\"wpcf7-f1977-o1\" lang=\"es-ES\" dir=\"ltr\">\n<div class=\"screen-reader-response\"><p role=\"status\" aria-live=\"polite\" aria-atomic=\"true\"><\/p> <ul><\/ul><\/div>\n<form action=\"\/es\/wp-json\/wp\/v2\/pages\/1812#wpcf7-f1977-o1\" method=\"post\" class=\"wpcf7-form init\" aria-label=\"Formulario de contacto\" novalidate=\"novalidate\" data-status=\"init\">\n<div style=\"display: none;\">\n<input type=\"hidden\" name=\"_wpcf7\" value=\"1977\" \/>\n<input type=\"hidden\" name=\"_wpcf7_version\" value=\"5.9.3\" \/>\n<input type=\"hidden\" name=\"_wpcf7_locale\" value=\"es_ES\" \/>\n<input type=\"hidden\" name=\"_wpcf7_unit_tag\" value=\"wpcf7-f1977-o1\" \/>\n<input type=\"hidden\" name=\"_wpcf7_container_post\" value=\"0\" \/>\n<input type=\"hidden\" name=\"_wpcf7_posted_data_hash\" value=\"\" \/>\n<input type=\"hidden\" name=\"_wpcf7_recaptcha_response\" value=\"\" \/>\n<\/div>\n<p><label>Nombre y apellido*<br \/>\n<span class=\"wpcf7-form-control-wrap\" data-name=\"your-name\"><input size=\"40\" class=\"wpcf7-form-control wpcf7-text wpcf7-validates-as-required\" aria-required=\"true\" aria-invalid=\"false\" value=\"\" type=\"text\" name=\"your-name\" \/><\/span> <\/label>\n<\/p>\n<p><label> Tu correo electr\u00f3nico*<br \/>\n<span class=\"wpcf7-form-control-wrap\" data-name=\"your-email\"><input size=\"40\" class=\"wpcf7-form-control wpcf7-email wpcf7-validates-as-required wpcf7-text wpcf7-validates-as-email\" aria-required=\"true\" aria-invalid=\"false\" value=\"\" type=\"email\" name=\"your-email\" \/><\/span> <\/label>\n<\/p>\n<p><label> Tel\u00e9fono*<br \/>\n<span class=\"wpcf7-form-control-wrap\" data-name=\"tel-712\"><input size=\"40\" class=\"wpcf7-form-control wpcf7-tel wpcf7-validates-as-required wpcf7-text wpcf7-validates-as-tel\" aria-required=\"true\" aria-invalid=\"false\" value=\"\" type=\"tel\" name=\"tel-712\" \/><\/span><\/label>\n<\/p>\n<div style=\"width:48%;float: left;\">\n\t<p><label> Adultos*<br \/>\n<span class=\"wpcf7-form-control-wrap\" data-name=\"number-344\"><input class=\"wpcf7-form-control wpcf7-number wpcf7-validates-as-required wpcf7-validates-as-number\" min=\"1\" max=\"10\" aria-required=\"true\" aria-invalid=\"false\" value=\"1\" type=\"number\" name=\"number-344\" \/><\/span><\/label>\n\t<\/p>\n<\/div>\n<div style=\"width:48%;float: right;\">\n\t<p><label> Ni\u00f1os*<br \/>\n<span class=\"wpcf7-form-control-wrap\" data-name=\"number-527\"><input class=\"wpcf7-form-control wpcf7-number wpcf7-validates-as-required wpcf7-validates-as-number\" min=\"0\" max=\"10\" aria-required=\"true\" aria-invalid=\"false\" value=\"0\" type=\"number\" name=\"number-527\" \/><\/span><\/label>\n\t<\/p>\n<\/div>\n<div style=\"width:48%;float: left;\">\n\t<p><label> Comprobar en la fecha*<br \/>\n<span class=\"wpcf7-form-control-wrap\" data-name=\"date-792\"><input class=\"wpcf7-form-control wpcf7-date wpcf7-validates-as-required wpcf7-validates-as-date\" aria-required=\"true\" aria-invalid=\"false\" value=\"\" type=\"date\" name=\"date-792\" \/><\/span><\/label>\n\t<\/p>\n<\/div>\n<div style=\"width:48%;float: right;\">\n\t<p><label> Fecha de salida*<br \/>\n<span class=\"wpcf7-form-control-wrap\" data-name=\"date-793\"><input class=\"wpcf7-form-control wpcf7-date wpcf7-validates-as-required wpcf7-validates-as-date\" aria-required=\"true\" aria-invalid=\"false\" value=\"\" type=\"date\" name=\"date-793\" \/><\/span><\/label>\n\t<\/p>\n<\/div>\n<div style=\"width:100%;float: left;\">\n\t<p><label> Dejar un mensaje:<br \/>\n<span class=\"wpcf7-form-control-wrap\" data-name=\"textarea-574\"><textarea cols=\"40\" rows=\"10\" class=\"wpcf7-form-control wpcf7-textarea minwi\" aria-invalid=\"false\" name=\"textarea-574\"><\/textarea><\/span> <\/label>\n\t<\/p>\n<\/div>\n<p><label><span class=\"wpcf7-form-control-wrap\" data-name=\"acceptance-681\"><span class=\"wpcf7-form-control wpcf7-acceptance\"><span class=\"wpcf7-list-item\"><label><input type=\"checkbox\" name=\"acceptance-681\" value=\"1\" aria-invalid=\"false\" \/><span class=\"wpcf7-list-item-label\">Doy mi consentimiento para el procesamiento de mis datos personales como se informa en la  Privacy Policy<\/span><\/label><\/span><\/span><\/span><\/label>\n<\/p>\n<p><input class=\"wpcf7-form-control wpcf7-submit has-spinner\" type=\"submit\" value=\"Enviar\" \/>\n<\/p><div class=\"wpcf7-response-output\" aria-hidden=\"true\"><\/div>\n<\/form>\n<\/div>\n[vc_empty_space][\/vc_column][\/vc_row]<\/p>\n<\/div>","protected":false},"excerpt":{"rendered":"<p>[vc_row][vc_column width=\u00bb1\/2&#8243;][vc_single_image image=\u00bb1675&#8243; img_size=\u00bbfull\u00bb alignment=\u00bbcenter\u00bb onclick=\u00bblink_image\u00bb lazy_loading=\u00bbtrue\u00bb][\/vc_column][vc_column width=\u00bb1\/2&#8243;][vc_column_text] (las estrellas): Subiendo las escaleras de travertino, en el segundo piso del B &amp; B, hay un \u00e1tico que mantiene la antigua viga de la construcci\u00f3n inicial de la casa que data de 1936. Est\u00e1 iluminado por dos ventanas Velux equipadas con persianas enrollables que se abren&hellip;<\/p>\n","protected":false},"author":1,"featured_media":0,"parent":1806,"menu_order":0,"comment_status":"closed","ping_status":"closed","template":"","meta":{"footnotes":""},"yoast_head":"<!-- This site is optimized with the Yoast SEO plugin v22.3 - https:\/\/yoast.com\/wordpress\/plugins\/seo\/ -->\n<title>Le Stelle - B&amp;B La coperta Ricamata, Siena<\/title>\n<meta name=\"description\" content=\"Le Stelle. Est\u00e1 iluminado por dos ventanas Velux equipadas con persianas enrollables que se abren y cierran el\u00e9ctricamente\" \/>\n<meta name=\"robots\" content=\"index, follow, max-snippet:-1, max-image-preview:large, max-video-preview:-1\" \/>\n<link rel=\"canonical\" href=\"https:\/\/www.lacopertaricamata.com\/es\/nuestras-habitaciones\/le-stelle\/\" \/>\n<meta property=\"og:locale\" content=\"es_ES\" \/>\n<meta property=\"og:type\" content=\"article\" \/>\n<meta property=\"og:title\" content=\"Le Stelle - B&amp;B La coperta Ricamata, Siena\" \/>\n<meta property=\"og:description\" content=\"Le Stelle. Est\u00e1 iluminado por dos ventanas Velux equipadas con persianas enrollables que se abren y cierran el\u00e9ctricamente\" \/>\n<meta property=\"og:url\" content=\"https:\/\/www.lacopertaricamata.com\/es\/nuestras-habitaciones\/le-stelle\/\" \/>\n<meta property=\"og:site_name\" content=\"B&amp;B La coperta Ricamata, Siena\" \/>\n<meta property=\"article:publisher\" content=\"https:\/\/www.facebook.com\/lacoperta.ricamata\" \/>\n<meta property=\"article:modified_time\" content=\"2022-09-20T08:30:11+00:00\" \/>\n<meta name=\"twitter:card\" content=\"summary_large_image\" \/>\n<meta name=\"twitter:label1\" content=\"Tiempo de lectura\" \/>\n\t<meta name=\"twitter:data1\" content=\"1 minuto\" \/>\n<script type=\"application\/ld+json\" class=\"yoast-schema-graph\">{\"@context\":\"https:\/\/schema.org\",\"@graph\":[{\"@type\":\"WebPage\",\"@id\":\"https:\/\/www.lacopertaricamata.com\/es\/nuestras-habitaciones\/le-stelle\/\",\"url\":\"https:\/\/www.lacopertaricamata.com\/es\/nuestras-habitaciones\/le-stelle\/\",\"name\":\"Le Stelle - B&amp;B La coperta Ricamata, Siena\",\"isPartOf\":{\"@id\":\"https:\/\/www.lacopertaricamata.com\/es\/#website\"},\"datePublished\":\"2022-07-08T10:40:46+00:00\",\"dateModified\":\"2022-09-20T08:30:11+00:00\",\"description\":\"Le Stelle. Est\u00e1 iluminado por dos ventanas Velux equipadas con persianas enrollables que se abren y cierran el\u00e9ctricamente\",\"breadcrumb\":{\"@id\":\"https:\/\/www.lacopertaricamata.com\/es\/nuestras-habitaciones\/le-stelle\/#breadcrumb\"},\"inLanguage\":\"es\",\"potentialAction\":[{\"@type\":\"ReadAction\",\"target\":[\"https:\/\/www.lacopertaricamata.com\/es\/nuestras-habitaciones\/le-stelle\/\"]}]},{\"@type\":\"BreadcrumbList\",\"@id\":\"https:\/\/www.lacopertaricamata.com\/es\/nuestras-habitaciones\/le-stelle\/#breadcrumb\",\"itemListElement\":[{\"@type\":\"ListItem\",\"position\":1,\"name\":\"Home\",\"item\":\"https:\/\/www.lacopertaricamata.com\/es\/\"},{\"@type\":\"ListItem\",\"position\":2,\"name\":\"Nuestras habitaciones\",\"item\":\"https:\/\/www.lacopertaricamata.com\/es\/nuestras-habitaciones\/\"},{\"@type\":\"ListItem\",\"position\":3,\"name\":\"Le Stelle\"}]},{\"@type\":\"WebSite\",\"@id\":\"https:\/\/www.lacopertaricamata.com\/es\/#website\",\"url\":\"https:\/\/www.lacopertaricamata.com\/es\/\",\"name\":\"B&amp;B La coperta Ricamata, Siena\",\"description\":\"Nel centro della citt&agrave; del Palio\",\"publisher\":{\"@id\":\"https:\/\/www.lacopertaricamata.com\/es\/#organization\"},\"potentialAction\":[{\"@type\":\"SearchAction\",\"target\":{\"@type\":\"EntryPoint\",\"urlTemplate\":\"https:\/\/www.lacopertaricamata.com\/es\/?s={search_term_string}\"},\"query-input\":\"required name=search_term_string\"}],\"inLanguage\":\"es\"},{\"@type\":\"Organization\",\"@id\":\"https:\/\/www.lacopertaricamata.com\/es\/#organization\",\"name\":\"B&B La coperta Ricamata, Siena\",\"url\":\"https:\/\/www.lacopertaricamata.com\/es\/\",\"logo\":{\"@type\":\"ImageObject\",\"inLanguage\":\"es\",\"@id\":\"https:\/\/www.lacopertaricamata.com\/es\/#\/schema\/logo\/image\/\",\"url\":\"https:\/\/www.lacopertaricamata.com\/wp-content\/uploads\/2022\/02\/logo.png\",\"contentUrl\":\"https:\/\/www.lacopertaricamata.com\/wp-content\/uploads\/2022\/02\/logo.png\",\"width\":270,\"height\":103,\"caption\":\"B&B La coperta Ricamata, Siena\"},\"image\":{\"@id\":\"https:\/\/www.lacopertaricamata.com\/es\/#\/schema\/logo\/image\/\"},\"sameAs\":[\"https:\/\/www.facebook.com\/lacoperta.ricamata\"]}]}<\/script>\n<!-- \/ Yoast SEO plugin. -->","yoast_head_json":{"title":"Le Stelle - B&amp;B La coperta Ricamata, Siena","description":"Le Stelle. Est\u00e1 iluminado por dos ventanas Velux equipadas con persianas enrollables que se abren y cierran el\u00e9ctricamente","robots":{"index":"index","follow":"follow","max-snippet":"max-snippet:-1","max-image-preview":"max-image-preview:large","max-video-preview":"max-video-preview:-1"},"canonical":"https:\/\/www.lacopertaricamata.com\/es\/nuestras-habitaciones\/le-stelle\/","og_locale":"es_ES","og_type":"article","og_title":"Le Stelle - B&amp;B La coperta Ricamata, Siena","og_description":"Le Stelle. Est\u00e1 iluminado por dos ventanas Velux equipadas con persianas enrollables que se abren y cierran el\u00e9ctricamente","og_url":"https:\/\/www.lacopertaricamata.com\/es\/nuestras-habitaciones\/le-stelle\/","og_site_name":"B&amp;B La coperta Ricamata, Siena","article_publisher":"https:\/\/www.facebook.com\/lacoperta.ricamata","article_modified_time":"2022-09-20T08:30:11+00:00","twitter_card":"summary_large_image","twitter_misc":{"Tiempo de lectura":"1 minuto"},"schema":{"@context":"https:\/\/schema.org","@graph":[{"@type":"WebPage","@id":"https:\/\/www.lacopertaricamata.com\/es\/nuestras-habitaciones\/le-stelle\/","url":"https:\/\/www.lacopertaricamata.com\/es\/nuestras-habitaciones\/le-stelle\/","name":"Le Stelle - B&amp;B La coperta Ricamata, Siena","isPartOf":{"@id":"https:\/\/www.lacopertaricamata.com\/es\/#website"},"datePublished":"2022-07-08T10:40:46+00:00","dateModified":"2022-09-20T08:30:11+00:00","description":"Le Stelle. Est\u00e1 iluminado por dos ventanas Velux equipadas con persianas enrollables que se abren y cierran el\u00e9ctricamente","breadcrumb":{"@id":"https:\/\/www.lacopertaricamata.com\/es\/nuestras-habitaciones\/le-stelle\/#breadcrumb"},"inLanguage":"es","potentialAction":[{"@type":"ReadAction","target":["https:\/\/www.lacopertaricamata.com\/es\/nuestras-habitaciones\/le-stelle\/"]}]},{"@type":"BreadcrumbList","@id":"https:\/\/www.lacopertaricamata.com\/es\/nuestras-habitaciones\/le-stelle\/#breadcrumb","itemListElement":[{"@type":"ListItem","position":1,"name":"Home","item":"https:\/\/www.lacopertaricamata.com\/es\/"},{"@type":"ListItem","position":2,"name":"Nuestras habitaciones","item":"https:\/\/www.lacopertaricamata.com\/es\/nuestras-habitaciones\/"},{"@type":"ListItem","position":3,"name":"Le Stelle"}]},{"@type":"WebSite","@id":"https:\/\/www.lacopertaricamata.com\/es\/#website","url":"https:\/\/www.lacopertaricamata.com\/es\/","name":"B&amp;B La coperta Ricamata, Siena","description":"Nel centro della citt&agrave; del Palio","publisher":{"@id":"https:\/\/www.lacopertaricamata.com\/es\/#organization"},"potentialAction":[{"@type":"SearchAction","target":{"@type":"EntryPoint","urlTemplate":"https:\/\/www.lacopertaricamata.com\/es\/?s={search_term_string}"},"query-input":"required name=search_term_string"}],"inLanguage":"es"},{"@type":"Organization","@id":"https:\/\/www.lacopertaricamata.com\/es\/#organization","name":"B&B La coperta Ricamata, Siena","url":"https:\/\/www.lacopertaricamata.com\/es\/","logo":{"@type":"ImageObject","inLanguage":"es","@id":"https:\/\/www.lacopertaricamata.com\/es\/#\/schema\/logo\/image\/","url":"https:\/\/www.lacopertaricamata.com\/wp-content\/uploads\/2022\/02\/logo.png","contentUrl":"https:\/\/www.lacopertaricamata.com\/wp-content\/uploads\/2022\/02\/logo.png","width":270,"height":103,"caption":"B&B La coperta Ricamata, Siena"},"image":{"@id":"https:\/\/www.lacopertaricamata.com\/es\/#\/schema\/logo\/image\/"},"sameAs":["https:\/\/www.facebook.com\/lacoperta.ricamata"]}]}},"_links":{"self":[{"href":"https:\/\/www.lacopertaricamata.com\/es\/wp-json\/wp\/v2\/pages\/1812"}],"collection":[{"href":"https:\/\/www.lacopertaricamata.com\/es\/wp-json\/wp\/v2\/pages"}],"about":[{"href":"https:\/\/www.lacopertaricamata.com\/es\/wp-json\/wp\/v2\/types\/page"}],"author":[{"embeddable":true,"href":"https:\/\/www.lacopertaricamata.com\/es\/wp-json\/wp\/v2\/users\/1"}],"replies":[{"embeddable":true,"href":"https:\/\/www.lacopertaricamata.com\/es\/wp-json\/wp\/v2\/comments?post=1812"}],"version-history":[{"count":5,"href":"https:\/\/www.lacopertaricamata.com\/es\/wp-json\/wp\/v2\/pages\/1812\/revisions"}],"predecessor-version":[{"id":2094,"href":"https:\/\/www.lacopertaricamata.com\/es\/wp-json\/wp\/v2\/pages\/1812\/revisions\/2094"}],"up":[{"embeddable":true,"href":"https:\/\/www.lacopertaricamata.com\/es\/wp-json\/wp\/v2\/pages\/1806"}],"wp:attachment":[{"href":"https:\/\/www.lacopertaricamata.com\/es\/wp-json\/wp\/v2\/media?parent=1812"}],"curies":[{"name":"wp","href":"https:\/\/api.w.org\/{rel}","templated":true}]}}