{"id":1806,"date":"2022-03-07T10:58:17","date_gmt":"2022-03-07T10:58:17","guid":{"rendered":"https:\/\/www.lacopertaricamata.com\/le-nostre-camere\/"},"modified":"2022-09-20T08:03:48","modified_gmt":"2022-09-20T08:03:48","slug":"nuestras-habitaciones","status":"publish","type":"page","link":"https:\/\/www.lacopertaricamata.com\/es\/nuestras-habitaciones\/","title":{"rendered":"Nuestras habitaciones"},"content":{"rendered":"<div class=\"wpb-content-wrapper\"><p>[vc_row][vc_column][vc_column_text]<\/p>\n<h3>La casa, edificada en los a\u00f1os 30, ha sido renovada durante unos 10 a\u00f1os, seguida de una cuidadosa modernizaci\u00f3n de los equipos llevada a cabo anualmente por el propietario. Est\u00e1 subdividida en dos plantas: las habitaciones del B&amp;B se hallan en la primera planta.<\/h3>\n<p>Todas las habitaciones, amplias y luminosas, tienen servicios propios con secador de pelo, poseen aire acondicionado, wi-fi y televisi\u00f3n por cable. Limpieza todos los d\u00edas, con cambio completo de la ropa blanca semanalmente. El desayuno buffet se sirve desde las 8.00: los hu\u00e9spedes pueden servirse a gusto y consumirla comodamente en sus respectivas habitaciones.[\/vc_column_text][\/vc_column][\/vc_row][vc_row gap=\u00bb10&#8243;][vc_column width=\u00bb1\/3&#8243; css=\u00bb.vc_custom_1646652805581{margin-right: 5px !important;margin-left: 5px !important;background-color: #f9f9f9 !important;border-radius: 10px !important;}\u00bb]<div id=\"ultimate-heading-366869d6f41e38d81\" class=\"uvc-heading ult-adjust-bottom-margin ultimate-heading-366869d6f41e38d81 uvc-5747  uvc-heading-default-font-sizes\" data-hspacer=\"no_spacer\"  data-halign=\"center\" style=\"text-align:center\"><div class=\"uvc-heading-spacer no_spacer\" style=\"top\"><\/div><div class=\"uvc-main-heading ult-responsive\"  data-ultimate-target='.uvc-heading.ultimate-heading-366869d6f41e38d81 h3'  data-responsive-json-new='{\"font-size\":\"\",\"line-height\":\"\"}' ><h3 style=\"font-family:&#039;Dancing Script&#039;;--font-weight:theme;\">Il Canto<\/h3><\/div><\/div>[vc_empty_space height=\u00bb20px\u00bb][vc_single_image image=\u00bb1543&#8243; img_size=\u00bb300&#215;200&#8243; alignment=\u00bbcenter\u00bb onclick=\u00bbcustom_link\u00bb lazy_loading=\u00bbtrue\u00bb link=\u00bbhttps:\/\/www.lacopertaricamata.com\/le-nostre-camere\/il-canto\/\u00bb]<div class=\"text-centered\"><a href=\"\/es\/nuestras-habitaciones\/il-canto\/\" class=\"btn-shortcode dt-btn-m dt-btn default-btn-color default-btn-hover-color default-btn-bg-color default-btn-bg-hover-color\" id=\"dt-btn-1\"><span>Detalles<\/span><\/a><\/div>[vc_empty_space height=\u00bb20px\u00bb][\/vc_column][vc_column width=\u00bb1\/3&#8243; css=\u00bb.vc_custom_1646652878180{margin-right: 5px !important;margin-left: 5px !important;background-color: #f9f9f9 !important;border-radius: 10px !important;}\u00bb]<div id=\"ultimate-heading-442769d6f41e38e54\" class=\"uvc-heading ult-adjust-bottom-margin ultimate-heading-442769d6f41e38e54 uvc-7842  uvc-heading-default-font-sizes\" data-hspacer=\"no_spacer\"  data-halign=\"center\" style=\"text-align:center\"><div class=\"uvc-heading-spacer no_spacer\" style=\"top\"><\/div><div class=\"uvc-main-heading ult-responsive\"  data-ultimate-target='.uvc-heading.ultimate-heading-442769d6f41e38e54 h3'  data-responsive-json-new='{\"font-size\":\"\",\"line-height\":\"\"}' ><h3 style=\"font-family:&#039;Dancing Script&#039;;--font-weight:theme;\">Il Verone<\/h3><\/div><\/div>[vc_empty_space height=\u00bb20px\u00bb][vc_single_image image=\u00bb1581&#8243; img_size=\u00bb300&#215;200&#8243; alignment=\u00bbcenter\u00bb onclick=\u00bbcustom_link\u00bb lazy_loading=\u00bbtrue\u00bb link=\u00bbhttps:\/\/www.lacopertaricamata.com\/le-nostre-camere\/il-verone\/\u00bb]<div class=\"text-centered\"><a href=\"\/es\/nuestras-habitaciones\/il-verone\/\" class=\"btn-shortcode dt-btn-m dt-btn default-btn-color default-btn-hover-color default-btn-bg-color default-btn-bg-hover-color\" id=\"dt-btn-2\"><span>Detalles<\/span><\/a><\/div>[vc_empty_space height=\u00bb20px\u00bb][\/vc_column][vc_column width=\u00bb1\/3&#8243; css=\u00bb.vc_custom_1646652889496{margin-right: 5px !important;margin-left: 5px !important;background-color: #f9f9f9 !important;border-radius: 10px !important;}\u00bb]<div id=\"ultimate-heading-862569d6f41e38eba\" class=\"uvc-heading ult-adjust-bottom-margin ultimate-heading-862569d6f41e38eba uvc-2958  uvc-heading-default-font-sizes\" data-hspacer=\"no_spacer\"  data-halign=\"center\" style=\"text-align:center\"><div class=\"uvc-heading-spacer no_spacer\" style=\"top\"><\/div><div class=\"uvc-main-heading ult-responsive\"  data-ultimate-target='.uvc-heading.ultimate-heading-862569d6f41e38eba h3'  data-responsive-json-new='{\"font-size\":\"\",\"line-height\":\"\"}' ><h3 style=\"font-family:&#039;Dancing Script&#039;;--font-weight:theme;\">Se Dormi, Svegliati!<\/h3><\/div><\/div>[vc_empty_space height=\u00bb20px\u00bb][vc_single_image image=\u00bb1604&#8243; img_size=\u00bb300&#215;200&#8243; alignment=\u00bbcenter\u00bb onclick=\u00bbcustom_link\u00bb lazy_loading=\u00bbtrue\u00bb link=\u00bbhttps:\/\/www.lacopertaricamata.com\/le-nostre-camere\/se-dormi-svegliati\/\u00bb]<div class=\"text-centered\"><a href=\"\/es\/nuestras-habitaciones\/se-dormi-svegliati\/\" class=\"btn-shortcode dt-btn-m dt-btn default-btn-color default-btn-hover-color default-btn-bg-color default-btn-bg-hover-color\" id=\"dt-btn-3\"><span>Detalles<\/span><\/a><\/div>[vc_empty_space height=\u00bb20px\u00bb][\/vc_column][\/vc_row][vc_row gap=\u00bb10&#8243;][vc_column width=\u00bb1\/3&#8243; css=\u00bb.vc_custom_1646652909571{margin-right: 5px !important;margin-left: 5px !important;background-color: #f9f9f9 !important;border-radius: 10px !important;}\u00bb]<div id=\"ultimate-heading-20069d6f41e38f15\" class=\"uvc-heading ult-adjust-bottom-margin ultimate-heading-20069d6f41e38f15 uvc-3917  uvc-heading-default-font-sizes\" data-hspacer=\"no_spacer\"  data-halign=\"center\" style=\"text-align:center\"><div class=\"uvc-heading-spacer no_spacer\" style=\"top\"><\/div><div class=\"uvc-main-heading ult-responsive\"  data-ultimate-target='.uvc-heading.ultimate-heading-20069d6f41e38f15 h3'  data-responsive-json-new='{\"font-size\":\"\",\"line-height\":\"\"}' ><h3 style=\"font-family:&#039;Dancing Script&#039;;--font-weight:theme;\">La Serenata<\/h3><\/div><\/div>[vc_empty_space height=\u00bb20px\u00bb][vc_single_image image=\u00bb1649&#8243; img_size=\u00bb300&#215;200&#8243; alignment=\u00bbcenter\u00bb onclick=\u00bbcustom_link\u00bb lazy_loading=\u00bbtrue\u00bb link=\u00bbhttps:\/\/www.lacopertaricamata.com\/le-nostre-camere\/la-serenata\/\u00bb]<div class=\"text-centered\"><a href=\"\/es\/nuestras-habitaciones\/la-serenata\/\" class=\"btn-shortcode dt-btn-m dt-btn default-btn-color default-btn-hover-color default-btn-bg-color default-btn-bg-hover-color\" id=\"dt-btn-4\"><span>Detalles<\/span><\/a><\/div>[vc_empty_space height=\u00bb20px\u00bb][\/vc_column][vc_column width=\u00bb1\/3&#8243; css=\u00bb.vc_custom_1646652691296{margin-right: 5px !important;margin-left: 5px !important;background-color: #f1f1f1 !important;border-radius: 10px !important;}\u00bb]<div id=\"ultimate-heading-918469d6f41e38f6b\" class=\"uvc-heading ult-adjust-bottom-margin ultimate-heading-918469d6f41e38f6b uvc-2337  uvc-heading-default-font-sizes\" data-hspacer=\"no_spacer\"  data-halign=\"center\" style=\"text-align:center\"><div class=\"uvc-heading-spacer no_spacer\" style=\"top\"><\/div><div class=\"uvc-main-heading ult-responsive\"  data-ultimate-target='.uvc-heading.ultimate-heading-918469d6f41e38f6b h3'  data-responsive-json-new='{\"font-size\":\"\",\"line-height\":\"\"}' ><h3 style=\"font-family:&#039;Dancing Script&#039;;--font-weight:theme;\">La Coperta Ricamata<\/h3><\/div><\/div>[vc_empty_space height=\u00bb20px\u00bb][vc_single_image image=\u00bb1661&#8243; img_size=\u00bb300&#215;200&#8243; alignment=\u00bbcenter\u00bb onclick=\u00bbcustom_link\u00bb lazy_loading=\u00bbtrue\u00bb link=\u00bbhttps:\/\/www.lacopertaricamata.com\/le-nostre-camere\/la-coperta-ricamata\/\u00bb]<div class=\"text-centered\"><a href=\"\/es\/nuestras-habitaciones\/la-coperta-ricamata\/\" class=\"btn-shortcode dt-btn-m dt-btn default-btn-color default-btn-hover-color default-btn-bg-color default-btn-bg-hover-color\" id=\"dt-btn-5\"><span>Detalles<\/span><\/a><\/div>[vc_empty_space height=\u00bb20px\u00bb][\/vc_column][vc_column width=\u00bb1\/3&#8243; css=\u00bb.vc_custom_1646652922831{margin-right: 5px !important;margin-left: 5px !important;background-color: #f9f9f9 !important;border-radius: 10px !important;}\u00bb]<div id=\"ultimate-heading-681269d6f41e38fc4\" class=\"uvc-heading ult-adjust-bottom-margin ultimate-heading-681269d6f41e38fc4 uvc-9273  uvc-heading-default-font-sizes\" data-hspacer=\"no_spacer\"  data-halign=\"center\" style=\"text-align:center\"><div class=\"uvc-heading-spacer no_spacer\" style=\"top\"><\/div><div class=\"uvc-main-heading ult-responsive\"  data-ultimate-target='.uvc-heading.ultimate-heading-681269d6f41e38fc4 h3'  data-responsive-json-new='{\"font-size\":\"\",\"line-height\":\"\"}' ><h3 style=\"font-family:&#039;Dancing Script&#039;;--font-weight:theme;\">Le Stelle<\/h3><\/div><\/div>[vc_empty_space height=\u00bb20px\u00bb][vc_single_image image=\u00bb1675&#8243; img_size=\u00bb300&#215;200&#8243; alignment=\u00bbcenter\u00bb onclick=\u00bbcustom_link\u00bb lazy_loading=\u00bbtrue\u00bb link=\u00bbhttps:\/\/www.lacopertaricamata.com\/le-nostre-camere\/le-stelle\/\u00bb]<div class=\"text-centered\"><a href=\"\/es\/nuestras-habitaciones\/le-stelle\/\" class=\"btn-shortcode dt-btn-m dt-btn default-btn-color default-btn-hover-color default-btn-bg-color default-btn-bg-hover-color\" id=\"dt-btn-6\"><span>Detalles<\/span><\/a><\/div>[vc_empty_space height=\u00bb20px\u00bb][\/vc_column][\/vc_row][vc_row][vc_column][vc_empty_space height=\u00bb50px\u00bb][\/vc_column][\/vc_row]<\/p>\n<\/div>","protected":false},"excerpt":{"rendered":"<p>[vc_row][vc_column][vc_column_text] La casa, edificada en los a\u00f1os 30, ha sido renovada durante unos 10 a\u00f1os, seguida de una cuidadosa modernizaci\u00f3n de los equipos llevada a cabo anualmente por el propietario. Est\u00e1 subdividida en dos plantas: las habitaciones del B&amp;B se hallan en la primera planta. Todas las habitaciones, amplias y luminosas, tienen servicios propios con&hellip;<\/p>\n","protected":false},"author":1,"featured_media":0,"parent":0,"menu_order":0,"comment_status":"closed","ping_status":"closed","template":"","meta":{"footnotes":""},"yoast_head":"<!-- This site is optimized with the Yoast SEO plugin v22.3 - https:\/\/yoast.com\/wordpress\/plugins\/seo\/ -->\n<title>Nuestras habitaciones - B&amp;B La coperta Ricamata, Siena<\/title>\n<meta name=\"description\" content=\"Todas las habitaciones, amplias y luminosas, tienen servicios propios con secador de pelo, poseen aire acondicionado, wi-fi y televisi\u00f3n por cable.\" \/>\n<meta name=\"robots\" content=\"index, follow, max-snippet:-1, max-image-preview:large, max-video-preview:-1\" \/>\n<link rel=\"canonical\" href=\"https:\/\/www.lacopertaricamata.com\/es\/nuestras-habitaciones\/\" \/>\n<meta property=\"og:locale\" content=\"es_ES\" \/>\n<meta property=\"og:type\" content=\"article\" \/>\n<meta property=\"og:title\" content=\"Nuestras habitaciones - B&amp;B La coperta Ricamata, Siena\" \/>\n<meta property=\"og:description\" content=\"Todas las habitaciones, amplias y luminosas, tienen servicios propios con secador de pelo, poseen aire acondicionado, wi-fi y televisi\u00f3n por cable.\" \/>\n<meta property=\"og:url\" content=\"https:\/\/www.lacopertaricamata.com\/es\/nuestras-habitaciones\/\" \/>\n<meta property=\"og:site_name\" content=\"B&amp;B La coperta Ricamata, Siena\" \/>\n<meta property=\"article:publisher\" content=\"https:\/\/www.facebook.com\/lacoperta.ricamata\" \/>\n<meta property=\"article:modified_time\" content=\"2022-09-20T08:03:48+00:00\" \/>\n<meta name=\"twitter:card\" content=\"summary_large_image\" \/>\n<meta name=\"twitter:label1\" content=\"Tiempo de lectura\" \/>\n\t<meta name=\"twitter:data1\" content=\"2 minutos\" \/>\n<script type=\"application\/ld+json\" class=\"yoast-schema-graph\">{\"@context\":\"https:\/\/schema.org\",\"@graph\":[{\"@type\":\"WebPage\",\"@id\":\"https:\/\/www.lacopertaricamata.com\/es\/nuestras-habitaciones\/\",\"url\":\"https:\/\/www.lacopertaricamata.com\/es\/nuestras-habitaciones\/\",\"name\":\"Nuestras habitaciones - B&amp;B La coperta Ricamata, Siena\",\"isPartOf\":{\"@id\":\"https:\/\/www.lacopertaricamata.com\/es\/#website\"},\"datePublished\":\"2022-03-07T10:58:17+00:00\",\"dateModified\":\"2022-09-20T08:03:48+00:00\",\"description\":\"Todas las habitaciones, amplias y luminosas, tienen servicios propios con secador de pelo, poseen aire acondicionado, wi-fi y televisi\u00f3n por cable.\",\"breadcrumb\":{\"@id\":\"https:\/\/www.lacopertaricamata.com\/es\/nuestras-habitaciones\/#breadcrumb\"},\"inLanguage\":\"es\",\"potentialAction\":[{\"@type\":\"ReadAction\",\"target\":[\"https:\/\/www.lacopertaricamata.com\/es\/nuestras-habitaciones\/\"]}]},{\"@type\":\"BreadcrumbList\",\"@id\":\"https:\/\/www.lacopertaricamata.com\/es\/nuestras-habitaciones\/#breadcrumb\",\"itemListElement\":[{\"@type\":\"ListItem\",\"position\":1,\"name\":\"Home\",\"item\":\"https:\/\/www.lacopertaricamata.com\/es\/\"},{\"@type\":\"ListItem\",\"position\":2,\"name\":\"Nuestras habitaciones\"}]},{\"@type\":\"WebSite\",\"@id\":\"https:\/\/www.lacopertaricamata.com\/es\/#website\",\"url\":\"https:\/\/www.lacopertaricamata.com\/es\/\",\"name\":\"B&amp;B La coperta Ricamata, Siena\",\"description\":\"Nel centro della citt&agrave; del Palio\",\"publisher\":{\"@id\":\"https:\/\/www.lacopertaricamata.com\/es\/#organization\"},\"potentialAction\":[{\"@type\":\"SearchAction\",\"target\":{\"@type\":\"EntryPoint\",\"urlTemplate\":\"https:\/\/www.lacopertaricamata.com\/es\/?s={search_term_string}\"},\"query-input\":\"required name=search_term_string\"}],\"inLanguage\":\"es\"},{\"@type\":\"Organization\",\"@id\":\"https:\/\/www.lacopertaricamata.com\/es\/#organization\",\"name\":\"B&B La coperta Ricamata, Siena\",\"url\":\"https:\/\/www.lacopertaricamata.com\/es\/\",\"logo\":{\"@type\":\"ImageObject\",\"inLanguage\":\"es\",\"@id\":\"https:\/\/www.lacopertaricamata.com\/es\/#\/schema\/logo\/image\/\",\"url\":\"https:\/\/www.lacopertaricamata.com\/wp-content\/uploads\/2022\/02\/logo.png\",\"contentUrl\":\"https:\/\/www.lacopertaricamata.com\/wp-content\/uploads\/2022\/02\/logo.png\",\"width\":270,\"height\":103,\"caption\":\"B&B La coperta Ricamata, Siena\"},\"image\":{\"@id\":\"https:\/\/www.lacopertaricamata.com\/es\/#\/schema\/logo\/image\/\"},\"sameAs\":[\"https:\/\/www.facebook.com\/lacoperta.ricamata\"]}]}<\/script>\n<!-- \/ Yoast SEO plugin. -->","yoast_head_json":{"title":"Nuestras habitaciones - B&amp;B La coperta Ricamata, Siena","description":"Todas las habitaciones, amplias y luminosas, tienen servicios propios con secador de pelo, poseen aire acondicionado, wi-fi y televisi\u00f3n por cable.","robots":{"index":"index","follow":"follow","max-snippet":"max-snippet:-1","max-image-preview":"max-image-preview:large","max-video-preview":"max-video-preview:-1"},"canonical":"https:\/\/www.lacopertaricamata.com\/es\/nuestras-habitaciones\/","og_locale":"es_ES","og_type":"article","og_title":"Nuestras habitaciones - B&amp;B La coperta Ricamata, Siena","og_description":"Todas las habitaciones, amplias y luminosas, tienen servicios propios con secador de pelo, poseen aire acondicionado, wi-fi y televisi\u00f3n por cable.","og_url":"https:\/\/www.lacopertaricamata.com\/es\/nuestras-habitaciones\/","og_site_name":"B&amp;B La coperta Ricamata, Siena","article_publisher":"https:\/\/www.facebook.com\/lacoperta.ricamata","article_modified_time":"2022-09-20T08:03:48+00:00","twitter_card":"summary_large_image","twitter_misc":{"Tiempo de lectura":"2 minutos"},"schema":{"@context":"https:\/\/schema.org","@graph":[{"@type":"WebPage","@id":"https:\/\/www.lacopertaricamata.com\/es\/nuestras-habitaciones\/","url":"https:\/\/www.lacopertaricamata.com\/es\/nuestras-habitaciones\/","name":"Nuestras habitaciones - B&amp;B La coperta Ricamata, Siena","isPartOf":{"@id":"https:\/\/www.lacopertaricamata.com\/es\/#website"},"datePublished":"2022-03-07T10:58:17+00:00","dateModified":"2022-09-20T08:03:48+00:00","description":"Todas las habitaciones, amplias y luminosas, tienen servicios propios con secador de pelo, poseen aire acondicionado, wi-fi y televisi\u00f3n por cable.","breadcrumb":{"@id":"https:\/\/www.lacopertaricamata.com\/es\/nuestras-habitaciones\/#breadcrumb"},"inLanguage":"es","potentialAction":[{"@type":"ReadAction","target":["https:\/\/www.lacopertaricamata.com\/es\/nuestras-habitaciones\/"]}]},{"@type":"BreadcrumbList","@id":"https:\/\/www.lacopertaricamata.com\/es\/nuestras-habitaciones\/#breadcrumb","itemListElement":[{"@type":"ListItem","position":1,"name":"Home","item":"https:\/\/www.lacopertaricamata.com\/es\/"},{"@type":"ListItem","position":2,"name":"Nuestras habitaciones"}]},{"@type":"WebSite","@id":"https:\/\/www.lacopertaricamata.com\/es\/#website","url":"https:\/\/www.lacopertaricamata.com\/es\/","name":"B&amp;B La coperta Ricamata, Siena","description":"Nel centro della citt&agrave; del Palio","publisher":{"@id":"https:\/\/www.lacopertaricamata.com\/es\/#organization"},"potentialAction":[{"@type":"SearchAction","target":{"@type":"EntryPoint","urlTemplate":"https:\/\/www.lacopertaricamata.com\/es\/?s={search_term_string}"},"query-input":"required name=search_term_string"}],"inLanguage":"es"},{"@type":"Organization","@id":"https:\/\/www.lacopertaricamata.com\/es\/#organization","name":"B&B La coperta Ricamata, Siena","url":"https:\/\/www.lacopertaricamata.com\/es\/","logo":{"@type":"ImageObject","inLanguage":"es","@id":"https:\/\/www.lacopertaricamata.com\/es\/#\/schema\/logo\/image\/","url":"https:\/\/www.lacopertaricamata.com\/wp-content\/uploads\/2022\/02\/logo.png","contentUrl":"https:\/\/www.lacopertaricamata.com\/wp-content\/uploads\/2022\/02\/logo.png","width":270,"height":103,"caption":"B&B La coperta Ricamata, Siena"},"image":{"@id":"https:\/\/www.lacopertaricamata.com\/es\/#\/schema\/logo\/image\/"},"sameAs":["https:\/\/www.facebook.com\/lacoperta.ricamata"]}]}},"_links":{"self":[{"href":"https:\/\/www.lacopertaricamata.com\/es\/wp-json\/wp\/v2\/pages\/1806"}],"collection":[{"href":"https:\/\/www.lacopertaricamata.com\/es\/wp-json\/wp\/v2\/pages"}],"about":[{"href":"https:\/\/www.lacopertaricamata.com\/es\/wp-json\/wp\/v2\/types\/page"}],"author":[{"embeddable":true,"href":"https:\/\/www.lacopertaricamata.com\/es\/wp-json\/wp\/v2\/users\/1"}],"replies":[{"embeddable":true,"href":"https:\/\/www.lacopertaricamata.com\/es\/wp-json\/wp\/v2\/comments?post=1806"}],"version-history":[{"count":4,"href":"https:\/\/www.lacopertaricamata.com\/es\/wp-json\/wp\/v2\/pages\/1806\/revisions"}],"predecessor-version":[{"id":2083,"href":"https:\/\/www.lacopertaricamata.com\/es\/wp-json\/wp\/v2\/pages\/1806\/revisions\/2083"}],"wp:attachment":[{"href":"https:\/\/www.lacopertaricamata.com\/es\/wp-json\/wp\/v2\/media?parent=1806"}],"curies":[{"name":"wp","href":"https:\/\/api.w.org\/{rel}","templated":true}]}}